{"id":20025,"date":"2024-06-06T14:09:06","date_gmt":"2024-06-06T14:09:06","guid":{"rendered":"https:\/\/contractworkplaces.com\/web\/?page_id=20025"},"modified":"2024-06-09T23:43:02","modified_gmt":"2024-06-09T23:43:02","slug":"politica-de-cookies","status":"publish","type":"page","link":"https:\/\/contractworkplaces.com\/web\/politica-de-cookies\/","title":{"rendered":"Pol\u00edtica de Cookies Contract Workplaces"},"content":{"rendered":"<h2>Pol\u00edtica de Cookies Contract Workplaces<\/h2>\n<p>CONTRACT WORKPLACES en adelante CONTRACT WORKPLACES presenta la siguiente pol\u00edtica con la finalidad de informarle de manera clara a los usuarios de la p\u00e1gina web https:\/\/contractworkplaces.com\/ qu\u00e9 tipo de cookies se usan.<b><\/b><\/p>\n<p><b>1. QU\u00c9 SON LAS COOKIES<\/b><\/p>\n<p><span style=\"font-weight: 400;\">Una cookie se refiere a un fichero que es enviado con la finalidad de solicitar permiso para almacenarse en su ordenador, al aceptar dicho fichero se crea y la cookie sirve entonces para tener informaci\u00f3n respecto al tr\u00e1fico web, y tambi\u00e9n facilita las futuras visitas a una web recurrente. Otra funci\u00f3n que tienen las cookies es que con ellas las web pueden reconocerte individualmente y por tanto brindarte el mejor servicio personalizado de su web.<\/span><\/p>\n<p><span style=\"font-weight: 400;\">Nuestro sitio web https:\/\/contractworkplaces.com\/\u00a0 emplea las cookies para poder identificar el contenido visitado y su frecuencia. Esta informaci\u00f3n es empleada \u00fanicamente para an\u00e1lisis estad\u00edstico y despu\u00e9s la informaci\u00f3n se elimina de forma permanente. El usuario puede eliminar las cookies en cualquier momento desde su ordenador. Sin embargo, las cookies ayudan a proporcionar un mejor servicio de los sitios web, \u00e9stas no dan acceso a informaci\u00f3n de su ordenador ni de usted, a menos de que usted as\u00ed lo quiera y la proporcione directamente . El usuario puede aceptar o negar el uso de cookies, sin embargo, la mayor\u00eda de navegadores aceptan cookies autom\u00e1ticamente pues sirve para tener un mejor servicio web. El usuario\u00a0 puede cambiar la configuraci\u00f3n de su ordenador para declinar las cookies. Si se declinan es posible que no pueda utilizar algunos de nuestros servicios de la p\u00e1gina web.<\/span><\/p>\n<p><b><\/b><b>2. TIPO DE COOKIES\u00a0<\/b><b><\/b><\/p>\n<p><span style=\"font-weight: 400;\">CONTRACT WORKPLACES utiliza los siguientes tipos de cookies:<\/span><\/p>\n<p>a) Propias de CONTRACT WORKPLACES: son aquellas que se env\u00edan al equipo terminal del usuario desde un equipo o dominio gestionado por CONTRACT WORKPLACES<\/p>\n<p>b) Terceros: son aquellas que se env\u00edan al equipo terminal del usuario desde un equipo o dominio que no es gestionado por CONTRACT WORKPLACES, sino por otra compa\u00f1\u00eda que trata los datos obtenidos a trav\u00e9s de las cookies.<\/p>\n<p>El sitio web https:\/\/contractworkplaces.com\/ podr\u00e1 incluir hiperv\u00ednculos o enlaces que permitan acceder a p\u00e1ginas web de terceros distintos a CONTRACT WORKPLACES y compartir la informaci\u00f3n para ofrecer servicios en nuestro sitio.<\/p>\n<p>c) Cookies Redes sociales: En https:\/\/contractworkplaces.com\/ se usan cookies de redes sociales. Las cookies de redes sociales son peque\u00f1os archivos de datos que se colocan en el dispositivo de un usuario cuando visita un sitio web que tiene integraci\u00f3n con plataformas de redes sociales como Facebook, Instagram, Twitter, entre otras. Estas cookies se utilizan para varios prop\u00f3sitos, que incluyen:<\/p>\n<ul>\n<li>Funcionalidad social: Permiten que el sitio web se integre con las funciones sociales de las plataformas, como botones de &#8220;Me gusta&#8221;, &#8220;Compartir&#8221; o &#8220;Seguir&#8221;.<\/li>\n<li>Seguimiento de la actividad: Las cookies de redes sociales pueden rastrear la actividad de un usuario en el sitio web y en la plataforma de redes sociales, lo que permite a las empresas adaptar mejor el contenido y la publicidad.<\/li>\n<li>Publicidad dirigida: Se utilizan para mostrar anuncios relevantes en funci\u00f3n de la actividad del usuario tanto en el sitio web como en las redes sociales.<\/li>\n<li>An\u00e1lisis: Ayudan a las plataformas de redes sociales a recopilar datos sobre c\u00f3mo se utiliza su sitio web fuera de la plataforma, lo que les permite mejorar sus servicios y dirigir mejor sus campa\u00f1as publicitarias.<\/li>\n<\/ul>\n<p>d) Publicitarias: Estas cookies permiten medir la efectividad de las campa\u00f1as en l\u00ednea de https:\/\/contractworkplaces.com\/, brindarle informaci\u00f3n de inter\u00e9s al Usuario y ofrecerle contenido publicitario de su elecci\u00f3n.<\/p>\n<p>Los titulares de los sitios web a los que puede estar conectada https:\/\/contractworkplaces.com\/ dispondr\u00e1n de sus propias pol\u00edticas de tratamientos de datos personales, pol\u00edticas de cookies y t\u00e9rminos y condiciones y CONTRACT WORKPLACES no tiene ning\u00fan control ni injerencia sobre las mismas.<\/p>\n<p>e) Preferencias: cookies que recuerdan datos sobre el navegador y la configuraci\u00f3n de preferencia que afectan al aspecto y al comportamiento de los Servicios (como el idioma de preferencia).<\/p>\n<p>f) Seguridad: cookies utilizadas para permitir el inicio de sesi\u00f3n y el acceso a los Servicios; proteger inicios de sesi\u00f3n fraudulentos y prevenir el uso indebido o el uso no autorizado de la cuenta del Usuario.<\/p>\n<p>g) Funcionales: cookies que almacenan ajustes funcionales. Son estrictamente necesarias para que los servicios funcionen correctamente, por lo que si las desactiva, algunas funcionalidades se detendr\u00e1n o no estar\u00e1n disponibles.<\/p>\n<p>h) Anal\u00edticas: Permiten almacenar informaci\u00f3n de los usuarios, realizada por la navegaci\u00f3n en la p\u00e1gina web, con el fin de crear un perfil de navegaci\u00f3n, permitiendo entender el uso realizado en la plataforma.<\/p>\n<p>i) Rendimiento: Son cookies que guardan informaci\u00f3n sobre la navegaci\u00f3n que realice el usuario en la p\u00e1gina Web y ayudan a identificar y solucionar problemas con el sitio permitiendo la implementaci\u00f3n de herramientas para brindar un mejor servicio.<\/p>\n<p>j) De sesi\u00f3n: cookies que realizan un seguimiento de las interacciones del Usuario con los Servicios para ayudarnos a mejorar los Servicios y la experiencia de navegaci\u00f3n del Usuario, a recordar la informaci\u00f3n de inicio de sesi\u00f3n y a permitir el procesamiento de las compras de cursos que realiza el Usuario.<\/p>\n<p>k) Permanentes o persistentes: Son aquellas mediante las cuales los datos siguen almacenados en el terminal y pueden ser accedidos y tratados durante un periodo definido.<\/p>\n<p><b>3. PARA QUE SE USAN LAS COOKIES\u00a0<\/b><\/p>\n<p><span style=\"font-weight: 400;\">Las funciones principales de las cookies en este sitio web son las siguientes:<\/span><\/p>\n<ul>\n<li style=\"font-weight: 400;\" aria-level=\"1\"><span style=\"font-weight: 400;\">Mejorar la calidad y navegaci\u00f3n del sitito web.<\/span><\/li>\n<li style=\"font-weight: 400;\" aria-level=\"1\"><span style=\"font-weight: 400;\">Identificar cuantas personas entran a la p\u00e1gina web y a los enlaces de los diferentes servicios que ofrece CONTRACT WORKPLACES de esta manera identificar las preferencias de los usuarios,<\/span> <span style=\"font-weight: 400;\">ver la efectividad de la publicidad.\u00a0<\/span><\/li>\n<li style=\"font-weight: 400;\" aria-level=\"1\"><span style=\"font-weight: 400;\">Identificar los errores que presenta el sitio web.<\/span><\/li>\n<li style=\"font-weight: 400;\" aria-level=\"1\"><span style=\"font-weight: 400;\">Saber de que lugares est\u00e1n accediendo los usuarios.<\/span><\/li>\n<li style=\"font-weight: 400;\" aria-level=\"1\"><span style=\"font-weight: 400;\">Saber si el usuario que est\u00e1 accediendo es nuevo o repite visita.<\/span><\/li>\n<li style=\"font-weight: 400;\" aria-level=\"1\"><span style=\"font-weight: 400;\">Idioma seleccionado en el que quiere ver la web.<\/span><\/li>\n<li style=\"font-weight: 400;\" aria-level=\"1\"><span style=\"font-weight: 400;\">Proporcionar publicidad basada en intereses.<\/span><\/li>\n<li style=\"font-weight: 400;\" aria-level=\"1\"><span style=\"font-weight: 400;\">Almacenar su contrase\u00f1a si est\u00e1 registrado en nuestro sitio.<\/span><span style=\"font-weight: 400;\">\u00a0<\/span><\/li>\n<li style=\"font-weight: 400;\" aria-level=\"1\"><span style=\"font-weight: 400;\">Las \u00faltimas b\u00fasquedas realizadas en los servicios de la web.<\/span><\/li>\n<li style=\"font-weight: 400;\" aria-level=\"1\"><span style=\"font-weight: 400;\">Informaci\u00f3n sobre los anuncios que se muestran al usuario.<\/span><\/li>\n<li style=\"font-weight: 400;\" aria-level=\"1\"><span style=\"font-weight: 400;\">Crear un perfil para la personalizaci\u00f3n de contenido<\/span><\/li>\n<\/ul>\n<p><strong>4.<\/strong> <b>TIPO DE INFORMACI\u00d3N QUE SE RECOLECTA<\/b><\/p>\n<p><span style=\"font-weight: 400;\">Las cookies recolectan informaci\u00f3n que muchas veces no est\u00e1 dirigida espec\u00edficamente a la persona pero que puede llegar a hacerla identificable, ya que est\u00e1 asociada a un navegador web. Algunos de los datos o informaci\u00f3n que se recolecta por medio de las cookies puede ser la siguiente:<\/span><\/p>\n<ul>\n<li><span style=\"font-weight: 400;\">Configuraci\u00f3n de los sitios web<\/span><\/li>\n<li><span style=\"font-weight: 400;\">Idioma\u00a0<\/span><\/li>\n<li><span style=\"font-weight: 400;\">Ubicaci\u00f3n desde donde se conecta<\/span><\/li>\n<li><span style=\"font-weight: 400;\">Direcci\u00f3n IP<\/span><\/li>\n<li><span style=\"font-weight: 400;\">URL<\/span><\/li>\n<li><span style=\"font-weight: 400;\">Navegador que utiliza<\/span><\/li>\n<li><span style=\"font-weight: 400;\">V\u00ednculos en los que hace click\u00a0<\/span><\/li>\n<li aria-level=\"1\"><span style=\"font-weight: 400;\">Cantidad de tiempo que pasa dentro de la p\u00e1gina web<\/span><\/li>\n<\/ul>\n<p><b><br \/>5. ACEPTACI\u00d3N DEL USO DE COOKIES<\/b><\/p>\n<p><span style=\"font-weight: 400;\">El aviso de cookies del sitio web https:\/\/contractworkplaces.com\/ que aparece tan pronto como el Usuario entra a la p\u00e1gina, explica las finalidades para las cuales van a ser usados los datos que se recolectan por medio de estas herramientas y remite al Usuario a la aceptaci\u00f3n o configuraci\u00f3n de las cookies y a estas Pol\u00edticas para que pueda entender en detalle el tipo de cookies que se usar\u00e1n<\/span><\/p>\n<p><span style=\"font-weight: 400;\">La aceptaci\u00f3n del uso de cookies mediante el bot\u00f3n de \u201caceptar\u201d indica que el usuario est\u00e1 autorizando de manera previa, expresa e informada a CONTRACT WORKPLACES al uso de los datos que se recolectar\u00e1n por medio de estas herramientas.\u00a0<\/span><\/p>\n<p><b>6. BLOQUEO O DESACTIVACI\u00d3N DE LAS COOKIES<\/b><\/p>\n<p><span style=\"font-weight: 400;\">El usuario puede cambiar la configuraci\u00f3n de navegaci\u00f3n para inhabilitar, impedir o bloquear la instalaci\u00f3n de cookies.\u00a0 Si lo hace, es posible que el Usuario no pueda utilizar algunas o todas las funciones de los Servicios, y su experiencia puede ser diferente o menos funcional.\u00a0<\/span><\/p>\n<p><b>7. ACTUALIZACIONES Y CAMBIOS EN LA POL\u00cdTICA DE COOKIES:<\/b><b><\/b><\/p>\n<p><span style=\"font-weight: 400;\">CONTRACT WORKPLACES se reserva el derecho a modificar, limitar, suprimir o adicionar esta Pol\u00edtica de Cookies, a su sola discreci\u00f3n, en funci\u00f3n de exigencias legislativas, reglamentarias o para mejorar el funcionamiento de la p\u00e1gina. Por lo tanto, de realizarse cambios en el documento, se informar\u00e1 a los usuarios en nuestra p\u00e1gina web https:\/\/contractworkplaces.com\/<\/span><\/p>\n<p><b>8. INFORMACI\u00d3N ADICIONAL\u00a0<\/b><\/p>\n<p><span style=\"font-weight: 400;\">El usuario podr\u00e1 consultar informaci\u00f3n adicional sobre el tratamiento de su informaci\u00f3n personal, en particular sobre sus derechos y canales para ejercer el ejercicio de los mismos, en la Pol\u00edtica de Tratamiento de Datos Personales que se encuentra ubicada en CONTRACT WORKPLACES o a trav\u00e9s del correo electr\u00f3nico contacto[arroba]contractworkplaces.com<\/span><\/p>\n\n\n<style>body.page-id-20025 .entry-content{width: calc(84% - 30px);max-width:1250px;margin:10vh auto 10vh auto;}}<\/style>\n","protected":false},"excerpt":{"rendered":"<p>Pol\u00edtica de Cookies Contract Workplaces CONTRACT WORKPLACES en adelante CONTRACT WORKPLACES presenta la siguiente pol\u00edtica con la finalidad de informarle de manera clara a los usuarios de la p\u00e1gina web https:\/\/contractworkplaces.com\/ qu\u00e9 tipo de cookies se usan. 1. QU\u00c9 SON LAS COOKIES Una cookie se refiere a un fichero que es enviado con la finalidad&#8230;<\/p>\n","protected":false},"author":18,"featured_media":0,"parent":0,"menu_order":0,"comment_status":"closed","ping_status":"closed","template":"","meta":{"_acf_changed":false,"content-type":"","footnotes":""},"class_list":["post-20025","page","type-page","status-publish","hentry"],"acf":[],"yoast_head":"<!-- This site is optimized with the Yoast SEO plugin v25.0 - https:\/\/yoast.com\/wordpress\/plugins\/seo\/ -->\n<title>Pol\u00edtica de Cookies Contract Workplaces - Contract Workplaces<\/title>\n<meta name=\"robots\" content=\"noindex, nofollow\" \/>\n<meta property=\"og:locale\" content=\"es_ES\" \/>\n<meta property=\"og:type\" content=\"article\" \/>\n<meta property=\"og:title\" content=\"Pol\u00edtica de Cookies Contract Workplaces - Contract Workplaces\" \/>\n<meta property=\"og:description\" content=\"Pol\u00edtica de Cookies Contract Workplaces CONTRACT WORKPLACES en adelante CONTRACT WORKPLACES presenta la siguiente pol\u00edtica con la finalidad de informarle de manera clara a los usuarios de la p\u00e1gina web https:\/\/contractworkplaces.com\/ qu\u00e9 tipo de cookies se usan. 1. QU\u00c9 SON LAS COOKIES Una cookie se refiere a un fichero que es enviado con la finalidad...\" \/>\n<meta property=\"og:url\" content=\"https:\/\/contractworkplaces.com\/web\/politica-de-cookies\/\" \/>\n<meta property=\"og:site_name\" content=\"Contract Workplaces\" \/>\n<meta property=\"article:modified_time\" content=\"2024-06-09T23:43:02+00:00\" \/>\n<meta name=\"twitter:card\" content=\"summary_large_image\" \/>\n<meta name=\"twitter:label1\" content=\"Tiempo de lectura\" \/>\n\t<meta name=\"twitter:data1\" content=\"7 minutos\" \/>\n<script type=\"application\/ld+json\" class=\"yoast-schema-graph\">{\"@context\":\"https:\/\/schema.org\",\"@graph\":[{\"@type\":\"WebPage\",\"@id\":\"https:\/\/contractworkplaces.com\/web\/politica-de-cookies\/\",\"url\":\"https:\/\/contractworkplaces.com\/web\/politica-de-cookies\/\",\"name\":\"Pol\u00edtica de Cookies Contract Workplaces - Contract Workplaces\",\"isPartOf\":{\"@id\":\"https:\/\/contractworkplaces.com\/web\/#website\"},\"datePublished\":\"2024-06-06T14:09:06+00:00\",\"dateModified\":\"2024-06-09T23:43:02+00:00\",\"breadcrumb\":{\"@id\":\"https:\/\/contractworkplaces.com\/web\/politica-de-cookies\/#breadcrumb\"},\"inLanguage\":\"es-AR\",\"potentialAction\":[{\"@type\":\"ReadAction\",\"target\":[\"https:\/\/contractworkplaces.com\/web\/politica-de-cookies\/\"]}]},{\"@type\":\"BreadcrumbList\",\"@id\":\"https:\/\/contractworkplaces.com\/web\/politica-de-cookies\/#breadcrumb\",\"itemListElement\":[{\"@type\":\"ListItem\",\"position\":1,\"name\":\"Home\",\"item\":\"https:\/\/contractworkplaces.com\/web\/\"},{\"@type\":\"ListItem\",\"position\":2,\"name\":\"Pol\u00edtica de Cookies Contract Workplaces\"}]},{\"@type\":\"WebSite\",\"@id\":\"https:\/\/contractworkplaces.com\/web\/#website\",\"url\":\"https:\/\/contractworkplaces.com\/web\/\",\"name\":\"Contract Workplaces\",\"description\":\"Dise\u00f1o y construcci\u00f3n de oficinas\",\"potentialAction\":[{\"@type\":\"SearchAction\",\"target\":{\"@type\":\"EntryPoint\",\"urlTemplate\":\"https:\/\/contractworkplaces.com\/web\/?s={search_term_string}\"},\"query-input\":{\"@type\":\"PropertyValueSpecification\",\"valueRequired\":true,\"valueName\":\"search_term_string\"}}],\"inLanguage\":\"es-AR\"}]}<\/script>\n<!-- \/ Yoast SEO plugin. -->","yoast_head_json":{"title":"Pol\u00edtica de Cookies Contract Workplaces - Contract Workplaces","robots":{"index":"noindex","follow":"nofollow"},"og_locale":"es_ES","og_type":"article","og_title":"Pol\u00edtica de Cookies Contract Workplaces - Contract Workplaces","og_description":"Pol\u00edtica de Cookies Contract Workplaces CONTRACT WORKPLACES en adelante CONTRACT WORKPLACES presenta la siguiente pol\u00edtica con la finalidad de informarle de manera clara a los usuarios de la p\u00e1gina web https:\/\/contractworkplaces.com\/ qu\u00e9 tipo de cookies se usan. 1. QU\u00c9 SON LAS COOKIES Una cookie se refiere a un fichero que es enviado con la finalidad...","og_url":"https:\/\/contractworkplaces.com\/web\/politica-de-cookies\/","og_site_name":"Contract Workplaces","article_modified_time":"2024-06-09T23:43:02+00:00","twitter_card":"summary_large_image","twitter_misc":{"Tiempo de lectura":"7 minutos"},"schema":{"@context":"https:\/\/schema.org","@graph":[{"@type":"WebPage","@id":"https:\/\/contractworkplaces.com\/web\/politica-de-cookies\/","url":"https:\/\/contractworkplaces.com\/web\/politica-de-cookies\/","name":"Pol\u00edtica de Cookies Contract Workplaces - Contract Workplaces","isPartOf":{"@id":"https:\/\/contractworkplaces.com\/web\/#website"},"datePublished":"2024-06-06T14:09:06+00:00","dateModified":"2024-06-09T23:43:02+00:00","breadcrumb":{"@id":"https:\/\/contractworkplaces.com\/web\/politica-de-cookies\/#breadcrumb"},"inLanguage":"es-AR","potentialAction":[{"@type":"ReadAction","target":["https:\/\/contractworkplaces.com\/web\/politica-de-cookies\/"]}]},{"@type":"BreadcrumbList","@id":"https:\/\/contractworkplaces.com\/web\/politica-de-cookies\/#breadcrumb","itemListElement":[{"@type":"ListItem","position":1,"name":"Home","item":"https:\/\/contractworkplaces.com\/web\/"},{"@type":"ListItem","position":2,"name":"Pol\u00edtica de Cookies Contract Workplaces"}]},{"@type":"WebSite","@id":"https:\/\/contractworkplaces.com\/web\/#website","url":"https:\/\/contractworkplaces.com\/web\/","name":"Contract Workplaces","description":"Dise\u00f1o y construcci\u00f3n de oficinas","potentialAction":[{"@type":"SearchAction","target":{"@type":"EntryPoint","urlTemplate":"https:\/\/contractworkplaces.com\/web\/?s={search_term_string}"},"query-input":{"@type":"PropertyValueSpecification","valueRequired":true,"valueName":"search_term_string"}}],"inLanguage":"es-AR"}]}},"_links":{"self":[{"href":"https:\/\/contractworkplaces.com\/web\/wp-json\/wp\/v2\/pages\/20025","targetHints":{"allow":["GET"]}}],"collection":[{"href":"https:\/\/contractworkplaces.com\/web\/wp-json\/wp\/v2\/pages"}],"about":[{"href":"https:\/\/contractworkplaces.com\/web\/wp-json\/wp\/v2\/types\/page"}],"author":[{"embeddable":true,"href":"https:\/\/contractworkplaces.com\/web\/wp-json\/wp\/v2\/users\/18"}],"replies":[{"embeddable":true,"href":"https:\/\/contractworkplaces.com\/web\/wp-json\/wp\/v2\/comments?post=20025"}],"version-history":[{"count":0,"href":"https:\/\/contractworkplaces.com\/web\/wp-json\/wp\/v2\/pages\/20025\/revisions"}],"wp:attachment":[{"href":"https:\/\/contractworkplaces.com\/web\/wp-json\/wp\/v2\/media?parent=20025"}],"curies":[{"name":"wp","href":"https:\/\/api.w.org\/{rel}","templated":true}]}}