{"id":18997,"date":"2023-05-10T18:53:35","date_gmt":"2023-05-10T18:53:35","guid":{"rendered":"https:\/\/contractworkplaces.com\/web\/?page_id=18997"},"modified":"2024-06-09T23:42:51","modified_gmt":"2024-06-09T23:42:51","slug":"terminos-y-condiciones","status":"publish","type":"page","link":"https:\/\/contractworkplaces.com\/web\/terminos-y-condiciones\/","title":{"rendered":"T\u00e9rminos y Condiciones"},"content":{"rendered":"<h2>T\u00e9rminos y Condiciones<\/h2>\n<p>1. Acuerdo obligatorio. Cambios al Sitio.<br \/>Previo a ingresar y utilizar este Sito de Internet (en adelante este o el \u201cSitio\u201d) de propiedad Contract Rent Argentina S.A. (en adelante \u201cContract\u201d) Ud. deber\u00e1 aceptar los t\u00e9rminos y condiciones para su uso que aqu\u00ed se establecen (el \u201cAcuerdo de Usuario\u201d). El acceso a cualquiera de las \u00e1reas de este Sitio y\/o el pedido de cualquier producto o servicio a trav\u00e9s del uso de este Sitio importa el conocimiento de este acuerdo y su aceptaci\u00f3n por usted (el \u201cUsuario\u201d) con la consiguiente obligaci\u00f3n de respetar los t\u00e9rminos y condiciones contenidos en este Acuerdo de Usuario. Si Ud. no desea aceptar estos t\u00e9rminos y condiciones no podr\u00e1 acceder a este Sitio. Contract podr\u00e1 enmendar, ampliar o de cualquier forma y con cualquier alcance modificar este Acuerdo de Usuario en cualquier momento y sin necesidad de aviso previo, y dicha modificaci\u00f3n ser\u00e1 efectiva inmediatamente a la publicaci\u00f3n en este Sitio. Usted debe y se obliga a revisar este Acuerdo de Usuario en cada oportunidad en que acceda a este Sitio para estar enterado de dichas enmiendas, ampliaciones y\/o modificaciones y el acceso o uso continuo de este Sitio se considerar\u00e1 su aceptaci\u00f3n terminante del Acuerdo de Usuario enmendado, ampliado y\/o modificado.<\/p>\n<p>2. Derechos de autor y marcas.<br \/>Este Sitio y su Contenido (seg\u00fan se define adelante) est\u00e1n protegidos por las leyes sobre derechos de autor y\/o marcas de f\u00e1brica y\/o propiedad intelectual y\/o secretos comerciales. Contract y el logotipo de Contract son marcas registradas. Toda otra marca de f\u00e1brica, nombre de productos, y nombres y logotipos de compa\u00f1\u00edas que se usen en este Sitio son propiedad de sus titulares respectivos. El Usuario deber\u00e1 obtener, por escrito, el permiso correspondiente de dichos titulares antes de copiar o usar dichas marcas de f\u00e1brica, nombres de productos y nombres de compa\u00f1\u00edas y logotipos. La informaci\u00f3n, datos, programas, fotograf\u00edas, gr\u00e1ficas, videos, m\u00fasica, sonidos, t\u00edtulos o encabezamientos de p\u00e1ginas, gr\u00e1ficas dise\u00f1adas a la medida, los botones de los \u00edconos y cualquier otro elemento y\/o materiales que este Sitio contenga bajo cualquier formato, como as\u00ed tambi\u00e9n el Sitio en su totalidad e integralidad (colectivamente, el \u201cContenido\u201d) est\u00e1n protegidos por los derechos de autor y\/o marcas de f\u00e1brica y\/o secretos comerciales y\/o de propiedad intelectual. Adem\u00e1s, este Sitio est\u00e1 protegido bajo los derechos de autor y Contract es la titular de los derechos de autor sobre la selecci\u00f3n, coordinaci\u00f3n, disposici\u00f3n y mejora de todo el Contenido. El Usuario no podr\u00e1 remover, eliminar, aumentar, a\u00f1adir, ni de cualquier otra forma modificar total o parcialmente el Contenido, como tampoco publicar, transmitir, participar en la transferencia o venta, ya sea total o parcial, del Contenido, asimismo se proh\u00edbe al Usuario crear obras derivativas y\/o de cualquier manera explotar el Contenido, ya sea total o parcialmente.<\/p>\n<p>3. Derecho sobre los Datos e Informaci\u00f3n.<br \/>El Usuario al colocar cualquier informaci\u00f3n, datos, programas, fotograf\u00edas, gr\u00e1ficas, videos, m\u00fasica, sonidos y\/o cualquier otro material o elemento en el Sitio y\/o de otro modo transmitir cualquier informaci\u00f3n datos, programas, fotograf\u00edas, gr\u00e1ficas, videos, m\u00fasica, sonidos y\/o cualquier otro material o elemento a Contract, le confiere a Contract una licencia no exclusiva, irrevocable, gratuita, sin regal\u00edas, global y por tiempo indefinido, con el derecho a, bajo cualquier forma, modalidad y\/o medios conocidos al presente o que se desarrollen en el futuro, sublicenciar, reproducir, distribuir, transmitir, crear obras derivativas , desplegar p\u00fablicamente y\/o utilizarlos de cualquier modo o forma que estime conveniente pudiendo incluso modificarlos como considere conveniente (incluyendo, entre otros y sin limitarse a, incorporarlos a productos y\/o servicios nuevos o mejorados) en todas las formas y en todos lo medios conocidos al presente o que se desarrollen en el futuro. Usted adem\u00e1s le confiere a Contractl el derecho irrevocable a usar toda otra informaci\u00f3n sobre su identificaci\u00f3n o identidad existente en el presente o en el futuro en las \u00e1reas p\u00fablicas del Sitio (como los tablones de edicto, foros o grupos de noticias) con el objeto de utilizarla, entre otros y sin ser limitativos, con fines publicitarios, mercadeo y\/o marketing y\/o promoci\u00f3n. Usted reconoce y acepta que no tendr\u00e1 derecho a reclamo alguno contra Contract por el uso y\/o utilizaci\u00f3n que esta hiciere de los elementos o materiales antes mencionados fundado en el derecho de autor y\/o derecho propiedad intelectual y\/o en cualquier otro derecho o disposici\u00f3n legal o normativa. EL USUARIO RECONOCE EXPRESAMENTE QUE AL INGRESAR A ESTE SITIO OTORGA A CONTRACT SU CONSENTIMIENTO LIBRE, EXPRESO E INFORMADO PARA UTILIZAR, RECOGER, ALMACENAR Y TRATAR TODOS SUS DATOS PERSONALES CUALQUIERA SEA SU NATURALEZA Y\/O ESPECIE BAJO CUALQUIER MODALIDAD Y\/O FIN, INCLUSO CEDERLOS A TERCEROS EN CUALQUIER MOMENTO. ASIMISMO RECONOCE QUE TIENE CONOCIMIENTO ACABADO DE: 1.- LA FINALIDAD O FINALIDADES CON QUE SER\u00c1N UTILIZADOS Y QUIENES PUEDEN SER LOS DESTINATARIOS DE TALES DATOS. 2.- LA CONSECUENCIA DE PROPORCIONAR LOS DATOS Y LA NEGATIVA DE NO HACERLO. 3.- CUALQUIER OTRO REQUISITO O RECAUDO EXIGIDO POR LA LEGISLACI\u00d3N VIGENTE. El Usuario, en cualquier caso, de la veracidad, exactitud, vigencia y autenticidad de los Datos Personales que ingresen al Sitiio, y se comprometen a mantenerla debidamente actualizada. No obstante lo anterior, el Usuario titular de los Datos Personales tiene la facultad de ejercer el derecho de acceso a los mismos en forma gratuita en los casos y condiciones establecidos en la ley 25.326 y sus disposiciones reglamentarias y complementarias (en adelante y en conjunto la \u201cLDP\u201d). Asimismo, el Usuario titular de los Datos Personales podr\u00e1 rectificados, actualizados y, cuando corresponda suprimidos o sometidos a confidencialidad en los casos y bajo los mecanismos establecidos por la LDP y ejercer los restantes derechos fijados en la LDP.<\/p>\n<p>4. Contenido que sea propiedad de terceros.<br \/>EL USUARIO RECONOCE Y ACEPTA EXPRESAMENTE Y SIN LIMITACI\u00d3N ALGUNA QUE: i) Contract no se responsabiliza por cualesquiera opiniones, asesor\u00eda, declaraciones, servicios u otra informaci\u00f3n como Contenido incorpore el Usuario o cualquier tercero al Sitio. ii) Contract no garantiza la exactitud, integridad o utilidad de dicho Contenido y el Usuario es el \u00fanico responsable en evaluar la exactitud de dicho Contenido ni los da\u00f1os y\/o perjuicios que su utilizaci\u00f3n pueda producir. iii) Deber\u00e1 dar cumplimiento con relaci\u00f3n al Contenido del Sitio a toda la normativa vigente, entre otra y sin pretender ser taxativos la relativa a la protecci\u00f3n de los datos personales.<\/p>\n<p>5. Cumplimento de la Ley y la normativa general.<br \/>Este sitio s\u00f3lo podr\u00e1 utilizarse con fines l\u00edcitos. Se proh\u00edbe toda actividad, cualquiera sea su naturaleza, violatoria de cualquier ley, reglamento o norma. El Usuario no colocar\u00e1 ni transmitir\u00e1 a trav\u00e9s de este Sitio cualquier material que sea ilegal, perjudicial, amenazador, ofensivo, hostigador, difamatorio, vulgar, obsceno, expl\u00edcito sexualmente, irreverente, que incite al odio, ni material que sea racial o \u00e9tnicamente objetable, ni cualquier otra clase de material objetable o discriminatorio que fomente una conducta que constituya ofensa criminal, resulte en responsabilidad civil o que de otro modo viole las leyes aplicables. Se proh\u00edbe toda conducta del Usuario que, a exclusivo y excluyente juicio de Contract, viole los derechos de propiedad de terceros, o restrinja o inhiba a cualquier otro usuario de usar o disfrutar del Sitio. El Usuario conoce que existen o pueden existir p\u00e1ginas, links o espacios en el Sitio de acceso o uso restringido, posibilit\u00e1ndose \u00fanicamente el ingreso a ellos con claves de acceso o \u201cpasswords\u201d. En tal sentido, el Usuario reconoce que ser\u00e1 el \u00fanico responsable de la administraci\u00f3n de las claves de acceso que posea o adquiera para el acceso a tal espacio, as\u00ed como reconoce que Contract no ser\u00e1 responsable por el uso que pueda hacer el Usuario o quienes \u00e9ste determine de dichas p\u00e1ginas, links o espacios en el Sitio de acceso o uso restringido. El Usuario igualmente se compromete a no ingresar o tratar de ingresar a los espacios restringidos o de acceso limitado para los que no est\u00e9 autorizado a acceder. El Usuario se compromete a dar cumplimiento a las pol\u00edticas establecidas o referenciadas en este Sitio.<\/p>\n<p>6. Garant\u00edas, limitaci\u00f3n de responsabilidad.<br \/>El Usuario reconoce y acepta que el uso de este Sitio es bajo su propio y exclusivo riesgo. Contract, ni sus afiliadas y\/o vinculadas, ni ninguno de sus oficiales, directores o empleados, agentes, suministradores de contenido, vendedores, concesionarios, o personas similares, garantizan que el uso de este Sitio no tendr\u00e1 interrupciones, fallas y\/o errores; ni tampoco garantizan los resultados que se puedan obtener del uso de este Sitio, o sobre su exactitud, confiabilidad, calidad o vigencia de la informaci\u00f3n, el Contenido, servicio o mercanc\u00edas suministradas a trav\u00e9s del Sitio. El Usuario reconoce y acepta que ni Contract, ni ninguna de sus vinculadas, o afiliadas o subsidiarias, ni los directores, empleados o representantes de cualesquiera de ellos, es responsable por da\u00f1os que surjan de o resulten del uso de este Sitio, incluyendo cualquier error, omisi\u00f3n, interrupci\u00f3n, falla, eliminaci\u00f3n de archivos o correos electr\u00f3nicos (e-mails), defectos, virus, y\/o demoras en la operaci\u00f3n o transmisi\u00f3n y\/o de cualquier otro tipo. El Usuario reconoce y acepta que la presente es una limitaci\u00f3n amplia de responsabilidad que aplica a todos los da\u00f1os sin importar el tipo, incluyendo da\u00f1os compensatorios, directos o indirectos, p\u00e9rdida de datos, ingresos o ganancias, perjuicios, p\u00e9rdida de o da\u00f1o a la propiedad y\/o reclamaciones de terceros.<\/p>\n<p>7. Privacidad. Publicidad.<br \/>Sin perjuicio de lo dispuesto en los anteriores puntos del presente Acuerdo de Usuario y de las autorizaciones por Usted conferidas, Contract respeta la privacidad de la informaci\u00f3n de los usuarios de este Sitio y la comunicaci\u00f3n electr\u00f3nica en general y a las leyes aplicables en la materia. No obstante lo anterior y en cumplimiento con las leyes aplicables o a requerimiento de las autoridades nacionales, provinciales y municipales o internacionales Contract podr\u00eda verse requerida de proporcionar, cierta informaci\u00f3n personal. Adem\u00e1s, Contract podr\u00eda decidir inspeccionar las \u00e1reas de este Sitio a las cuales los usuarios podr\u00edan someter materiales, y podr\u00eda divulgar cualquier Contenido, archivos o r\u00e9cords, o comunicaciones electr\u00f3nicas de cualquier clase para satisfacer cualquier ley, reglamento, o requerimiento gubernamental. El Usuario podr\u00e1 de vez en cuando brindar informaci\u00f3n con respecto a sus gustos, evaluaciones y preferencias. Contract usa su perfil de informaci\u00f3n personal para crear un contenido, servicios y publicidad personalizados sobre o relacionados con Contract y las ofertas de productos y servicios que Contract pueda proveerle.<\/p>\n<p>8. Terminaci\u00f3n del acceso; Supervivencia de los t\u00e9rminos.<br \/>Contract podr\u00e1, en cualquier momento, terminar o suspender el acceso que usted tenga a todo o parte de este Sitio sin aviso previo y sin responsabilidad alguna hacia usted, por cualquier conducta suya que Contract conforme su exclusivo y excluyente criterio, considere que ha violado el Acuerdo de Usuario. Sin perjuicio de ello, Contract en cualquier momento, sin invocaci\u00f3n de causa y sin previo aviso, podr\u00e1 suspender o terminar el acceso que Usted tenga a todo o parte de este sitio; sin que ello genere derecho a reclamo o indemnizaci\u00f3n alguna. Ni la terminaci\u00f3n o suspensi\u00f3n del acceso, ni cualquier acci\u00f3n o inacci\u00f3n del Usuario, terminar\u00e1 las disposiciones de este Acuerdo de Usuario. Dichas Secciones permanecer\u00e1n en plena fuerza y vigor de forma indefinida, sujetas s\u00f3lo a cualquier cambio que Contract haga de conformidad con la Secci\u00f3n 1 de este Acuerdo de Usuario.<\/p>\n<p>9. Links a otros sitios.<br \/>Este Sitio puede contener links o tener accesos a la conexi\u00f3n con otros sitios o p\u00e1ginas web de terceros y \u00e9stos a su vez a otros (Sitios Linkeados). Los Sitios Linkeados no est\u00e1n bajo el control de Contract por lo que Contract no es responsable por sus contenidos y Ud. asume toda responsabilidad por dichas conexiones o links directos o indirectos, as\u00ed como por los contenidos en los Sitios Linkeados, sus cambios o actualizaciones. Especialmente (sin pretender ser taxativo) Contract excluye toda responsabilidad por \u201cwebcasting\u201d o cualquier otro tipo de transmisi\u00f3n recibida por cualquier Sitio Linkeado; o por el incorrecto o ilegal funcionamiento del Sitio Linkeado. Contract ofrece los links para que Ud. eval\u00fae su conveniencia en usarlos, pero no importa que Contract los avale o de cualquier modo los respalde o est\u00e9 asociado a ellos. Ud. se compromete al ingresar a los Sitios Linkeados ha observar las reglas y pol\u00edticas por ellos fijadas. Contract no tiene responsabilidad y Ud. espec\u00edficamente deslinda toda obligaci\u00f3n de Contract, referida a cualquier compromiso o convenio con terceras partes (incluyendo publicidad o avisos) que Ud. sin la participaci\u00f3n espec\u00edfica de Contract (sea o no a trav\u00e9s de Sitios Linkeados) asuma con ellos a\u00fan si fuere relativa a su participaci\u00f3n en promociones, incluyendo o no el env\u00edo de cosas o servicios.<\/p>\n<p>10. Cesi\u00f3n.<br \/>Contract podr\u00e1 ceder sus derechos y obligaciones bajo este Acuerdo de Usuario a cualquier parte en cualquier momento sin previo aviso a usted.<\/p>\n<p>11. Finales.<br \/>Este Acuerdo de Usuario se regir\u00e1 e interpretar\u00e1 de acuerdo con las leyes de la Rep\u00fablica Argentina. Usted conviene en que cualquier acci\u00f3n o procedimiento legal entre Contract y usted por cualquier prop\u00f3sito respecto a este Acuerdo de Usuario o este Sitio o las obligaciones de las partes bajo ellos, se entablar\u00e1n exclusivamente en los tribunal y comerciales de la Capital Federal. El dejar de insistir o no hacer valer el cumplimiento estricto de cualquier disposici\u00f3n o derecho que este Acuerdo de Usuario otorgue a Contract no se interpretar\u00e1 como una renuncia alguna hacia los mismos por parte de Contract. Toda notificaci\u00f3n u otra comunicaci\u00f3n que deba efectuarse bajo el presente, deber\u00e1 realizarse por escrito y medio fehaciente al siguiente domicilio.<\/p>\n\n\n<style>body.page-id-18997 .entry-content{width: calc(84% - 30px);max-width:1250px;margin:10vh auto 10vh auto;}}<\/style>\n","protected":false},"excerpt":{"rendered":"<p>T\u00e9rminos y Condiciones 1. Acuerdo obligatorio. Cambios al Sitio.Previo a ingresar y utilizar este Sito de Internet (en adelante este o el \u201cSitio\u201d) de propiedad Contract Rent Argentina S.A. (en adelante \u201cContract\u201d) Ud. deber\u00e1 aceptar los t\u00e9rminos y condiciones para su uso que aqu\u00ed se establecen (el \u201cAcuerdo de Usuario\u201d). El acceso a cualquiera de&#8230;<\/p>\n","protected":false},"author":18,"featured_media":0,"parent":0,"menu_order":0,"comment_status":"closed","ping_status":"closed","template":"","meta":{"_acf_changed":false,"content-type":"","footnotes":""},"class_list":["post-18997","page","type-page","status-publish","hentry"],"acf":[],"yoast_head":"<!-- This site is optimized with the Yoast SEO plugin v25.0 - https:\/\/yoast.com\/wordpress\/plugins\/seo\/ -->\n<title>T\u00e9rminos y Condiciones - Contract Workplaces<\/title>\n<meta name=\"robots\" content=\"noindex, nofollow\" \/>\n<meta property=\"og:locale\" content=\"es_ES\" \/>\n<meta property=\"og:type\" content=\"article\" \/>\n<meta property=\"og:title\" content=\"T\u00e9rminos y Condiciones - Contract Workplaces\" \/>\n<meta property=\"og:description\" content=\"T\u00e9rminos y Condiciones 1. Acuerdo obligatorio. Cambios al Sitio.Previo a ingresar y utilizar este Sito de Internet (en adelante este o el \u201cSitio\u201d) de propiedad Contract Rent Argentina S.A. (en adelante \u201cContract\u201d) Ud. deber\u00e1 aceptar los t\u00e9rminos y condiciones para su uso que aqu\u00ed se establecen (el \u201cAcuerdo de Usuario\u201d). El acceso a cualquiera de...\" \/>\n<meta property=\"og:url\" content=\"https:\/\/contractworkplaces.com\/web\/terminos-y-condiciones\/\" \/>\n<meta property=\"og:site_name\" content=\"Contract Workplaces\" \/>\n<meta property=\"article:modified_time\" content=\"2024-06-09T23:42:51+00:00\" \/>\n<meta name=\"twitter:card\" content=\"summary_large_image\" \/>\n<meta name=\"twitter:label1\" content=\"Tiempo de lectura\" \/>\n\t<meta name=\"twitter:data1\" content=\"11 minutos\" \/>\n<script type=\"application\/ld+json\" class=\"yoast-schema-graph\">{\"@context\":\"https:\/\/schema.org\",\"@graph\":[{\"@type\":\"WebPage\",\"@id\":\"https:\/\/contractworkplaces.com\/web\/terminos-y-condiciones\/\",\"url\":\"https:\/\/contractworkplaces.com\/web\/terminos-y-condiciones\/\",\"name\":\"T\u00e9rminos y Condiciones - Contract Workplaces\",\"isPartOf\":{\"@id\":\"https:\/\/contractworkplaces.com\/web\/#website\"},\"datePublished\":\"2023-05-10T18:53:35+00:00\",\"dateModified\":\"2024-06-09T23:42:51+00:00\",\"breadcrumb\":{\"@id\":\"https:\/\/contractworkplaces.com\/web\/terminos-y-condiciones\/#breadcrumb\"},\"inLanguage\":\"es-AR\",\"potentialAction\":[{\"@type\":\"ReadAction\",\"target\":[\"https:\/\/contractworkplaces.com\/web\/terminos-y-condiciones\/\"]}]},{\"@type\":\"BreadcrumbList\",\"@id\":\"https:\/\/contractworkplaces.com\/web\/terminos-y-condiciones\/#breadcrumb\",\"itemListElement\":[{\"@type\":\"ListItem\",\"position\":1,\"name\":\"Home\",\"item\":\"https:\/\/contractworkplaces.com\/web\/\"},{\"@type\":\"ListItem\",\"position\":2,\"name\":\"T\u00e9rminos y Condiciones\"}]},{\"@type\":\"WebSite\",\"@id\":\"https:\/\/contractworkplaces.com\/web\/#website\",\"url\":\"https:\/\/contractworkplaces.com\/web\/\",\"name\":\"Contract Workplaces\",\"description\":\"Dise\u00f1o y construcci\u00f3n de oficinas\",\"potentialAction\":[{\"@type\":\"SearchAction\",\"target\":{\"@type\":\"EntryPoint\",\"urlTemplate\":\"https:\/\/contractworkplaces.com\/web\/?s={search_term_string}\"},\"query-input\":{\"@type\":\"PropertyValueSpecification\",\"valueRequired\":true,\"valueName\":\"search_term_string\"}}],\"inLanguage\":\"es-AR\"}]}<\/script>\n<!-- \/ Yoast SEO plugin. -->","yoast_head_json":{"title":"T\u00e9rminos y Condiciones - Contract Workplaces","robots":{"index":"noindex","follow":"nofollow"},"og_locale":"es_ES","og_type":"article","og_title":"T\u00e9rminos y Condiciones - Contract Workplaces","og_description":"T\u00e9rminos y Condiciones 1. Acuerdo obligatorio. Cambios al Sitio.Previo a ingresar y utilizar este Sito de Internet (en adelante este o el \u201cSitio\u201d) de propiedad Contract Rent Argentina S.A. (en adelante \u201cContract\u201d) Ud. deber\u00e1 aceptar los t\u00e9rminos y condiciones para su uso que aqu\u00ed se establecen (el \u201cAcuerdo de Usuario\u201d). El acceso a cualquiera de...","og_url":"https:\/\/contractworkplaces.com\/web\/terminos-y-condiciones\/","og_site_name":"Contract Workplaces","article_modified_time":"2024-06-09T23:42:51+00:00","twitter_card":"summary_large_image","twitter_misc":{"Tiempo de lectura":"11 minutos"},"schema":{"@context":"https:\/\/schema.org","@graph":[{"@type":"WebPage","@id":"https:\/\/contractworkplaces.com\/web\/terminos-y-condiciones\/","url":"https:\/\/contractworkplaces.com\/web\/terminos-y-condiciones\/","name":"T\u00e9rminos y Condiciones - Contract Workplaces","isPartOf":{"@id":"https:\/\/contractworkplaces.com\/web\/#website"},"datePublished":"2023-05-10T18:53:35+00:00","dateModified":"2024-06-09T23:42:51+00:00","breadcrumb":{"@id":"https:\/\/contractworkplaces.com\/web\/terminos-y-condiciones\/#breadcrumb"},"inLanguage":"es-AR","potentialAction":[{"@type":"ReadAction","target":["https:\/\/contractworkplaces.com\/web\/terminos-y-condiciones\/"]}]},{"@type":"BreadcrumbList","@id":"https:\/\/contractworkplaces.com\/web\/terminos-y-condiciones\/#breadcrumb","itemListElement":[{"@type":"ListItem","position":1,"name":"Home","item":"https:\/\/contractworkplaces.com\/web\/"},{"@type":"ListItem","position":2,"name":"T\u00e9rminos y Condiciones"}]},{"@type":"WebSite","@id":"https:\/\/contractworkplaces.com\/web\/#website","url":"https:\/\/contractworkplaces.com\/web\/","name":"Contract Workplaces","description":"Dise\u00f1o y construcci\u00f3n de oficinas","potentialAction":[{"@type":"SearchAction","target":{"@type":"EntryPoint","urlTemplate":"https:\/\/contractworkplaces.com\/web\/?s={search_term_string}"},"query-input":{"@type":"PropertyValueSpecification","valueRequired":true,"valueName":"search_term_string"}}],"inLanguage":"es-AR"}]}},"_links":{"self":[{"href":"https:\/\/contractworkplaces.com\/web\/wp-json\/wp\/v2\/pages\/18997","targetHints":{"allow":["GET"]}}],"collection":[{"href":"https:\/\/contractworkplaces.com\/web\/wp-json\/wp\/v2\/pages"}],"about":[{"href":"https:\/\/contractworkplaces.com\/web\/wp-json\/wp\/v2\/types\/page"}],"author":[{"embeddable":true,"href":"https:\/\/contractworkplaces.com\/web\/wp-json\/wp\/v2\/users\/18"}],"replies":[{"embeddable":true,"href":"https:\/\/contractworkplaces.com\/web\/wp-json\/wp\/v2\/comments?post=18997"}],"version-history":[{"count":0,"href":"https:\/\/contractworkplaces.com\/web\/wp-json\/wp\/v2\/pages\/18997\/revisions"}],"wp:attachment":[{"href":"https:\/\/contractworkplaces.com\/web\/wp-json\/wp\/v2\/media?parent=18997"}],"curies":[{"name":"wp","href":"https:\/\/api.w.org\/{rel}","templated":true}]}}