{"id":8,"date":"2019-04-30T22:23:12","date_gmt":"2019-05-01T01:23:12","guid":{"rendered":"https:\/\/contractworkplaces.com\/site\/?page_id=8"},"modified":"2024-06-27T22:50:43","modified_gmt":"2024-06-28T01:50:43","slug":"acerca-de-wow","status":"publish","type":"page","link":"https:\/\/contractworkplaces.com\/site\/wow-workplaces\/acerca-de-wow\/","title":{"rendered":"Acerca de WOW"},"content":{"rendered":"\n<p>Despu\u00e9s de 100 ediciones y 20 a\u00f1os de publicaci\u00f3n ininterrumpida nace WORLD OF WORK. Heredera de FM &amp; WORKPLACES, nuestra revista sigue siendo el \u00fanico medio de prensa en espa\u00f1ol de Am\u00e9rica Latina dedicado exclusivamente a la difusi\u00f3n, el an\u00e1lisis y la investigaci\u00f3n de todos los temas relacionados con los ambientes de trabajo, pero con la mirada puesta en las nuevas demandas y necesidades del mundo actual.<\/p>\n\n\n\n<p>Desde este espacio abordaremos las \u00faltimas tendencias que est\u00e1n surgiendo en el escenario laboral para crear una hoja de ruta que nos ayude a comprender los cambios en las formas de trabajar y su impacto en los lugares de trabajo.<\/p>\n\n\n\n<p>Nuestro p\u00fablico abarca un gran universo de personas, empresas y profesionales vinculados con el desarrollo, la conceptualizaci\u00f3n y la construcci\u00f3n de los espacios de trabajo. Se trata de personas con criterio para evaluar y decidir sobre compras productivas, interesadas en informarse sobre las nuevas tendencias y mejores pr\u00e1cticas en el \u00e1mbito del dise\u00f1o, la construcci\u00f3n, la operaci\u00f3n y el mantenimiento de los espacios de trabajo. Tambi\u00e9n incluye a los principales estudios de arquitectura y empresas constructoras de la regi\u00f3n.<\/p>\n\n\n\n<p>Investigamos y desarrollamos en profundidad algunos de los temas de mayor inter\u00e9s para nuestros lectores desde una perspectiva renovada, con una visi\u00f3n amplia y de cara al futuro: tendencias, nuevas din\u00e1micas laborales, tecnolog\u00eda aplicada al espacio de trabajo, bienestar, dise\u00f1o, ergonom\u00eda, Management y Recursos Humanos, sustentabilidad, imagen corporativa, Responsabilidad Social Empresarial, etc.<\/p>\n\n\n\n<p>Aspiramos a convertirnos en una br\u00fajula para desarrollar, dise\u00f1ar, operar y construir los entornos de trabajo que demanda el siglo XXI. Porque, como dijo el genial Walter Gropius: la mente es como un paraguas, funciona mejor cuando est\u00e1 abierta.<\/p>\n","protected":false},"excerpt":{"rendered":"<p>Despu\u00e9s de 100 ediciones y 20 a\u00f1os de publicaci\u00f3n ininterrumpida nace WORLD OF WORK. Heredera de FM &amp; WORKPLACES, nuestra revista sigue siendo el \u00fanico medio de prensa en espa\u00f1ol de Am\u00e9rica Latina dedicado exclusivamente a la difusi\u00f3n, el an\u00e1lisis y la investigaci\u00f3n de todos los temas relacionados con los ambientes de trabajo, pero con [&hellip;]<\/p>\n","protected":false},"author":1,"featured_media":0,"parent":6,"menu_order":1,"comment_status":"closed","ping_status":"closed","template":"fm-about","meta":{"footnotes":""},"yoast_head":"<!-- This site is optimized with the Yoast SEO plugin v22.7 - https:\/\/yoast.com\/wordpress\/plugins\/seo\/ -->\n<title>Acerca de WOW - WOW - World Of Work by Contract Workplaces<\/title>\n<meta name=\"robots\" content=\"index, follow, max-snippet:-1, max-image-preview:large, max-video-preview:-1\" \/>\n<link rel=\"canonical\" href=\"https:\/\/contractworkplaces.com\/site\/wow-workplaces\/acerca-de-wow\/\" \/>\n<meta property=\"og:locale\" content=\"es_ES\" \/>\n<meta property=\"og:type\" content=\"article\" \/>\n<meta property=\"og:title\" content=\"Acerca de WOW - WOW - World Of Work by Contract Workplaces\" \/>\n<meta property=\"og:description\" content=\"Despu\u00e9s de 100 ediciones y 20 a\u00f1os de publicaci\u00f3n ininterrumpida nace WORLD OF WORK. Heredera de FM &amp; WORKPLACES, nuestra revista sigue siendo el \u00fanico medio de prensa en espa\u00f1ol de Am\u00e9rica Latina dedicado exclusivamente a la difusi\u00f3n, el an\u00e1lisis y la investigaci\u00f3n de todos los temas relacionados con los ambientes de trabajo, pero con [&hellip;]\" \/>\n<meta property=\"og:url\" content=\"https:\/\/contractworkplaces.com\/site\/wow-workplaces\/acerca-de-wow\/\" \/>\n<meta property=\"og:site_name\" content=\"WOW - World Of Work by Contract Workplaces\" \/>\n<meta property=\"article:modified_time\" content=\"2024-06-28T01:50:43+00:00\" \/>\n<meta name=\"twitter:card\" content=\"summary_large_image\" \/>\n<meta name=\"twitter:label1\" content=\"Tiempo de lectura\" \/>\n\t<meta name=\"twitter:data1\" content=\"2 minutos\" \/>\n<script type=\"application\/ld+json\" class=\"yoast-schema-graph\">{\"@context\":\"https:\/\/schema.org\",\"@graph\":[{\"@type\":\"WebPage\",\"@id\":\"https:\/\/contractworkplaces.com\/site\/wow-workplaces\/acerca-de-wow\/\",\"url\":\"https:\/\/contractworkplaces.com\/site\/wow-workplaces\/acerca-de-wow\/\",\"name\":\"Acerca de WOW - WOW - World Of Work by Contract Workplaces\",\"isPartOf\":{\"@id\":\"https:\/\/contractworkplaces.com\/site\/#website\"},\"datePublished\":\"2019-05-01T01:23:12+00:00\",\"dateModified\":\"2024-06-28T01:50:43+00:00\",\"breadcrumb\":{\"@id\":\"https:\/\/contractworkplaces.com\/site\/wow-workplaces\/acerca-de-wow\/#breadcrumb\"},\"inLanguage\":\"es-AR\",\"potentialAction\":[{\"@type\":\"ReadAction\",\"target\":[\"https:\/\/contractworkplaces.com\/site\/wow-workplaces\/acerca-de-wow\/\"]}]},{\"@type\":\"BreadcrumbList\",\"@id\":\"https:\/\/contractworkplaces.com\/site\/wow-workplaces\/acerca-de-wow\/#breadcrumb\",\"itemListElement\":[{\"@type\":\"ListItem\",\"position\":1,\"name\":\"Inicio\",\"item\":\"https:\/\/contractworkplaces.com\/site\/\"},{\"@type\":\"ListItem\",\"position\":2,\"name\":\"Revista World of Work\",\"item\":\"https:\/\/contractworkplaces.com\/site\/\"},{\"@type\":\"ListItem\",\"position\":3,\"name\":\"Acerca de WOW\"}]},{\"@type\":\"WebSite\",\"@id\":\"https:\/\/contractworkplaces.com\/site\/#website\",\"url\":\"https:\/\/contractworkplaces.com\/site\/\",\"name\":\"WOW - World Of Work by Contract Workplaces\",\"description\":\"Magazine\",\"publisher\":{\"@id\":\"https:\/\/contractworkplaces.com\/site\/#organization\"},\"potentialAction\":[{\"@type\":\"SearchAction\",\"target\":{\"@type\":\"EntryPoint\",\"urlTemplate\":\"https:\/\/contractworkplaces.com\/site\/?s={search_term_string}\"},\"query-input\":\"required name=search_term_string\"}],\"inLanguage\":\"es-AR\"},{\"@type\":\"Organization\",\"@id\":\"https:\/\/contractworkplaces.com\/site\/#organization\",\"name\":\"WOW - World Of Work by Contract Workplaces\",\"url\":\"https:\/\/contractworkplaces.com\/site\/\",\"logo\":{\"@type\":\"ImageObject\",\"inLanguage\":\"es-AR\",\"@id\":\"https:\/\/contractworkplaces.com\/site\/#\/schema\/logo\/image\/\",\"url\":\"https:\/\/contractworkplaces.com\/site\/wp-content\/uploads\/2023\/01\/WOW.png\",\"contentUrl\":\"https:\/\/contractworkplaces.com\/site\/wp-content\/uploads\/2023\/01\/WOW.png\",\"width\":1200,\"height\":630,\"caption\":\"WOW - World Of Work by Contract Workplaces\"},\"image\":{\"@id\":\"https:\/\/contractworkplaces.com\/site\/#\/schema\/logo\/image\/\"}}]}<\/script>\n<!-- \/ Yoast SEO plugin. -->","yoast_head_json":{"title":"Acerca de WOW - WOW - World Of Work by Contract Workplaces","robots":{"index":"index","follow":"follow","max-snippet":"max-snippet:-1","max-image-preview":"max-image-preview:large","max-video-preview":"max-video-preview:-1"},"canonical":"https:\/\/contractworkplaces.com\/site\/wow-workplaces\/acerca-de-wow\/","og_locale":"es_ES","og_type":"article","og_title":"Acerca de WOW - WOW - World Of Work by Contract Workplaces","og_description":"Despu\u00e9s de 100 ediciones y 20 a\u00f1os de publicaci\u00f3n ininterrumpida nace WORLD OF WORK. Heredera de FM &amp; WORKPLACES, nuestra revista sigue siendo el \u00fanico medio de prensa en espa\u00f1ol de Am\u00e9rica Latina dedicado exclusivamente a la difusi\u00f3n, el an\u00e1lisis y la investigaci\u00f3n de todos los temas relacionados con los ambientes de trabajo, pero con [&hellip;]","og_url":"https:\/\/contractworkplaces.com\/site\/wow-workplaces\/acerca-de-wow\/","og_site_name":"WOW - World Of Work by Contract Workplaces","article_modified_time":"2024-06-28T01:50:43+00:00","twitter_card":"summary_large_image","twitter_misc":{"Tiempo de lectura":"2 minutos"},"schema":{"@context":"https:\/\/schema.org","@graph":[{"@type":"WebPage","@id":"https:\/\/contractworkplaces.com\/site\/wow-workplaces\/acerca-de-wow\/","url":"https:\/\/contractworkplaces.com\/site\/wow-workplaces\/acerca-de-wow\/","name":"Acerca de WOW - WOW - World Of Work by Contract Workplaces","isPartOf":{"@id":"https:\/\/contractworkplaces.com\/site\/#website"},"datePublished":"2019-05-01T01:23:12+00:00","dateModified":"2024-06-28T01:50:43+00:00","breadcrumb":{"@id":"https:\/\/contractworkplaces.com\/site\/wow-workplaces\/acerca-de-wow\/#breadcrumb"},"inLanguage":"es-AR","potentialAction":[{"@type":"ReadAction","target":["https:\/\/contractworkplaces.com\/site\/wow-workplaces\/acerca-de-wow\/"]}]},{"@type":"BreadcrumbList","@id":"https:\/\/contractworkplaces.com\/site\/wow-workplaces\/acerca-de-wow\/#breadcrumb","itemListElement":[{"@type":"ListItem","position":1,"name":"Inicio","item":"https:\/\/contractworkplaces.com\/site\/"},{"@type":"ListItem","position":2,"name":"Revista World of Work","item":"https:\/\/contractworkplaces.com\/site\/"},{"@type":"ListItem","position":3,"name":"Acerca de WOW"}]},{"@type":"WebSite","@id":"https:\/\/contractworkplaces.com\/site\/#website","url":"https:\/\/contractworkplaces.com\/site\/","name":"WOW - World Of Work by Contract Workplaces","description":"Magazine","publisher":{"@id":"https:\/\/contractworkplaces.com\/site\/#organization"},"potentialAction":[{"@type":"SearchAction","target":{"@type":"EntryPoint","urlTemplate":"https:\/\/contractworkplaces.com\/site\/?s={search_term_string}"},"query-input":"required name=search_term_string"}],"inLanguage":"es-AR"},{"@type":"Organization","@id":"https:\/\/contractworkplaces.com\/site\/#organization","name":"WOW - World Of Work by Contract Workplaces","url":"https:\/\/contractworkplaces.com\/site\/","logo":{"@type":"ImageObject","inLanguage":"es-AR","@id":"https:\/\/contractworkplaces.com\/site\/#\/schema\/logo\/image\/","url":"https:\/\/contractworkplaces.com\/site\/wp-content\/uploads\/2023\/01\/WOW.png","contentUrl":"https:\/\/contractworkplaces.com\/site\/wp-content\/uploads\/2023\/01\/WOW.png","width":1200,"height":630,"caption":"WOW - World Of Work by Contract Workplaces"},"image":{"@id":"https:\/\/contractworkplaces.com\/site\/#\/schema\/logo\/image\/"}}]}},"_links":{"self":[{"href":"https:\/\/contractworkplaces.com\/site\/wp-json\/wp\/v2\/pages\/8"}],"collection":[{"href":"https:\/\/contractworkplaces.com\/site\/wp-json\/wp\/v2\/pages"}],"about":[{"href":"https:\/\/contractworkplaces.com\/site\/wp-json\/wp\/v2\/types\/page"}],"author":[{"embeddable":true,"href":"https:\/\/contractworkplaces.com\/site\/wp-json\/wp\/v2\/users\/1"}],"replies":[{"embeddable":true,"href":"https:\/\/contractworkplaces.com\/site\/wp-json\/wp\/v2\/comments?post=8"}],"version-history":[{"count":5,"href":"https:\/\/contractworkplaces.com\/site\/wp-json\/wp\/v2\/pages\/8\/revisions"}],"predecessor-version":[{"id":8438,"href":"https:\/\/contractworkplaces.com\/site\/wp-json\/wp\/v2\/pages\/8\/revisions\/8438"}],"up":[{"embeddable":true,"href":"https:\/\/contractworkplaces.com\/site\/wp-json\/wp\/v2\/pages\/6"}],"wp:attachment":[{"href":"https:\/\/contractworkplaces.com\/site\/wp-json\/wp\/v2\/media?parent=8"}],"curies":[{"name":"wp","href":"https:\/\/api.w.org\/{rel}","templated":true}]}}