{"id":5059,"date":"2021-03-30T21:36:19","date_gmt":"2021-03-31T00:36:19","guid":{"rendered":"https:\/\/contractworkplaces.com\/site\/?page_id=5059"},"modified":"2021-04-28T15:16:59","modified_gmt":"2021-04-28T18:16:59","slug":"novedades","status":"publish","type":"page","link":"https:\/\/contractworkplaces.com\/site\/wow-workplaces\/novedades\/","title":{"rendered":"Novedades"},"content":{"rendered":"<ul class=\"wp-block-latest-posts__list is-grid columns-3 has-dates alignleft lomasvisto wp-block-latest-posts\"><li><div class=\"wp-block-latest-posts__featured-image alignleft\"><img loading=\"lazy\" decoding=\"async\" width=\"260\" height=\"260\" src=\"https:\/\/contractworkplaces.com\/site\/wp-content\/uploads\/2025\/01\/Cerantola-Loria.jpg\" class=\"attachment-large size-large wp-post-image\" alt=\"\" style=\"\" srcset=\"https:\/\/contractworkplaces.com\/site\/wp-content\/uploads\/2025\/01\/Cerantola-Loria.jpg 260w, https:\/\/contractworkplaces.com\/site\/wp-content\/uploads\/2025\/01\/Cerantola-Loria-150x150.jpg 150w\" sizes=\"(max-width: 260px) 100vw, 260px\" \/><\/div><a class=\"wp-block-latest-posts__post-title\" href=\"https:\/\/contractworkplaces.com\/site\/cerantola-chile-presenta-la-coleccion-loria\/\">Cerantola Chile presenta la colecci\u00f3n Loria<\/a><time datetime=\"2025-01-24T17:29:12-03:00\" class=\"wp-block-latest-posts__post-date\">24 enero, 2025<\/time><div class=\"wp-block-latest-posts__post-excerpt\">El mundo de hoy est\u00e1 cambiando, cada vez somos m\u00e1s conscientes de la importancia del cuidado de nuestro planeta. En este sentido, una de las maneras en las que podemos contribuir es mediante la elecci\u00f3n de muebles sustentables en sus proyectos de oficina. Estos productos no solo son amables con el medio ambiente, sino que tambi\u00e9n ofrecen una serie considerable de beneficios. Ahora bien, usted debe estar pregunt\u00e1ndose: \u00bfCu\u00e1les son\u2026 <a href=\"https:\/\/contractworkplaces.com\/site\/cerantola-chile-presenta-la-coleccion-loria\/\" rel=\"noopener noreferrer\">Leer m\u00e1s<span class=\"screen-reader-text\">: Cerantola Chile presenta la colecci\u00f3n Loria<\/span><\/a><\/div><\/li>\n<li><div class=\"wp-block-latest-posts__featured-image alignleft\"><img loading=\"lazy\" decoding=\"async\" width=\"260\" height=\"260\" src=\"https:\/\/contractworkplaces.com\/site\/wp-content\/uploads\/2024\/12\/AllSys.jpg\" class=\"attachment-large size-large wp-post-image\" alt=\"\" style=\"\" srcset=\"https:\/\/contractworkplaces.com\/site\/wp-content\/uploads\/2024\/12\/AllSys.jpg 260w, https:\/\/contractworkplaces.com\/site\/wp-content\/uploads\/2024\/12\/AllSys-150x150.jpg 150w\" sizes=\"(max-width: 260px) 100vw, 260px\" \/><\/div><a class=\"wp-block-latest-posts__post-title\" href=\"https:\/\/contractworkplaces.com\/site\/all-system-srl-sistemas-contra-incendio-y-seguridad-electronica-para-entornos-corporativos\/\">All System SRL: sistemas contra incendio y seguridad electr\u00f3nica para entornos corporativos<\/a><time datetime=\"2024-12-18T16:54:35-03:00\" class=\"wp-block-latest-posts__post-date\">18 diciembre, 2024<\/time><div class=\"wp-block-latest-posts__post-excerpt\">En el panorama empresarial actual, la seguridad es una prioridad esencial. En All System SRL ofrecemos soluciones integrales en sistemas de detecci\u00f3n y extinci\u00f3n de incendios, control de acceso y CCTV, dise\u00f1adas para proteger su patrimonio y garantizar un entorno seguro en industrias, edificios y espacios de trabajo. Sistemas de detecci\u00f3n de incendios, su primera l\u00ednea de defensa Los sistemas de detecci\u00f3n de incendios son cruciales para la seguridad de\u2026 <a href=\"https:\/\/contractworkplaces.com\/site\/all-system-srl-sistemas-contra-incendio-y-seguridad-electronica-para-entornos-corporativos\/\" rel=\"noopener noreferrer\">Leer m\u00e1s<span class=\"screen-reader-text\">: All System SRL: sistemas contra incendio y seguridad electr\u00f3nica para entornos corporativos<\/span><\/a><\/div><\/li>\n<li><div class=\"wp-block-latest-posts__featured-image alignleft\"><img loading=\"lazy\" decoding=\"async\" width=\"260\" height=\"260\" src=\"https:\/\/contractworkplaces.com\/site\/wp-content\/uploads\/2024\/11\/Cabral_1.jpg\" class=\"attachment-large size-large wp-post-image\" alt=\"\" style=\"\" srcset=\"https:\/\/contractworkplaces.com\/site\/wp-content\/uploads\/2024\/11\/Cabral_1.jpg 260w, https:\/\/contractworkplaces.com\/site\/wp-content\/uploads\/2024\/11\/Cabral_1-150x150.jpg 150w\" sizes=\"(max-width: 260px) 100vw, 260px\" \/><\/div><a class=\"wp-block-latest-posts__post-title\" href=\"https:\/\/contractworkplaces.com\/site\/cabral-comunicacion-visual-innovacion-en-carteleria-para-oficinas-colaborativas\/\">Cabral Comunicaci\u00f3n Visual: innovaci\u00f3n en carteler\u00eda para oficinas colaborativas<\/a><time datetime=\"2024-12-03T15:28:54-03:00\" class=\"wp-block-latest-posts__post-date\">3 diciembre, 2024<\/time><div class=\"wp-block-latest-posts__post-excerpt\">En un entorno laboral donde la colaboraci\u00f3n y la innovaci\u00f3n son prioritarias, el dise\u00f1o de la carteler\u00eda va m\u00e1s all\u00e1 de la se\u00f1alizaci\u00f3n b\u00e1sica. Actualmente, la carteler\u00eda corporativa se convierte en una herramienta esencial para construir espacios de trabajo colaborativos que inspiran a los empleados y fortalecen la identidad de la marca. Desde letreros y se\u00f1alizaci\u00f3n din\u00e1mica hasta murales inspiradores, cada elemento puede contribuir a una experiencia de trabajo \u00fanica\u2026 <a href=\"https:\/\/contractworkplaces.com\/site\/cabral-comunicacion-visual-innovacion-en-carteleria-para-oficinas-colaborativas\/\" rel=\"noopener noreferrer\">Leer m\u00e1s<span class=\"screen-reader-text\">: Cabral Comunicaci\u00f3n Visual: innovaci\u00f3n en carteler\u00eda para oficinas colaborativas<\/span><\/a><\/div><\/li>\n<li><div class=\"wp-block-latest-posts__featured-image alignleft\"><img loading=\"lazy\" decoding=\"async\" width=\"260\" height=\"260\" src=\"https:\/\/contractworkplaces.com\/site\/wp-content\/uploads\/2024\/10\/AW_Portada_Philippe_Starck.jpg\" class=\"attachment-large size-large wp-post-image\" alt=\"\" style=\"\" srcset=\"https:\/\/contractworkplaces.com\/site\/wp-content\/uploads\/2024\/10\/AW_Portada_Philippe_Starck.jpg 260w, https:\/\/contractworkplaces.com\/site\/wp-content\/uploads\/2024\/10\/AW_Portada_Philippe_Starck-150x150.jpg 150w\" sizes=\"(max-width: 260px) 100vw, 260px\" \/><\/div><a class=\"wp-block-latest-posts__post-title\" href=\"https:\/\/contractworkplaces.com\/site\/innovacion-artesania-y-sostenibilidad-en-andreu-world-by-philippe-starck\/\">Innovaci\u00f3n, artesan\u00eda y sostenibilidad en Andreu World by Philippe Starck<\/a><time datetime=\"2024-10-22T11:31:08-03:00\" class=\"wp-block-latest-posts__post-date\">22 octubre, 2024<\/time><div class=\"wp-block-latest-posts__post-excerpt\">Las colecciones de Philippe Starck fusionan tradici\u00f3n artesanal e innovaci\u00f3n tecnol\u00f3gica. La madera es protagonista en dise\u00f1os que destacan por su tridimensionalidad, resistencia y montaje sin adhesivos, promoviendo la econom\u00eda circular. Cada pieza refleja su compromiso con la sostenibilidad y el minimalismo. Estas colecciones destacan por una profunda conexi\u00f3n entre la tradici\u00f3n artesanal y la innovaci\u00f3n tecnol\u00f3gica. Cada pieza de su obra refleja una fusi\u00f3n equilibrada entre el pasado y\u2026 <a href=\"https:\/\/contractworkplaces.com\/site\/innovacion-artesania-y-sostenibilidad-en-andreu-world-by-philippe-starck\/\" rel=\"noopener noreferrer\">Leer m\u00e1s<span class=\"screen-reader-text\">: Innovaci\u00f3n, artesan\u00eda y sostenibilidad en Andreu World by Philippe Starck<\/span><\/a><\/div><\/li>\n<li><div class=\"wp-block-latest-posts__featured-image alignleft\"><img loading=\"lazy\" decoding=\"async\" width=\"260\" height=\"260\" src=\"https:\/\/contractworkplaces.com\/site\/wp-content\/uploads\/2024\/09\/AW260x260_3.jpg\" class=\"attachment-large size-large wp-post-image\" alt=\"\" style=\"\" srcset=\"https:\/\/contractworkplaces.com\/site\/wp-content\/uploads\/2024\/09\/AW260x260_3.jpg 260w, https:\/\/contractworkplaces.com\/site\/wp-content\/uploads\/2024\/09\/AW260x260_3-150x150.jpg 150w\" sizes=\"(max-width: 260px) 100vw, 260px\" \/><\/div><a class=\"wp-block-latest-posts__post-title\" href=\"https:\/\/contractworkplaces.com\/site\/nueva-definicion-de-las-salas-de-espera-corporativas\/\">Nueva definici\u00f3n de las salas de espera corporativas<\/a><time datetime=\"2024-09-02T10:09:57-03:00\" class=\"wp-block-latest-posts__post-date\">2 septiembre, 2024<\/time><div class=\"wp-block-latest-posts__post-excerpt\">Calma Lounge y Axial Modular Sofa redefinen las salas de espera corporativas combinando confort, funcionalidad y est\u00e9tica. Calma Lounge ofrece ergonom\u00eda y estilo con un dise\u00f1o acogedor y sostenible, mientras que Axial Modular Sofa destaca por su versatilidad y elegancia, adapt\u00e1ndose a diversos entornos laborales modernos.\u00a0 Las salas de espera corporativas han evolucionado significativamente, reflejando cambios en la cultura empresarial y la percepci\u00f3n del espacio de trabajo. Dos productos que\u2026 <a href=\"https:\/\/contractworkplaces.com\/site\/nueva-definicion-de-las-salas-de-espera-corporativas\/\" rel=\"noopener noreferrer\">Leer m\u00e1s<span class=\"screen-reader-text\">: Nueva definici\u00f3n de las salas de espera corporativas<\/span><\/a><\/div><\/li>\n<li><div class=\"wp-block-latest-posts__featured-image alignleft\"><img loading=\"lazy\" decoding=\"async\" width=\"260\" height=\"260\" src=\"https:\/\/contractworkplaces.com\/site\/wp-content\/uploads\/2024\/04\/Imagen-principal.jpg\" class=\"attachment-large size-large wp-post-image\" alt=\"\" style=\"\" srcset=\"https:\/\/contractworkplaces.com\/site\/wp-content\/uploads\/2024\/04\/Imagen-principal.jpg 260w, https:\/\/contractworkplaces.com\/site\/wp-content\/uploads\/2024\/04\/Imagen-principal-150x150.jpg 150w\" sizes=\"(max-width: 260px) 100vw, 260px\" \/><\/div><a class=\"wp-block-latest-posts__post-title\" href=\"https:\/\/contractworkplaces.com\/site\/acustica-efectiva\/\">Ac\u00fastica efectiva<\/a><time datetime=\"2024-04-23T15:20:20-03:00\" class=\"wp-block-latest-posts__post-date\">23 abril, 2024<\/time><div class=\"wp-block-latest-posts__post-excerpt\">Llegamos para revolucionar el mercado. Somos Kuaiet, la nueva tecnolog\u00eda en paneles ac\u00fasticos. Para generar un clima laboral efectivo, es necesario no solo considerar aspectos como la iluminaci\u00f3n o comodidad, tambi\u00e9n es importante considerar la ac\u00fastica. La calidad de sonido juega un papel fundamental en la concentraci\u00f3n y desempe\u00f1o de las personas. Es por esto que creamos Kuaiet. Utilizamos la creatividad para desarrollar soluciones ac\u00fasticas que transforman espacios y mejoran\u2026 <a href=\"https:\/\/contractworkplaces.com\/site\/acustica-efectiva\/\" rel=\"noopener noreferrer\">Leer m\u00e1s<span class=\"screen-reader-text\">: Ac\u00fastica efectiva<\/span><\/a><\/div><\/li>\n<\/ul>","protected":false},"excerpt":{"rendered":"","protected":false},"author":1,"featured_media":0,"parent":6,"menu_order":1,"comment_status":"closed","ping_status":"closed","template":"fm-posts","meta":{"footnotes":""},"yoast_head":"<!-- This site is optimized with the Yoast SEO plugin v22.7 - https:\/\/yoast.com\/wordpress\/plugins\/seo\/ -->\n<title>Novedades - WOW - World Of Work by Contract Workplaces<\/title>\n<meta name=\"robots\" content=\"index, follow, max-snippet:-1, max-image-preview:large, max-video-preview:-1\" \/>\n<link rel=\"canonical\" href=\"https:\/\/contractworkplaces.com\/site\/wow-workplaces\/novedades\/\" \/>\n<meta property=\"og:locale\" content=\"es_ES\" \/>\n<meta property=\"og:type\" content=\"article\" \/>\n<meta property=\"og:title\" content=\"Novedades - WOW - World Of Work by Contract Workplaces\" \/>\n<meta property=\"og:url\" content=\"https:\/\/contractworkplaces.com\/site\/wow-workplaces\/novedades\/\" \/>\n<meta property=\"og:site_name\" content=\"WOW - World Of Work by Contract Workplaces\" \/>\n<meta property=\"article:modified_time\" content=\"2021-04-28T18:16:59+00:00\" \/>\n<meta name=\"twitter:card\" content=\"summary_large_image\" \/>\n<script type=\"application\/ld+json\" class=\"yoast-schema-graph\">{\"@context\":\"https:\/\/schema.org\",\"@graph\":[{\"@type\":\"WebPage\",\"@id\":\"https:\/\/contractworkplaces.com\/site\/wow-workplaces\/novedades\/\",\"url\":\"https:\/\/contractworkplaces.com\/site\/wow-workplaces\/novedades\/\",\"name\":\"Novedades - WOW - World Of Work by Contract Workplaces\",\"isPartOf\":{\"@id\":\"https:\/\/contractworkplaces.com\/site\/#website\"},\"datePublished\":\"2021-03-31T00:36:19+00:00\",\"dateModified\":\"2021-04-28T18:16:59+00:00\",\"breadcrumb\":{\"@id\":\"https:\/\/contractworkplaces.com\/site\/wow-workplaces\/novedades\/#breadcrumb\"},\"inLanguage\":\"es-AR\",\"potentialAction\":[{\"@type\":\"ReadAction\",\"target\":[\"https:\/\/contractworkplaces.com\/site\/wow-workplaces\/novedades\/\"]}]},{\"@type\":\"BreadcrumbList\",\"@id\":\"https:\/\/contractworkplaces.com\/site\/wow-workplaces\/novedades\/#breadcrumb\",\"itemListElement\":[{\"@type\":\"ListItem\",\"position\":1,\"name\":\"Inicio\",\"item\":\"https:\/\/contractworkplaces.com\/site\/\"},{\"@type\":\"ListItem\",\"position\":2,\"name\":\"Revista World of Work\",\"item\":\"https:\/\/contractworkplaces.com\/site\/\"},{\"@type\":\"ListItem\",\"position\":3,\"name\":\"Novedades\"}]},{\"@type\":\"WebSite\",\"@id\":\"https:\/\/contractworkplaces.com\/site\/#website\",\"url\":\"https:\/\/contractworkplaces.com\/site\/\",\"name\":\"WOW - World Of Work by Contract Workplaces\",\"description\":\"Magazine\",\"publisher\":{\"@id\":\"https:\/\/contractworkplaces.com\/site\/#organization\"},\"potentialAction\":[{\"@type\":\"SearchAction\",\"target\":{\"@type\":\"EntryPoint\",\"urlTemplate\":\"https:\/\/contractworkplaces.com\/site\/?s={search_term_string}\"},\"query-input\":\"required name=search_term_string\"}],\"inLanguage\":\"es-AR\"},{\"@type\":\"Organization\",\"@id\":\"https:\/\/contractworkplaces.com\/site\/#organization\",\"name\":\"WOW - World Of Work by Contract Workplaces\",\"url\":\"https:\/\/contractworkplaces.com\/site\/\",\"logo\":{\"@type\":\"ImageObject\",\"inLanguage\":\"es-AR\",\"@id\":\"https:\/\/contractworkplaces.com\/site\/#\/schema\/logo\/image\/\",\"url\":\"https:\/\/contractworkplaces.com\/site\/wp-content\/uploads\/2023\/01\/WOW.png\",\"contentUrl\":\"https:\/\/contractworkplaces.com\/site\/wp-content\/uploads\/2023\/01\/WOW.png\",\"width\":1200,\"height\":630,\"caption\":\"WOW - World Of Work by Contract Workplaces\"},\"image\":{\"@id\":\"https:\/\/contractworkplaces.com\/site\/#\/schema\/logo\/image\/\"}}]}<\/script>\n<!-- \/ Yoast SEO plugin. -->","yoast_head_json":{"title":"Novedades - WOW - World Of Work by Contract Workplaces","robots":{"index":"index","follow":"follow","max-snippet":"max-snippet:-1","max-image-preview":"max-image-preview:large","max-video-preview":"max-video-preview:-1"},"canonical":"https:\/\/contractworkplaces.com\/site\/wow-workplaces\/novedades\/","og_locale":"es_ES","og_type":"article","og_title":"Novedades - WOW - World Of Work by Contract Workplaces","og_url":"https:\/\/contractworkplaces.com\/site\/wow-workplaces\/novedades\/","og_site_name":"WOW - World Of Work by Contract Workplaces","article_modified_time":"2021-04-28T18:16:59+00:00","twitter_card":"summary_large_image","schema":{"@context":"https:\/\/schema.org","@graph":[{"@type":"WebPage","@id":"https:\/\/contractworkplaces.com\/site\/wow-workplaces\/novedades\/","url":"https:\/\/contractworkplaces.com\/site\/wow-workplaces\/novedades\/","name":"Novedades - WOW - World Of Work by Contract Workplaces","isPartOf":{"@id":"https:\/\/contractworkplaces.com\/site\/#website"},"datePublished":"2021-03-31T00:36:19+00:00","dateModified":"2021-04-28T18:16:59+00:00","breadcrumb":{"@id":"https:\/\/contractworkplaces.com\/site\/wow-workplaces\/novedades\/#breadcrumb"},"inLanguage":"es-AR","potentialAction":[{"@type":"ReadAction","target":["https:\/\/contractworkplaces.com\/site\/wow-workplaces\/novedades\/"]}]},{"@type":"BreadcrumbList","@id":"https:\/\/contractworkplaces.com\/site\/wow-workplaces\/novedades\/#breadcrumb","itemListElement":[{"@type":"ListItem","position":1,"name":"Inicio","item":"https:\/\/contractworkplaces.com\/site\/"},{"@type":"ListItem","position":2,"name":"Revista World of Work","item":"https:\/\/contractworkplaces.com\/site\/"},{"@type":"ListItem","position":3,"name":"Novedades"}]},{"@type":"WebSite","@id":"https:\/\/contractworkplaces.com\/site\/#website","url":"https:\/\/contractworkplaces.com\/site\/","name":"WOW - World Of Work by Contract Workplaces","description":"Magazine","publisher":{"@id":"https:\/\/contractworkplaces.com\/site\/#organization"},"potentialAction":[{"@type":"SearchAction","target":{"@type":"EntryPoint","urlTemplate":"https:\/\/contractworkplaces.com\/site\/?s={search_term_string}"},"query-input":"required name=search_term_string"}],"inLanguage":"es-AR"},{"@type":"Organization","@id":"https:\/\/contractworkplaces.com\/site\/#organization","name":"WOW - World Of Work by Contract Workplaces","url":"https:\/\/contractworkplaces.com\/site\/","logo":{"@type":"ImageObject","inLanguage":"es-AR","@id":"https:\/\/contractworkplaces.com\/site\/#\/schema\/logo\/image\/","url":"https:\/\/contractworkplaces.com\/site\/wp-content\/uploads\/2023\/01\/WOW.png","contentUrl":"https:\/\/contractworkplaces.com\/site\/wp-content\/uploads\/2023\/01\/WOW.png","width":1200,"height":630,"caption":"WOW - World Of Work by Contract Workplaces"},"image":{"@id":"https:\/\/contractworkplaces.com\/site\/#\/schema\/logo\/image\/"}}]}},"_links":{"self":[{"href":"https:\/\/contractworkplaces.com\/site\/wp-json\/wp\/v2\/pages\/5059"}],"collection":[{"href":"https:\/\/contractworkplaces.com\/site\/wp-json\/wp\/v2\/pages"}],"about":[{"href":"https:\/\/contractworkplaces.com\/site\/wp-json\/wp\/v2\/types\/page"}],"author":[{"embeddable":true,"href":"https:\/\/contractworkplaces.com\/site\/wp-json\/wp\/v2\/users\/1"}],"replies":[{"embeddable":true,"href":"https:\/\/contractworkplaces.com\/site\/wp-json\/wp\/v2\/comments?post=5059"}],"version-history":[{"count":6,"href":"https:\/\/contractworkplaces.com\/site\/wp-json\/wp\/v2\/pages\/5059\/revisions"}],"predecessor-version":[{"id":8397,"href":"https:\/\/contractworkplaces.com\/site\/wp-json\/wp\/v2\/pages\/5059\/revisions\/8397"}],"up":[{"embeddable":true,"href":"https:\/\/contractworkplaces.com\/site\/wp-json\/wp\/v2\/pages\/6"}],"wp:attachment":[{"href":"https:\/\/contractworkplaces.com\/site\/wp-json\/wp\/v2\/media?parent=5059"}],"curies":[{"name":"wp","href":"https:\/\/api.w.org\/{rel}","templated":true}]}}