{"id":6223,"date":"2017-12-13T12:56:40","date_gmt":"2017-12-13T12:56:40","guid":{"rendered":"http:\/\/salient.agency\/?page_id=6223"},"modified":"2025-03-11T03:57:49","modified_gmt":"2025-03-11T03:57:49","slug":"recreo","status":"publish","type":"page","link":"https:\/\/contractworkplaces.com\/recreo\/","title":{"rendered":"ReCreo por Contract Workplaces"},"content":{"rendered":"[vc_row type=&#8221;in_container&#8221; full_screen_row_position=&#8221;middle&#8221; scene_position=&#8221;center&#8221; text_color=&#8221;dark&#8221; text_align=&#8221;left&#8221; class=&#8221;headercustom&#8221; id=&#8221;headercustom&#8221; overlay_strength=&#8221;0.3&#8243;][vc_column column_padding=&#8221;no-extra-padding&#8221; column_padding_position=&#8221;all&#8221; background_color_opacity=&#8221;1&#8243; background_hover_color_opacity=&#8221;1&#8243; top_margin=&#8221;0&#8243; column_shadow=&#8221;none&#8221; width=&#8221;1\/1&#8243; tablet_text_alignment=&#8221;default&#8221; phone_text_alignment=&#8221;default&#8221; column_border_width=&#8221;none&#8221; column_border_style=&#8221;solid&#8221;][vc_row_inner column_margin=&#8221;default&#8221; top_padding=&#8221;10&#8243; text_align=&#8221;left&#8221;][vc_column_inner enable_animation=&#8221;true&#8221; animation=&#8221;fade-in-from-bottom&#8221; column_padding=&#8221;no-extra-padding&#8221; column_padding_position=&#8221;all&#8221; background_color_opacity=&#8221;1&#8243; width=&#8221;1\/2&#8243; column_border_width=&#8221;none&#8221; column_border_style=&#8221;solid&#8221; delay=&#8221;100&#8243;]<div class=\"img-with-aniamtion-wrap \" data-max-width=\"100%\"><div class=\"inner\"><img loading=\"lazy\" decoding=\"async\" data-shadow=\"none\" data-shadow-direction=\"middle\" class=\"img-with-animation mainlogo\" data-delay=\"200\" height=\"300\" width=\"420\" data-animation=\"fade-in-from-bottom\" src=\"https:\/\/contractworkplaces.com\/recreo\/wp-content\/uploads\/2017\/12\/logo.png\" srcset=\"https:\/\/contractworkplaces.com\/recreo\/wp-content\/uploads\/2017\/12\/logo.png 420w, https:\/\/contractworkplaces.com\/recreo\/wp-content\/uploads\/2017\/12\/logo-300x214.png 300w\" sizes=\"auto, 100vw\" alt=\"\" \/><\/div><\/div>[\/vc_column_inner][vc_column_inner enable_animation=&#8221;true&#8221; animation=&#8221;fade-in-from-bottom&#8221; column_padding=&#8221;no-extra-padding&#8221; column_padding_position=&#8221;all&#8221; background_color_opacity=&#8221;1&#8243; width=&#8221;1\/2&#8243; column_border_width=&#8221;none&#8221; column_border_style=&#8221;solid&#8221; delay=&#8221;300&#8243;][vc_column_text css_animation=&#8221;fadeInUp&#8221;]\n<p style=\"text-align: right;\"><a href=\"https:\/\/contractworkplaces.com\/recreo\/en\/\">ENGLISH<\/a><\/p>\n[\/vc_column_text][\/vc_column_inner][\/vc_row_inner][\/vc_column][\/vc_row][vc_row type=&#8221;in_container&#8221; full_screen_row_position=&#8221;middle&#8221; scene_position=&#8221;center&#8221; text_color=&#8221;dark&#8221; text_align=&#8221;left&#8221; class=&#8221;encabezado&#8221; overlay_strength=&#8221;0.3&#8243;][vc_column enable_animation=&#8221;true&#8221; animation=&#8221;fade-in-from-bottom&#8221; column_padding=&#8221;no-extra-padding&#8221; column_padding_position=&#8221;all&#8221; background_color_opacity=&#8221;1&#8243; background_hover_color_opacity=&#8221;1&#8243; column_shadow=&#8221;none&#8221; width=&#8221;1\/1&#8243; tablet_text_alignment=&#8221;default&#8221; phone_text_alignment=&#8221;default&#8221; column_border_width=&#8221;none&#8221; column_border_style=&#8221;solid&#8221; delay=&#8221;600&#8243;]<div class=\"img-with-aniamtion-wrap center\" data-max-width=\"100%\"><div class=\"inner\"><img loading=\"lazy\" decoding=\"async\" data-shadow=\"none\" data-shadow-direction=\"middle\" class=\"img-with-animation mainfoto\" data-delay=\"100\" height=\"470\" width=\"1200\" data-animation=\"none\" src=\"https:\/\/contractworkplaces.com\/recreo\/wp-content\/uploads\/2017\/12\/slide-1.png\" srcset=\"https:\/\/contractworkplaces.com\/recreo\/wp-content\/uploads\/2017\/12\/slide-1.png 1200w, https:\/\/contractworkplaces.com\/recreo\/wp-content\/uploads\/2017\/12\/slide-1-300x118.png 300w, https:\/\/contractworkplaces.com\/recreo\/wp-content\/uploads\/2017\/12\/slide-1-768x301.png 768w, https:\/\/contractworkplaces.com\/recreo\/wp-content\/uploads\/2017\/12\/slide-1-1024x401.png 1024w\" sizes=\"auto, 100vw\" alt=\"\" \/><\/div><\/div>[\/vc_column][\/vc_row][vc_row type=&#8221;in_container&#8221; full_screen_row_position=&#8221;middle&#8221; scene_position=&#8221;center&#8221; text_color=&#8221;dark&#8221; text_align=&#8221;left&#8221; top_padding=&#8221;60&#8243; bottom_padding=&#8221;60&#8243; id=&#8221;encabezado&#8221; overlay_strength=&#8221;0.3&#8243;][vc_column column_padding=&#8221;padding-2-percent&#8221; column_padding_position=&#8221;all&#8221; background_color_opacity=&#8221;1&#8243; background_hover_color_opacity=&#8221;1&#8243; top_margin=&#8221;0&#8243; column_shadow=&#8221;none&#8221; width=&#8221;1\/1&#8243; tablet_text_alignment=&#8221;default&#8221; phone_text_alignment=&#8221;default&#8221; column_border_width=&#8221;none&#8221; column_border_style=&#8221;solid&#8221;][vc_row_inner column_margin=&#8221;default&#8221; text_align=&#8221;left&#8221;][vc_column_inner enable_animation=&#8221;true&#8221; animation=&#8221;fade-in-from-bottom&#8221; column_padding=&#8221;no-extra-padding&#8221; column_padding_position=&#8221;all&#8221; background_color_opacity=&#8221;1&#8243; width=&#8221;1\/2&#8243; column_border_width=&#8221;none&#8221; column_border_style=&#8221;solid&#8221; delay=&#8221;150&#8243;][vc_custom_heading text=&#8221;QUI\u00c9NES SOMOS&#8221; font_container=&#8221;tag:h2|text_align:left|color:%23db4060&#8243; google_fonts=&#8221;font_family:Fira%20Sans%3A300%2C300italic%2C400%2C400italic%2C500%2C500italic%2C700%2C700italic|font_style:700%20bold%20regular%3A700%3Anormal&#8221; css_animation=&#8221;fadeInUp&#8221; el_class=&#8221;titulos&#8221;][split_line_heading][\/split_line_heading][vc_column_text css_animation=&#8221;fadeInUp&#8221;]<strong>Recreo es la Divisi\u00f3n de Educaci\u00f3n de Contract Workplaces<\/strong>.<br \/>\nSomos un equipo interdisciplinario de profesionales \u2013acad\u00e9micos, pedagogos, investigadores, arquitectos, constructores y dise\u00f1adores\u2013 que reconocen que el espacio es una herramienta estrat\u00e9gica <strong>para impulsar y gestionar la innovaci\u00f3n en la educaci\u00f3n<\/strong>.[\/vc_column_text][\/vc_column_inner][vc_column_inner enable_animation=&#8221;true&#8221; animation=&#8221;fade-in-from-bottom&#8221; column_padding=&#8221;no-extra-padding&#8221; column_padding_position=&#8221;all&#8221; background_color_opacity=&#8221;1&#8243; width=&#8221;1\/2&#8243; column_border_width=&#8221;none&#8221; column_border_style=&#8221;solid&#8221; delay=&#8221;300&#8243;]<div class=\"img-with-aniamtion-wrap \" data-max-width=\"100%\"><div class=\"inner\"><img loading=\"lazy\" decoding=\"async\" data-shadow=\"none\" data-shadow-direction=\"middle\" class=\"img-with-animation fototexto\" data-delay=\"200\" height=\"340\" width=\"460\" data-animation=\"fade-in-from-bottom\" src=\"https:\/\/contractworkplaces.com\/recreo\/wp-content\/uploads\/2017\/12\/foto.jpg\" srcset=\"https:\/\/contractworkplaces.com\/recreo\/wp-content\/uploads\/2017\/12\/foto.jpg 460w, https:\/\/contractworkplaces.com\/recreo\/wp-content\/uploads\/2017\/12\/foto-300x222.jpg 300w\" sizes=\"auto, 100vw\" alt=\"\" \/><\/div><\/div>[\/vc_column_inner][\/vc_row_inner][\/vc_column][\/vc_row][vc_row type=&#8221;in_container&#8221; full_screen_row_position=&#8221;middle&#8221; scene_position=&#8221;center&#8221; text_color=&#8221;dark&#8221; text_align=&#8221;left&#8221; top_padding=&#8221;0&#8243; bottom_padding=&#8221;60&#8243; id=&#8221;encabezado&#8221; overlay_strength=&#8221;0.3&#8243;][vc_column column_padding=&#8221;padding-2-percent&#8221; column_padding_position=&#8221;all&#8221; background_color_opacity=&#8221;1&#8243; background_hover_color_opacity=&#8221;1&#8243; top_margin=&#8221;0&#8243; column_shadow=&#8221;none&#8221; width=&#8221;1\/1&#8243; tablet_text_alignment=&#8221;default&#8221; phone_text_alignment=&#8221;default&#8221; column_border_width=&#8221;none&#8221; column_border_style=&#8221;solid&#8221;][vc_row_inner column_margin=&#8221;default&#8221; text_align=&#8221;left&#8221;][vc_column_inner enable_animation=&#8221;true&#8221; animation=&#8221;fade-in-from-bottom&#8221; column_padding=&#8221;no-extra-padding&#8221; column_padding_position=&#8221;all&#8221; background_color_opacity=&#8221;1&#8243; width=&#8221;1\/2&#8243; column_border_width=&#8221;none&#8221; column_border_style=&#8221;solid&#8221; delay=&#8221;200&#8243;][vc_custom_heading text=&#8221;MISI\u00d3N&#8221; font_container=&#8221;tag:h2|text_align:left|color:%23db4060&#8243; google_fonts=&#8221;font_family:Fira%20Sans%3A300%2C300italic%2C400%2C400italic%2C500%2C500italic%2C700%2C700italic|font_style:700%20bold%20regular%3A700%3Anormal&#8221; css_animation=&#8221;fadeInUp&#8221; el_class=&#8221;titulos&#8221;][split_line_heading][\/split_line_heading][vc_column_text css_animation=&#8221;fadeInUp&#8221;]Aportar, desde el dise\u00f1o, en favor de la <strong>innovaci\u00f3n y transformaci\u00f3n pedag\u00f3gica<\/strong> profunda; comprendiendo que el entorno f\u00edsico afecta directamente la manera de pensar, sentir, actuar, aprender y estar en el mundo.[\/vc_column_text][\/vc_column_inner][vc_column_inner enable_animation=&#8221;true&#8221; animation=&#8221;fade-in-from-bottom&#8221; column_padding=&#8221;no-extra-padding&#8221; column_padding_position=&#8221;all&#8221; background_color_opacity=&#8221;1&#8243; width=&#8221;1\/2&#8243; column_border_width=&#8221;none&#8221; column_border_style=&#8221;solid&#8221; delay=&#8221;400&#8243;][vc_custom_heading text=&#8221;OBJETIVOS&#8221; font_container=&#8221;tag:h2|text_align:left|color:%23db4060&#8243; google_fonts=&#8221;font_family:Fira%20Sans%3A300%2C300italic%2C400%2C400italic%2C500%2C500italic%2C700%2C700italic|font_style:700%20bold%20regular%3A700%3Anormal&#8221; css_animation=&#8221;fadeInUp&#8221; el_class=&#8221;titulos&#8221;][split_line_heading][\/split_line_heading][vc_column_text css_animation=&#8221;fadeInUp&#8221;]\u2022 Transformar paradigmas en educaci\u00f3n, a trav\u00e9s del dise\u00f1o de espacios.<br \/>\n\u2022 Dise\u00f1ar ambientes estimulantes que innoven la manera tradicional de entender y vivir la educaci\u00f3n.<br \/>\n\u2022 Dise\u00f1ar espacios que abracen la diversidad y no la uniformidad y que por lo tanto promuevan el desarrollo de un peque\u00f1o mundo mejor.[\/vc_column_text][\/vc_column_inner][\/vc_row_inner][\/vc_column][\/vc_row][vc_row type=&#8221;in_container&#8221; full_screen_row_position=&#8221;middle&#8221; scene_position=&#8221;center&#8221; text_color=&#8221;dark&#8221; text_align=&#8221;left&#8221; overlay_strength=&#8221;0.3&#8243;][vc_column enable_animation=&#8221;true&#8221; animation=&#8221;fade-in&#8221; column_padding=&#8221;padding-7-percent&#8221; column_padding_position=&#8221;top-bottom&#8221; background_color=&#8221;#db4060&#8243; background_color_opacity=&#8221;1&#8243; background_hover_color_opacity=&#8221;1&#8243; column_shadow=&#8221;none&#8221; width=&#8221;1\/1&#8243; tablet_text_alignment=&#8221;default&#8221; phone_text_alignment=&#8221;default&#8221; column_border_width=&#8221;none&#8221; column_border_style=&#8221;solid&#8221;][vc_row_inner column_margin=&#8221;default&#8221; text_align=&#8221;left&#8221;][vc_column_inner enable_animation=&#8221;true&#8221; animation=&#8221;fade-in-from-bottom&#8221; column_padding=&#8221;no-extra-padding&#8221; column_padding_position=&#8221;all&#8221; background_color_opacity=&#8221;1&#8243; width=&#8221;1\/1&#8243; column_border_width=&#8221;none&#8221; column_border_style=&#8221;solid&#8221; delay=&#8221;200&#8243;][vc_custom_heading text=&#8221;NUESTROS SERVICIOS&#8221; font_container=&#8221;tag:h2|text_align:center|color:%23ffffff&#8221; google_fonts=&#8221;font_family:Fira%20Sans%3A300%2C300italic%2C400%2C400italic%2C500%2C500italic%2C700%2C700italic|font_style:700%20bold%20regular%3A700%3Anormal&#8221; el_class=&#8221;titulos&#8221;][\/vc_column_inner][\/vc_row_inner][vc_row_inner column_margin=&#8221;default&#8221; text_align=&#8221;left&#8221;][vc_column_inner enable_animation=&#8221;true&#8221; animation=&#8221;fade-in-from-bottom&#8221; column_padding=&#8221;no-extra-padding&#8221; column_padding_position=&#8221;all&#8221; background_color_opacity=&#8221;1&#8243; width=&#8221;1\/1&#8243; column_border_width=&#8221;none&#8221; column_border_style=&#8221;solid&#8221; delay=&#8221;200&#8243;]<div class=\"img-with-aniamtion-wrap center\" data-max-width=\"100%\"><div class=\"inner\"><img loading=\"lazy\" decoding=\"async\" data-shadow=\"none\" data-shadow-direction=\"middle\" class=\"img-with-animation mainfoto\" data-delay=\"200\" height=\"300\" width=\"980\" data-animation=\"grow-in\" src=\"https:\/\/contractworkplaces.com\/recreo\/wp-content\/uploads\/2017\/12\/iconos-1.png\" srcset=\"https:\/\/contractworkplaces.com\/recreo\/wp-content\/uploads\/2017\/12\/iconos-1.png 980w, https:\/\/contractworkplaces.com\/recreo\/wp-content\/uploads\/2017\/12\/iconos-1-300x92.png 300w, https:\/\/contractworkplaces.com\/recreo\/wp-content\/uploads\/2017\/12\/iconos-1-768x235.png 768w\" sizes=\"auto, 100vw\" alt=\"\" \/><\/div><\/div>[\/vc_column_inner][\/vc_row_inner][\/vc_column][\/vc_row][vc_row type=&#8221;in_container&#8221; full_screen_row_position=&#8221;middle&#8221; scene_position=&#8221;center&#8221; text_color=&#8221;dark&#8221; text_align=&#8221;left&#8221; top_padding=&#8221;60&#8243; class=&#8221;valores&#8221; overlay_strength=&#8221;0.3&#8243;][vc_column column_padding=&#8221;no-extra-padding&#8221; column_padding_position=&#8221;all&#8221; background_color_opacity=&#8221;1&#8243; background_hover_color_opacity=&#8221;1&#8243; column_shadow=&#8221;none&#8221; width=&#8221;1\/1&#8243; tablet_text_alignment=&#8221;default&#8221; phone_text_alignment=&#8221;default&#8221; column_border_width=&#8221;none&#8221; column_border_style=&#8221;solid&#8221;][vc_row_inner column_margin=&#8221;default&#8221; text_align=&#8221;left&#8221;][vc_column_inner enable_animation=&#8221;true&#8221; animation=&#8221;fade-in-from-bottom&#8221; column_padding=&#8221;no-extra-padding&#8221; column_padding_position=&#8221;all&#8221; background_color_opacity=&#8221;1&#8243; width=&#8221;1\/1&#8243; column_border_width=&#8221;none&#8221; column_border_style=&#8221;solid&#8221; delay=&#8221;200&#8243;][vc_custom_heading text=&#8221;NUESTROS VALORES&#8221; font_container=&#8221;tag:h2|text_align:center|color:%23de3f5f&#8221; google_fonts=&#8221;font_family:Fira%20Sans%3A300%2C300italic%2C400%2C400italic%2C500%2C500italic%2C700%2C700italic|font_style:700%20bold%20regular%3A700%3Anormal&#8221; el_class=&#8221;titulos&#8221;][\/vc_column_inner][\/vc_row_inner][\/vc_column][\/vc_row][vc_row type=&#8221;in_container&#8221; full_screen_row_position=&#8221;middle&#8221; scene_position=&#8221;center&#8221; text_color=&#8221;dark&#8221; text_align=&#8221;left&#8221; overlay_strength=&#8221;0.3&#8243;][vc_column enable_animation=&#8221;true&#8221; animation=&#8221;fade-in&#8221; column_padding=&#8221;padding-5-percent&#8221; column_padding_position=&#8221;top-bottom&#8221; background_color_opacity=&#8221;1&#8243; background_hover_color_opacity=&#8221;1&#8243; column_shadow=&#8221;none&#8221; width=&#8221;1\/1&#8243; tablet_text_alignment=&#8221;default&#8221; phone_text_alignment=&#8221;default&#8221; column_border_width=&#8221;none&#8221; column_border_style=&#8221;solid&#8221;]<div class=\"img-with-aniamtion-wrap center\" data-max-width=\"100%\"><div class=\"inner\"><img loading=\"lazy\" decoding=\"async\" data-shadow=\"none\" data-shadow-direction=\"middle\" class=\"img-with-animation grafico\" data-delay=\"300\" height=\"480\" width=\"690\" data-animation=\"grow-in\" src=\"https:\/\/contractworkplaces.com\/recreo\/wp-content\/uploads\/2017\/12\/grafico.png\" srcset=\"https:\/\/contractworkplaces.com\/recreo\/wp-content\/uploads\/2017\/12\/grafico.png 690w, https:\/\/contractworkplaces.com\/recreo\/wp-content\/uploads\/2017\/12\/grafico-300x209.png 300w\" sizes=\"auto, 100vw\" alt=\"\" \/><\/div><\/div>[\/vc_column][\/vc_row][vc_row type=&#8221;in_container&#8221; full_screen_row_position=&#8221;middle&#8221; scene_position=&#8221;center&#8221; text_color=&#8221;dark&#8221; text_align=&#8221;left&#8221; overlay_strength=&#8221;0.3&#8243;][vc_column enable_animation=&#8221;true&#8221; animation=&#8221;grow-in&#8221; column_padding=&#8221;no-extra-padding&#8221; column_padding_position=&#8221;all&#8221; background_color_opacity=&#8221;1&#8243; background_hover_color_opacity=&#8221;1&#8243; column_shadow=&#8221;none&#8221; width=&#8221;1\/1&#8243; tablet_text_alignment=&#8221;default&#8221; phone_text_alignment=&#8221;default&#8221; column_border_width=&#8221;none&#8221; column_border_style=&#8221;solid&#8221; delay=&#8221;100&#8243;][vc_raw_html]JTNDZGl2JTIwY2xhc3MlM0QlMjJsaW5lYSUyMiUzRSUzQyUyRmRpdiUzRQ==[\/vc_raw_html][\/vc_column][\/vc_row][vc_row type=&#8221;in_container&#8221; full_screen_row_position=&#8221;middle&#8221; scene_position=&#8221;center&#8221; text_color=&#8221;dark&#8221; text_align=&#8221;left&#8221; overlay_strength=&#8221;0.3&#8243;][vc_column column_padding=&#8221;no-extra-padding&#8221; column_padding_position=&#8221;all&#8221; background_color_opacity=&#8221;1&#8243; background_hover_color_opacity=&#8221;1&#8243; column_shadow=&#8221;none&#8221; width=&#8221;1\/1&#8243; tablet_text_alignment=&#8221;default&#8221; phone_text_alignment=&#8221;default&#8221; column_border_width=&#8221;none&#8221; column_border_style=&#8221;solid&#8221;][vc_row_inner column_margin=&#8221;default&#8221; text_align=&#8221;left&#8221;][vc_column_inner enable_animation=&#8221;true&#8221; animation=&#8221;fade-in-from-bottom&#8221; column_padding=&#8221;no-extra-padding&#8221; column_padding_position=&#8221;all&#8221; background_color_opacity=&#8221;1&#8243; width=&#8221;1\/1&#8243; column_border_width=&#8221;none&#8221; column_border_style=&#8221;solid&#8221; delay=&#8221;300&#8243;][vc_custom_heading text=&#8221;LOS NUEVOS PARADIGMAS DE LA EDUCACI\u00d3N&#8221; font_container=&#8221;tag:h2|text_align:center|color:%23de3f5f&#8221; google_fonts=&#8221;font_family:Fira%20Sans%3A300%2C300italic%2C400%2C400italic%2C500%2C500italic%2C700%2C700italic|font_style:700%20bold%20regular%3A700%3Anormal&#8221; el_class=&#8221;titulos&#8221;][\/vc_column_inner][\/vc_row_inner][\/vc_column][\/vc_row][vc_row type=&#8221;in_container&#8221; full_screen_row_position=&#8221;middle&#8221; scene_position=&#8221;center&#8221; text_color=&#8221;dark&#8221; text_align=&#8221;left&#8221; overlay_strength=&#8221;0.3&#8243;][vc_column enable_animation=&#8221;true&#8221; animation=&#8221;fade-in-from-bottom&#8221; column_padding=&#8221;no-extra-padding&#8221; column_padding_position=&#8221;all&#8221; background_color_opacity=&#8221;1&#8243; background_hover_color_opacity=&#8221;1&#8243; column_shadow=&#8221;none&#8221; width=&#8221;1\/1&#8243; tablet_text_alignment=&#8221;default&#8221; phone_text_alignment=&#8221;default&#8221; column_border_width=&#8221;none&#8221; column_border_style=&#8221;solid&#8221; delay=&#8221;300&#8243;]<div class=\"img-with-aniamtion-wrap center\" data-max-width=\"100%\"><div class=\"inner\"><img loading=\"lazy\" decoding=\"async\" data-shadow=\"none\" data-shadow-direction=\"middle\" class=\"img-with-animation mainfoto\" data-delay=\"100\" height=\"280\" width=\"1200\" data-animation=\"fade-in-from-bottom\" src=\"https:\/\/contractworkplaces.com\/recreo\/wp-content\/uploads\/2017\/12\/foto-middle.jpg\" srcset=\"https:\/\/contractworkplaces.com\/recreo\/wp-content\/uploads\/2017\/12\/foto-middle.jpg 1200w, https:\/\/contractworkplaces.com\/recreo\/wp-content\/uploads\/2017\/12\/foto-middle-300x70.jpg 300w, https:\/\/contractworkplaces.com\/recreo\/wp-content\/uploads\/2017\/12\/foto-middle-768x179.jpg 768w, https:\/\/contractworkplaces.com\/recreo\/wp-content\/uploads\/2017\/12\/foto-middle-1024x239.jpg 1024w\" sizes=\"auto, 100vw\" alt=\"\" \/><\/div><\/div>[\/vc_column][\/vc_row][vc_row type=&#8221;in_container&#8221; full_screen_row_position=&#8221;middle&#8221; scene_position=&#8221;center&#8221; text_color=&#8221;dark&#8221; text_align=&#8221;left&#8221; top_padding=&#8221;0&#8243; bottom_padding=&#8221;0&#8243; id=&#8221;encabezado&#8221; overlay_strength=&#8221;0.3&#8243;][vc_column enable_animation=&#8221;true&#8221; animation=&#8221;fade-in-from-bottom&#8221; column_padding=&#8221;padding-2-percent&#8221; column_padding_position=&#8221;all&#8221; background_color_opacity=&#8221;1&#8243; background_hover_color_opacity=&#8221;1&#8243; top_margin=&#8221;0&#8243; column_shadow=&#8221;none&#8221; width=&#8221;1\/1&#8243; tablet_text_alignment=&#8221;default&#8221; phone_text_alignment=&#8221;default&#8221; column_border_width=&#8221;none&#8221; column_border_style=&#8221;solid&#8221; delay=&#8221;300&#8243;][vc_row_inner column_margin=&#8221;default&#8221; text_align=&#8221;left&#8221;][vc_column_inner column_padding=&#8221;no-extra-padding&#8221; column_padding_position=&#8221;all&#8221; background_color_opacity=&#8221;1&#8243; width=&#8221;1\/1&#8243; column_border_width=&#8221;none&#8221; column_border_style=&#8221;solid&#8221;][vc_column_text css_animation=&#8221;fadeInUp&#8221; el_class=&#8221;mision&#8221;]Cuando aprendemos nuestro cerebro pone en evidencia su magn\u00ed\ufb01ca <strong>plasticidad<\/strong>. Dise\u00f1ar <strong>espacios<\/strong> educativos que no sean solo contenedores <strong>moviliza y activa<\/strong> de manera \u00f3ptima dicha capacidad.<\/p>\n<p>Percibimos el entorno que nos rodea a trav\u00e9s de las <strong>emociones<\/strong> y, si la experiencia es positiva y enriquecedora, todo lo que suceda dentro de \u00e9l tambi\u00e9n lo ser\u00e1. El dise\u00f1o del <strong>espacio f\u00edsico<\/strong> permite <strong>humanizar<\/strong> los ambientes a los que, por a\u00f1os, acudir\u00e1n estudiantes en busca de desarrollar <strong>las destrezas<\/strong> necesarias para ser <strong>aprendices de por vida<\/strong>.<\/p>\n<p>En <em>ReCreo<\/em> creemos que los espacios son <strong>aliados<\/strong> del aprendizaje: los <strong>catalizadores<\/strong> de la colaboraci\u00f3n, la comunicaci\u00f3n, la convivencia, la inclusi\u00f3n, la pertenencia y la identidad para toda la <strong>comunidad educativa<\/strong>.[\/vc_column_text][\/vc_column_inner][\/vc_row_inner][\/vc_column][\/vc_row][vc_row type=&#8221;in_container&#8221; full_screen_row_position=&#8221;middle&#8221; scene_position=&#8221;center&#8221; text_color=&#8221;dark&#8221; text_align=&#8221;left&#8221; overlay_strength=&#8221;0.3&#8243;][vc_column enable_animation=&#8221;true&#8221; animation=&#8221;fade-in-from-bottom&#8221; column_padding=&#8221;no-extra-padding&#8221; column_padding_position=&#8221;all&#8221; background_color_opacity=&#8221;1&#8243; background_hover_color_opacity=&#8221;1&#8243; column_shadow=&#8221;none&#8221; width=&#8221;1\/1&#8243; tablet_text_alignment=&#8221;default&#8221; phone_text_alignment=&#8221;default&#8221; column_border_width=&#8221;none&#8221; column_border_style=&#8221;solid&#8221; delay=&#8221;200&#8243;]<div class=\"img-with-aniamtion-wrap center\" data-max-width=\"100%\"><div class=\"inner\"><img loading=\"lazy\" decoding=\"async\" data-shadow=\"none\" data-shadow-direction=\"middle\" class=\"img-with-animation mainfoto\" data-delay=\"100\" height=\"280\" width=\"1200\" data-animation=\"fade-in-from-bottom\" src=\"https:\/\/contractworkplaces.com\/recreo\/wp-content\/uploads\/2017\/12\/foto-bottom.jpg\" srcset=\"https:\/\/contractworkplaces.com\/recreo\/wp-content\/uploads\/2017\/12\/foto-bottom.jpg 1200w, https:\/\/contractworkplaces.com\/recreo\/wp-content\/uploads\/2017\/12\/foto-bottom-300x70.jpg 300w, https:\/\/contractworkplaces.com\/recreo\/wp-content\/uploads\/2017\/12\/foto-bottom-768x179.jpg 768w, https:\/\/contractworkplaces.com\/recreo\/wp-content\/uploads\/2017\/12\/foto-bottom-1024x239.jpg 1024w\" sizes=\"auto, 100vw\" alt=\"\" \/><\/div><\/div>[\/vc_column][\/vc_row]\n","protected":false},"excerpt":{"rendered":"<p>[vc_row type=&#8221;in_container&#8221; full_screen_row_position=&#8221;middle&#8221; scene_position=&#8221;center&#8221; text_color=&#8221;dark&#8221; text_align=&#8221;left&#8221; class=&#8221;headercustom&#8221; id=&#8221;headercustom&#8221; overlay_strength=&#8221;0.3&#8243;][vc_column column_padding=&#8221;no-extra-padding&#8221; column_padding_position=&#8221;all&#8221; background_color_opacity=&#8221;1&#8243; background_hover_color_opacity=&#8221;1&#8243; top_margin=&#8221;0&#8243; column_shadow=&#8221;none&#8221;&#8230;<\/p>\n","protected":false},"author":1,"featured_media":0,"parent":0,"menu_order":0,"comment_status":"closed","ping_status":"closed","template":"template-no-header.php","meta":{"footnotes":""},"class_list":["post-6223","page","type-page","status-publish","hentry"],"_links":{"self":[{"href":"https:\/\/contractworkplaces.com\/recreo\/wp-json\/wp\/v2\/pages\/6223","targetHints":{"allow":["GET"]}}],"collection":[{"href":"https:\/\/contractworkplaces.com\/recreo\/wp-json\/wp\/v2\/pages"}],"about":[{"href":"https:\/\/contractworkplaces.com\/recreo\/wp-json\/wp\/v2\/types\/page"}],"author":[{"embeddable":true,"href":"https:\/\/contractworkplaces.com\/recreo\/wp-json\/wp\/v2\/users\/1"}],"replies":[{"embeddable":true,"href":"https:\/\/contractworkplaces.com\/recreo\/wp-json\/wp\/v2\/comments?post=6223"}],"version-history":[{"count":5,"href":"https:\/\/contractworkplaces.com\/recreo\/wp-json\/wp\/v2\/pages\/6223\/revisions"}],"predecessor-version":[{"id":6337,"href":"https:\/\/contractworkplaces.com\/recreo\/wp-json\/wp\/v2\/pages\/6223\/revisions\/6337"}],"wp:attachment":[{"href":"https:\/\/contractworkplaces.com\/recreo\/wp-json\/wp\/v2\/media?parent=6223"}],"curies":[{"name":"wp","href":"https:\/\/api.w.org\/{rel}","templated":true}]}}