{"id":900,"date":"2023-05-12T16:44:46","date_gmt":"2023-05-12T19:44:46","guid":{"rendered":"https:\/\/contractworkplaces.com\/landing\/?page_id=900"},"modified":"2026-03-19T16:47:54","modified_gmt":"2026-03-19T19:47:54","slug":"tech-tecnologia-para-oficinas","status":"publish","type":"page","link":"https:\/\/contractworkplaces.com\/landing\/tech-tecnologia-para-oficinas\/","title":{"rendered":"Soluciones en tecnolog\u00eda para oficinas"},"content":{"rendered":"","protected":false},"excerpt":{"rendered":"","protected":false},"author":2,"featured_media":0,"parent":0,"menu_order":0,"comment_status":"closed","ping_status":"closed","template":"","meta":{"content-type":"","inline_featured_image":false,"footnotes":""},"class_list":["post-900","page","type-page","status-publish","hentry"],"yoast_head":"<!-- This site is optimized with the Yoast SEO plugin v23.1 - https:\/\/yoast.com\/wordpress\/plugins\/seo\/ -->\n<title>Tecnolog\u00eda para Oficinas: Impulsa la productividad<\/title>\n<meta name=\"description\" content=\"Descubre c\u00f3mo nuestras soluciones en tecnolog\u00eda para oficinas est\u00e1n dise\u00f1adas para integrarse perfectamente con el espacio. \u00a1Con\u00f3celas ahora!\" \/>\n<meta name=\"robots\" content=\"index, follow, max-snippet:-1, max-image-preview:large, max-video-preview:-1\" \/>\n<link rel=\"canonical\" href=\"https:\/\/contractworkplaces.com\/landing\/tech-tecnologia-para-oficinas\/\" \/>\n<meta property=\"og:locale\" content=\"es_ES\" \/>\n<meta property=\"og:type\" content=\"article\" \/>\n<meta property=\"og:title\" content=\"Tecnolog\u00eda para Oficinas: Impulsa la productividad\" \/>\n<meta property=\"og:description\" content=\"Descubre c\u00f3mo nuestras soluciones en tecnolog\u00eda para oficinas est\u00e1n dise\u00f1adas para integrarse perfectamente con el espacio. \u00a1Con\u00f3celas ahora!\" \/>\n<meta property=\"og:url\" content=\"https:\/\/contractworkplaces.com\/landing\/tech-tecnologia-para-oficinas\/\" \/>\n<meta property=\"article:modified_time\" content=\"2026-03-19T19:47:54+00:00\" \/>\n<meta name=\"twitter:card\" content=\"summary_large_image\" \/>\n<script type=\"application\/ld+json\" class=\"yoast-schema-graph\">{\"@context\":\"https:\/\/schema.org\",\"@graph\":[{\"@type\":\"WebPage\",\"@id\":\"https:\/\/contractworkplaces.com\/landing\/tech-tecnologia-para-oficinas\/\",\"url\":\"https:\/\/contractworkplaces.com\/landing\/tech-tecnologia-para-oficinas\/\",\"name\":\"Tecnolog\u00eda para Oficinas: Impulsa la productividad\",\"isPartOf\":{\"@id\":\"https:\/\/contractworkplaces.com\/landing\/#website\"},\"datePublished\":\"2023-05-12T19:44:46+00:00\",\"dateModified\":\"2026-03-19T19:47:54+00:00\",\"description\":\"Descubre c\u00f3mo nuestras soluciones en tecnolog\u00eda para oficinas est\u00e1n dise\u00f1adas para integrarse perfectamente con el espacio. \u00a1Con\u00f3celas ahora!\",\"breadcrumb\":{\"@id\":\"https:\/\/contractworkplaces.com\/landing\/tech-tecnologia-para-oficinas\/#breadcrumb\"},\"inLanguage\":\"es-AR\",\"potentialAction\":[{\"@type\":\"ReadAction\",\"target\":[\"https:\/\/contractworkplaces.com\/landing\/tech-tecnologia-para-oficinas\/\"]}]},{\"@type\":\"BreadcrumbList\",\"@id\":\"https:\/\/contractworkplaces.com\/landing\/tech-tecnologia-para-oficinas\/#breadcrumb\",\"itemListElement\":[{\"@type\":\"ListItem\",\"position\":1,\"name\":\"Inicio\",\"item\":\"https:\/\/contractworkplaces.com\/landing\/\"},{\"@type\":\"ListItem\",\"position\":2,\"name\":\"Soluciones en tecnolog\u00eda para oficinas\"}]},{\"@type\":\"WebSite\",\"@id\":\"https:\/\/contractworkplaces.com\/landing\/#website\",\"url\":\"https:\/\/contractworkplaces.com\/landing\/\",\"name\":\"\",\"description\":\"\",\"potentialAction\":[{\"@type\":\"SearchAction\",\"target\":{\"@type\":\"EntryPoint\",\"urlTemplate\":\"https:\/\/contractworkplaces.com\/landing\/?s={search_term_string}\"},\"query-input\":\"required name=search_term_string\"}],\"inLanguage\":\"es-AR\"}]}<\/script>\n<!-- \/ Yoast SEO plugin. -->","yoast_head_json":{"title":"Tecnolog\u00eda para Oficinas: Impulsa la productividad","description":"Descubre c\u00f3mo nuestras soluciones en tecnolog\u00eda para oficinas est\u00e1n dise\u00f1adas para integrarse perfectamente con el espacio. \u00a1Con\u00f3celas ahora!","robots":{"index":"index","follow":"follow","max-snippet":"max-snippet:-1","max-image-preview":"max-image-preview:large","max-video-preview":"max-video-preview:-1"},"canonical":"https:\/\/contractworkplaces.com\/landing\/tech-tecnologia-para-oficinas\/","og_locale":"es_ES","og_type":"article","og_title":"Tecnolog\u00eda para Oficinas: Impulsa la productividad","og_description":"Descubre c\u00f3mo nuestras soluciones en tecnolog\u00eda para oficinas est\u00e1n dise\u00f1adas para integrarse perfectamente con el espacio. \u00a1Con\u00f3celas ahora!","og_url":"https:\/\/contractworkplaces.com\/landing\/tech-tecnologia-para-oficinas\/","article_modified_time":"2026-03-19T19:47:54+00:00","twitter_card":"summary_large_image","schema":{"@context":"https:\/\/schema.org","@graph":[{"@type":"WebPage","@id":"https:\/\/contractworkplaces.com\/landing\/tech-tecnologia-para-oficinas\/","url":"https:\/\/contractworkplaces.com\/landing\/tech-tecnologia-para-oficinas\/","name":"Tecnolog\u00eda para Oficinas: Impulsa la productividad","isPartOf":{"@id":"https:\/\/contractworkplaces.com\/landing\/#website"},"datePublished":"2023-05-12T19:44:46+00:00","dateModified":"2026-03-19T19:47:54+00:00","description":"Descubre c\u00f3mo nuestras soluciones en tecnolog\u00eda para oficinas est\u00e1n dise\u00f1adas para integrarse perfectamente con el espacio. \u00a1Con\u00f3celas ahora!","breadcrumb":{"@id":"https:\/\/contractworkplaces.com\/landing\/tech-tecnologia-para-oficinas\/#breadcrumb"},"inLanguage":"es-AR","potentialAction":[{"@type":"ReadAction","target":["https:\/\/contractworkplaces.com\/landing\/tech-tecnologia-para-oficinas\/"]}]},{"@type":"BreadcrumbList","@id":"https:\/\/contractworkplaces.com\/landing\/tech-tecnologia-para-oficinas\/#breadcrumb","itemListElement":[{"@type":"ListItem","position":1,"name":"Inicio","item":"https:\/\/contractworkplaces.com\/landing\/"},{"@type":"ListItem","position":2,"name":"Soluciones en tecnolog\u00eda para oficinas"}]},{"@type":"WebSite","@id":"https:\/\/contractworkplaces.com\/landing\/#website","url":"https:\/\/contractworkplaces.com\/landing\/","name":"","description":"","potentialAction":[{"@type":"SearchAction","target":{"@type":"EntryPoint","urlTemplate":"https:\/\/contractworkplaces.com\/landing\/?s={search_term_string}"},"query-input":"required name=search_term_string"}],"inLanguage":"es-AR"}]}},"_links":{"self":[{"href":"https:\/\/contractworkplaces.com\/landing\/wp-json\/wp\/v2\/pages\/900","targetHints":{"allow":["GET"]}}],"collection":[{"href":"https:\/\/contractworkplaces.com\/landing\/wp-json\/wp\/v2\/pages"}],"about":[{"href":"https:\/\/contractworkplaces.com\/landing\/wp-json\/wp\/v2\/types\/page"}],"author":[{"embeddable":true,"href":"https:\/\/contractworkplaces.com\/landing\/wp-json\/wp\/v2\/users\/2"}],"replies":[{"embeddable":true,"href":"https:\/\/contractworkplaces.com\/landing\/wp-json\/wp\/v2\/comments?post=900"}],"version-history":[{"count":6,"href":"https:\/\/contractworkplaces.com\/landing\/wp-json\/wp\/v2\/pages\/900\/revisions"}],"predecessor-version":[{"id":9504,"href":"https:\/\/contractworkplaces.com\/landing\/wp-json\/wp\/v2\/pages\/900\/revisions\/9504"}],"wp:attachment":[{"href":"https:\/\/contractworkplaces.com\/landing\/wp-json\/wp\/v2\/media?parent=900"}],"curies":[{"name":"wp","href":"https:\/\/api.w.org\/{rel}","templated":true}]}}