{"id":1837,"date":"2024-11-14T15:54:43","date_gmt":"2024-11-14T18:54:43","guid":{"rendered":"https:\/\/contractworkplaces.com\/landing\/?page_id=1837"},"modified":"2026-03-19T16:35:02","modified_gmt":"2026-03-19T19:35:02","slug":"workplace-strategy","status":"publish","type":"page","link":"https:\/\/contractworkplaces.com\/landing\/workplace-strategy\/","title":{"rendered":"Consultor\u00eda en Workplace Strategy"},"content":{"rendered":"","protected":false},"excerpt":{"rendered":"","protected":false},"author":2,"featured_media":0,"parent":0,"menu_order":0,"comment_status":"closed","ping_status":"closed","template":"","meta":{"content-type":"","inline_featured_image":false,"footnotes":""},"class_list":["post-1837","page","type-page","status-publish","hentry"],"yoast_head":"<!-- This site is optimized with the Yoast SEO plugin v23.1 - https:\/\/yoast.com\/wordpress\/plugins\/seo\/ -->\n<title>Consultor\u00eda en Workplace Strategy<\/title>\n<meta name=\"description\" content=\"Consultor\u00eda orientada a analizar el ADN e identificar los desaf\u00edos de cada compa\u00f1\u00eda, para ofrecer soluciones de dise\u00f1o que optimicen el espacio\" \/>\n<meta name=\"robots\" content=\"index, follow, max-snippet:-1, max-image-preview:large, max-video-preview:-1\" \/>\n<link rel=\"canonical\" href=\"https:\/\/contractworkplaces.com\/landing\/workplace-strategy\/\" \/>\n<meta property=\"og:locale\" content=\"es_ES\" \/>\n<meta property=\"og:type\" content=\"article\" \/>\n<meta property=\"og:title\" content=\"Consultor\u00eda en Workplace Strategy\" \/>\n<meta property=\"og:description\" content=\"Consultor\u00eda orientada a analizar el ADN e identificar los desaf\u00edos de cada compa\u00f1\u00eda, para ofrecer soluciones de dise\u00f1o que optimicen el espacio\" \/>\n<meta property=\"og:url\" content=\"https:\/\/contractworkplaces.com\/landing\/workplace-strategy\/\" \/>\n<meta property=\"article:modified_time\" content=\"2026-03-19T19:35:02+00:00\" \/>\n<meta name=\"twitter:card\" content=\"summary_large_image\" \/>\n<script type=\"application\/ld+json\" class=\"yoast-schema-graph\">{\"@context\":\"https:\/\/schema.org\",\"@graph\":[{\"@type\":\"WebPage\",\"@id\":\"https:\/\/contractworkplaces.com\/landing\/workplace-strategy\/\",\"url\":\"https:\/\/contractworkplaces.com\/landing\/workplace-strategy\/\",\"name\":\"Consultor\u00eda en Workplace Strategy\",\"isPartOf\":{\"@id\":\"https:\/\/contractworkplaces.com\/landing\/#website\"},\"datePublished\":\"2024-11-14T18:54:43+00:00\",\"dateModified\":\"2026-03-19T19:35:02+00:00\",\"description\":\"Consultor\u00eda orientada a analizar el ADN e identificar los desaf\u00edos de cada compa\u00f1\u00eda, para ofrecer soluciones de dise\u00f1o que optimicen el espacio\",\"breadcrumb\":{\"@id\":\"https:\/\/contractworkplaces.com\/landing\/workplace-strategy\/#breadcrumb\"},\"inLanguage\":\"es-AR\",\"potentialAction\":[{\"@type\":\"ReadAction\",\"target\":[\"https:\/\/contractworkplaces.com\/landing\/workplace-strategy\/\"]}]},{\"@type\":\"BreadcrumbList\",\"@id\":\"https:\/\/contractworkplaces.com\/landing\/workplace-strategy\/#breadcrumb\",\"itemListElement\":[{\"@type\":\"ListItem\",\"position\":1,\"name\":\"Inicio\",\"item\":\"https:\/\/contractworkplaces.com\/landing\/\"},{\"@type\":\"ListItem\",\"position\":2,\"name\":\"Consultor\u00eda en Workplace Strategy\"}]},{\"@type\":\"WebSite\",\"@id\":\"https:\/\/contractworkplaces.com\/landing\/#website\",\"url\":\"https:\/\/contractworkplaces.com\/landing\/\",\"name\":\"\",\"description\":\"\",\"potentialAction\":[{\"@type\":\"SearchAction\",\"target\":{\"@type\":\"EntryPoint\",\"urlTemplate\":\"https:\/\/contractworkplaces.com\/landing\/?s={search_term_string}\"},\"query-input\":\"required name=search_term_string\"}],\"inLanguage\":\"es-AR\"}]}<\/script>\n<!-- \/ Yoast SEO plugin. -->","yoast_head_json":{"title":"Consultor\u00eda en Workplace Strategy","description":"Consultor\u00eda orientada a analizar el ADN e identificar los desaf\u00edos de cada compa\u00f1\u00eda, para ofrecer soluciones de dise\u00f1o que optimicen el espacio","robots":{"index":"index","follow":"follow","max-snippet":"max-snippet:-1","max-image-preview":"max-image-preview:large","max-video-preview":"max-video-preview:-1"},"canonical":"https:\/\/contractworkplaces.com\/landing\/workplace-strategy\/","og_locale":"es_ES","og_type":"article","og_title":"Consultor\u00eda en Workplace Strategy","og_description":"Consultor\u00eda orientada a analizar el ADN e identificar los desaf\u00edos de cada compa\u00f1\u00eda, para ofrecer soluciones de dise\u00f1o que optimicen el espacio","og_url":"https:\/\/contractworkplaces.com\/landing\/workplace-strategy\/","article_modified_time":"2026-03-19T19:35:02+00:00","twitter_card":"summary_large_image","schema":{"@context":"https:\/\/schema.org","@graph":[{"@type":"WebPage","@id":"https:\/\/contractworkplaces.com\/landing\/workplace-strategy\/","url":"https:\/\/contractworkplaces.com\/landing\/workplace-strategy\/","name":"Consultor\u00eda en Workplace Strategy","isPartOf":{"@id":"https:\/\/contractworkplaces.com\/landing\/#website"},"datePublished":"2024-11-14T18:54:43+00:00","dateModified":"2026-03-19T19:35:02+00:00","description":"Consultor\u00eda orientada a analizar el ADN e identificar los desaf\u00edos de cada compa\u00f1\u00eda, para ofrecer soluciones de dise\u00f1o que optimicen el espacio","breadcrumb":{"@id":"https:\/\/contractworkplaces.com\/landing\/workplace-strategy\/#breadcrumb"},"inLanguage":"es-AR","potentialAction":[{"@type":"ReadAction","target":["https:\/\/contractworkplaces.com\/landing\/workplace-strategy\/"]}]},{"@type":"BreadcrumbList","@id":"https:\/\/contractworkplaces.com\/landing\/workplace-strategy\/#breadcrumb","itemListElement":[{"@type":"ListItem","position":1,"name":"Inicio","item":"https:\/\/contractworkplaces.com\/landing\/"},{"@type":"ListItem","position":2,"name":"Consultor\u00eda en Workplace Strategy"}]},{"@type":"WebSite","@id":"https:\/\/contractworkplaces.com\/landing\/#website","url":"https:\/\/contractworkplaces.com\/landing\/","name":"","description":"","potentialAction":[{"@type":"SearchAction","target":{"@type":"EntryPoint","urlTemplate":"https:\/\/contractworkplaces.com\/landing\/?s={search_term_string}"},"query-input":"required name=search_term_string"}],"inLanguage":"es-AR"}]}},"_links":{"self":[{"href":"https:\/\/contractworkplaces.com\/landing\/wp-json\/wp\/v2\/pages\/1837","targetHints":{"allow":["GET"]}}],"collection":[{"href":"https:\/\/contractworkplaces.com\/landing\/wp-json\/wp\/v2\/pages"}],"about":[{"href":"https:\/\/contractworkplaces.com\/landing\/wp-json\/wp\/v2\/types\/page"}],"author":[{"embeddable":true,"href":"https:\/\/contractworkplaces.com\/landing\/wp-json\/wp\/v2\/users\/2"}],"replies":[{"embeddable":true,"href":"https:\/\/contractworkplaces.com\/landing\/wp-json\/wp\/v2\/comments?post=1837"}],"version-history":[{"count":5,"href":"https:\/\/contractworkplaces.com\/landing\/wp-json\/wp\/v2\/pages\/1837\/revisions"}],"predecessor-version":[{"id":9498,"href":"https:\/\/contractworkplaces.com\/landing\/wp-json\/wp\/v2\/pages\/1837\/revisions\/9498"}],"wp:attachment":[{"href":"https:\/\/contractworkplaces.com\/landing\/wp-json\/wp\/v2\/media?parent=1837"}],"curies":[{"name":"wp","href":"https:\/\/api.w.org\/{rel}","templated":true}]}}