{"id":1605,"date":"2024-07-10T18:05:41","date_gmt":"2024-07-10T21:05:41","guid":{"rendered":"https:\/\/contractworkplaces.com\/landing\/?page_id=1605"},"modified":"2026-03-31T10:46:11","modified_gmt":"2026-03-31T13:46:11","slug":"arquitectura-comercial-diseno-retail","status":"publish","type":"page","link":"https:\/\/contractworkplaces.com\/landing\/arquitectura-comercial-diseno-retail\/","title":{"rendered":"Contract Retail Arquitectura Comercial"},"content":{"rendered":"","protected":false},"excerpt":{"rendered":"","protected":false},"author":2,"featured_media":0,"parent":0,"menu_order":0,"comment_status":"closed","ping_status":"closed","template":"","meta":{"content-type":"","inline_featured_image":false,"footnotes":""},"class_list":["post-1605","page","type-page","status-publish","hentry"],"yoast_head":"<!-- This site is optimized with the Yoast SEO plugin v23.1 - https:\/\/yoast.com\/wordpress\/plugins\/seo\/ -->\n<title>L\u00edderes en Arquitectura Comercial y Dise\u00f1o de Retail<\/title>\n<meta name=\"description\" content=\"A trav\u00e9s de la arquitectura comercial creamos espacios que potencian la experiencia del cliente en retail y reflejan la esencia de la marca. \u00a1Hablemos!\" \/>\n<meta name=\"robots\" content=\"index, follow, max-snippet:-1, max-image-preview:large, max-video-preview:-1\" \/>\n<link rel=\"canonical\" href=\"https:\/\/contractworkplaces.com\/landing\/arquitectura-comercial-diseno-retail\/\" \/>\n<meta property=\"og:locale\" content=\"es_ES\" \/>\n<meta property=\"og:type\" content=\"article\" \/>\n<meta property=\"og:title\" content=\"L\u00edderes en Arquitectura Comercial y Dise\u00f1o de Retail\" \/>\n<meta property=\"og:description\" content=\"A trav\u00e9s de la arquitectura comercial creamos espacios que potencian la experiencia del cliente en retail y reflejan la esencia de la marca. \u00a1Hablemos!\" \/>\n<meta property=\"og:url\" content=\"https:\/\/contractworkplaces.com\/landing\/arquitectura-comercial-diseno-retail\/\" \/>\n<meta property=\"article:modified_time\" content=\"2026-03-31T13:46:11+00:00\" \/>\n<meta name=\"twitter:card\" content=\"summary_large_image\" \/>\n<script type=\"application\/ld+json\" class=\"yoast-schema-graph\">{\"@context\":\"https:\/\/schema.org\",\"@graph\":[{\"@type\":\"WebPage\",\"@id\":\"https:\/\/contractworkplaces.com\/landing\/arquitectura-comercial-diseno-retail\/\",\"url\":\"https:\/\/contractworkplaces.com\/landing\/arquitectura-comercial-diseno-retail\/\",\"name\":\"L\u00edderes en Arquitectura Comercial y Dise\u00f1o de Retail\",\"isPartOf\":{\"@id\":\"https:\/\/contractworkplaces.com\/landing\/#website\"},\"datePublished\":\"2024-07-10T21:05:41+00:00\",\"dateModified\":\"2026-03-31T13:46:11+00:00\",\"description\":\"A trav\u00e9s de la arquitectura comercial creamos espacios que potencian la experiencia del cliente en retail y reflejan la esencia de la marca. \u00a1Hablemos!\",\"breadcrumb\":{\"@id\":\"https:\/\/contractworkplaces.com\/landing\/arquitectura-comercial-diseno-retail\/#breadcrumb\"},\"inLanguage\":\"es-AR\",\"potentialAction\":[{\"@type\":\"ReadAction\",\"target\":[\"https:\/\/contractworkplaces.com\/landing\/arquitectura-comercial-diseno-retail\/\"]}]},{\"@type\":\"BreadcrumbList\",\"@id\":\"https:\/\/contractworkplaces.com\/landing\/arquitectura-comercial-diseno-retail\/#breadcrumb\",\"itemListElement\":[{\"@type\":\"ListItem\",\"position\":1,\"name\":\"Inicio\",\"item\":\"https:\/\/contractworkplaces.com\/landing\/\"},{\"@type\":\"ListItem\",\"position\":2,\"name\":\"Contract Retail Arquitectura Comercial\"}]},{\"@type\":\"WebSite\",\"@id\":\"https:\/\/contractworkplaces.com\/landing\/#website\",\"url\":\"https:\/\/contractworkplaces.com\/landing\/\",\"name\":\"\",\"description\":\"\",\"potentialAction\":[{\"@type\":\"SearchAction\",\"target\":{\"@type\":\"EntryPoint\",\"urlTemplate\":\"https:\/\/contractworkplaces.com\/landing\/?s={search_term_string}\"},\"query-input\":\"required name=search_term_string\"}],\"inLanguage\":\"es-AR\"}]}<\/script>\n<!-- \/ Yoast SEO plugin. -->","yoast_head_json":{"title":"L\u00edderes en Arquitectura Comercial y Dise\u00f1o de Retail","description":"A trav\u00e9s de la arquitectura comercial creamos espacios que potencian la experiencia del cliente en retail y reflejan la esencia de la marca. \u00a1Hablemos!","robots":{"index":"index","follow":"follow","max-snippet":"max-snippet:-1","max-image-preview":"max-image-preview:large","max-video-preview":"max-video-preview:-1"},"canonical":"https:\/\/contractworkplaces.com\/landing\/arquitectura-comercial-diseno-retail\/","og_locale":"es_ES","og_type":"article","og_title":"L\u00edderes en Arquitectura Comercial y Dise\u00f1o de Retail","og_description":"A trav\u00e9s de la arquitectura comercial creamos espacios que potencian la experiencia del cliente en retail y reflejan la esencia de la marca. \u00a1Hablemos!","og_url":"https:\/\/contractworkplaces.com\/landing\/arquitectura-comercial-diseno-retail\/","article_modified_time":"2026-03-31T13:46:11+00:00","twitter_card":"summary_large_image","schema":{"@context":"https:\/\/schema.org","@graph":[{"@type":"WebPage","@id":"https:\/\/contractworkplaces.com\/landing\/arquitectura-comercial-diseno-retail\/","url":"https:\/\/contractworkplaces.com\/landing\/arquitectura-comercial-diseno-retail\/","name":"L\u00edderes en Arquitectura Comercial y Dise\u00f1o de Retail","isPartOf":{"@id":"https:\/\/contractworkplaces.com\/landing\/#website"},"datePublished":"2024-07-10T21:05:41+00:00","dateModified":"2026-03-31T13:46:11+00:00","description":"A trav\u00e9s de la arquitectura comercial creamos espacios que potencian la experiencia del cliente en retail y reflejan la esencia de la marca. \u00a1Hablemos!","breadcrumb":{"@id":"https:\/\/contractworkplaces.com\/landing\/arquitectura-comercial-diseno-retail\/#breadcrumb"},"inLanguage":"es-AR","potentialAction":[{"@type":"ReadAction","target":["https:\/\/contractworkplaces.com\/landing\/arquitectura-comercial-diseno-retail\/"]}]},{"@type":"BreadcrumbList","@id":"https:\/\/contractworkplaces.com\/landing\/arquitectura-comercial-diseno-retail\/#breadcrumb","itemListElement":[{"@type":"ListItem","position":1,"name":"Inicio","item":"https:\/\/contractworkplaces.com\/landing\/"},{"@type":"ListItem","position":2,"name":"Contract Retail Arquitectura Comercial"}]},{"@type":"WebSite","@id":"https:\/\/contractworkplaces.com\/landing\/#website","url":"https:\/\/contractworkplaces.com\/landing\/","name":"","description":"","potentialAction":[{"@type":"SearchAction","target":{"@type":"EntryPoint","urlTemplate":"https:\/\/contractworkplaces.com\/landing\/?s={search_term_string}"},"query-input":"required name=search_term_string"}],"inLanguage":"es-AR"}]}},"_links":{"self":[{"href":"https:\/\/contractworkplaces.com\/landing\/wp-json\/wp\/v2\/pages\/1605","targetHints":{"allow":["GET"]}}],"collection":[{"href":"https:\/\/contractworkplaces.com\/landing\/wp-json\/wp\/v2\/pages"}],"about":[{"href":"https:\/\/contractworkplaces.com\/landing\/wp-json\/wp\/v2\/types\/page"}],"author":[{"embeddable":true,"href":"https:\/\/contractworkplaces.com\/landing\/wp-json\/wp\/v2\/users\/2"}],"replies":[{"embeddable":true,"href":"https:\/\/contractworkplaces.com\/landing\/wp-json\/wp\/v2\/comments?post=1605"}],"version-history":[{"count":5,"href":"https:\/\/contractworkplaces.com\/landing\/wp-json\/wp\/v2\/pages\/1605\/revisions"}],"predecessor-version":[{"id":9570,"href":"https:\/\/contractworkplaces.com\/landing\/wp-json\/wp\/v2\/pages\/1605\/revisions\/9570"}],"wp:attachment":[{"href":"https:\/\/contractworkplaces.com\/landing\/wp-json\/wp\/v2\/media?parent=1605"}],"curies":[{"name":"wp","href":"https:\/\/api.w.org\/{rel}","templated":true}]}}