{"id":1235,"date":"2023-10-13T11:21:11","date_gmt":"2023-10-13T14:21:11","guid":{"rendered":"https:\/\/contractworkplaces.com\/landing\/?page_id=1235"},"modified":"2026-03-19T16:31:52","modified_gmt":"2026-03-19T19:31:52","slug":"change-management-gestion-del-cambio","status":"publish","type":"page","link":"https:\/\/contractworkplaces.com\/landing\/change-management-gestion-del-cambio\/","title":{"rendered":"Consultor\u00eda en gesti\u00f3n del cambio organizacional"},"content":{"rendered":"","protected":false},"excerpt":{"rendered":"","protected":false},"author":2,"featured_media":0,"parent":0,"menu_order":0,"comment_status":"closed","ping_status":"closed","template":"","meta":{"content-type":"","inline_featured_image":false,"footnotes":""},"class_list":["post-1235","page","type-page","status-publish","hentry"],"yoast_head":"<!-- This site is optimized with the Yoast SEO plugin v23.1 - https:\/\/yoast.com\/wordpress\/plugins\/seo\/ -->\n<title>Consultor\u00eda en Gesti\u00f3n del Cambio Organizacional - Change Management<\/title>\n<meta name=\"description\" content=\"Impulsa una transformaci\u00f3n exitosa en tu empresa junto a expertos en gesti\u00f3n del cambio. \u00a1Conoce nuestra metodolog\u00eda!\" \/>\n<meta name=\"robots\" content=\"index, follow, max-snippet:-1, max-image-preview:large, max-video-preview:-1\" \/>\n<link rel=\"canonical\" href=\"https:\/\/contractworkplaces.com\/landing\/change-management-gestion-del-cambio\/\" \/>\n<meta property=\"og:locale\" content=\"es_ES\" \/>\n<meta property=\"og:type\" content=\"article\" \/>\n<meta property=\"og:title\" content=\"Consultor\u00eda en Gesti\u00f3n del Cambio Organizacional - Change Management\" \/>\n<meta property=\"og:description\" content=\"Impulsa una transformaci\u00f3n exitosa en tu empresa junto a expertos en gesti\u00f3n del cambio. \u00a1Conoce nuestra metodolog\u00eda!\" \/>\n<meta property=\"og:url\" content=\"https:\/\/contractworkplaces.com\/landing\/change-management-gestion-del-cambio\/\" \/>\n<meta property=\"article:modified_time\" content=\"2026-03-19T19:31:52+00:00\" \/>\n<meta name=\"twitter:card\" content=\"summary_large_image\" \/>\n<script type=\"application\/ld+json\" class=\"yoast-schema-graph\">{\"@context\":\"https:\/\/schema.org\",\"@graph\":[{\"@type\":\"WebPage\",\"@id\":\"https:\/\/contractworkplaces.com\/landing\/change-management-gestion-del-cambio\/\",\"url\":\"https:\/\/contractworkplaces.com\/landing\/change-management-gestion-del-cambio\/\",\"name\":\"Consultor\u00eda en Gesti\u00f3n del Cambio Organizacional - Change Management\",\"isPartOf\":{\"@id\":\"https:\/\/contractworkplaces.com\/landing\/#website\"},\"datePublished\":\"2023-10-13T14:21:11+00:00\",\"dateModified\":\"2026-03-19T19:31:52+00:00\",\"description\":\"Impulsa una transformaci\u00f3n exitosa en tu empresa junto a expertos en gesti\u00f3n del cambio. \u00a1Conoce nuestra metodolog\u00eda!\",\"breadcrumb\":{\"@id\":\"https:\/\/contractworkplaces.com\/landing\/change-management-gestion-del-cambio\/#breadcrumb\"},\"inLanguage\":\"es-AR\",\"potentialAction\":[{\"@type\":\"ReadAction\",\"target\":[\"https:\/\/contractworkplaces.com\/landing\/change-management-gestion-del-cambio\/\"]}]},{\"@type\":\"BreadcrumbList\",\"@id\":\"https:\/\/contractworkplaces.com\/landing\/change-management-gestion-del-cambio\/#breadcrumb\",\"itemListElement\":[{\"@type\":\"ListItem\",\"position\":1,\"name\":\"Inicio\",\"item\":\"https:\/\/contractworkplaces.com\/landing\/\"},{\"@type\":\"ListItem\",\"position\":2,\"name\":\"Consultor\u00eda en gesti\u00f3n del cambio organizacional\"}]},{\"@type\":\"WebSite\",\"@id\":\"https:\/\/contractworkplaces.com\/landing\/#website\",\"url\":\"https:\/\/contractworkplaces.com\/landing\/\",\"name\":\"\",\"description\":\"\",\"potentialAction\":[{\"@type\":\"SearchAction\",\"target\":{\"@type\":\"EntryPoint\",\"urlTemplate\":\"https:\/\/contractworkplaces.com\/landing\/?s={search_term_string}\"},\"query-input\":\"required name=search_term_string\"}],\"inLanguage\":\"es-AR\"}]}<\/script>\n<!-- \/ Yoast SEO plugin. -->","yoast_head_json":{"title":"Consultor\u00eda en Gesti\u00f3n del Cambio Organizacional - Change Management","description":"Impulsa una transformaci\u00f3n exitosa en tu empresa junto a expertos en gesti\u00f3n del cambio. \u00a1Conoce nuestra metodolog\u00eda!","robots":{"index":"index","follow":"follow","max-snippet":"max-snippet:-1","max-image-preview":"max-image-preview:large","max-video-preview":"max-video-preview:-1"},"canonical":"https:\/\/contractworkplaces.com\/landing\/change-management-gestion-del-cambio\/","og_locale":"es_ES","og_type":"article","og_title":"Consultor\u00eda en Gesti\u00f3n del Cambio Organizacional - Change Management","og_description":"Impulsa una transformaci\u00f3n exitosa en tu empresa junto a expertos en gesti\u00f3n del cambio. \u00a1Conoce nuestra metodolog\u00eda!","og_url":"https:\/\/contractworkplaces.com\/landing\/change-management-gestion-del-cambio\/","article_modified_time":"2026-03-19T19:31:52+00:00","twitter_card":"summary_large_image","schema":{"@context":"https:\/\/schema.org","@graph":[{"@type":"WebPage","@id":"https:\/\/contractworkplaces.com\/landing\/change-management-gestion-del-cambio\/","url":"https:\/\/contractworkplaces.com\/landing\/change-management-gestion-del-cambio\/","name":"Consultor\u00eda en Gesti\u00f3n del Cambio Organizacional - Change Management","isPartOf":{"@id":"https:\/\/contractworkplaces.com\/landing\/#website"},"datePublished":"2023-10-13T14:21:11+00:00","dateModified":"2026-03-19T19:31:52+00:00","description":"Impulsa una transformaci\u00f3n exitosa en tu empresa junto a expertos en gesti\u00f3n del cambio. \u00a1Conoce nuestra metodolog\u00eda!","breadcrumb":{"@id":"https:\/\/contractworkplaces.com\/landing\/change-management-gestion-del-cambio\/#breadcrumb"},"inLanguage":"es-AR","potentialAction":[{"@type":"ReadAction","target":["https:\/\/contractworkplaces.com\/landing\/change-management-gestion-del-cambio\/"]}]},{"@type":"BreadcrumbList","@id":"https:\/\/contractworkplaces.com\/landing\/change-management-gestion-del-cambio\/#breadcrumb","itemListElement":[{"@type":"ListItem","position":1,"name":"Inicio","item":"https:\/\/contractworkplaces.com\/landing\/"},{"@type":"ListItem","position":2,"name":"Consultor\u00eda en gesti\u00f3n del cambio organizacional"}]},{"@type":"WebSite","@id":"https:\/\/contractworkplaces.com\/landing\/#website","url":"https:\/\/contractworkplaces.com\/landing\/","name":"","description":"","potentialAction":[{"@type":"SearchAction","target":{"@type":"EntryPoint","urlTemplate":"https:\/\/contractworkplaces.com\/landing\/?s={search_term_string}"},"query-input":"required name=search_term_string"}],"inLanguage":"es-AR"}]}},"_links":{"self":[{"href":"https:\/\/contractworkplaces.com\/landing\/wp-json\/wp\/v2\/pages\/1235","targetHints":{"allow":["GET"]}}],"collection":[{"href":"https:\/\/contractworkplaces.com\/landing\/wp-json\/wp\/v2\/pages"}],"about":[{"href":"https:\/\/contractworkplaces.com\/landing\/wp-json\/wp\/v2\/types\/page"}],"author":[{"embeddable":true,"href":"https:\/\/contractworkplaces.com\/landing\/wp-json\/wp\/v2\/users\/2"}],"replies":[{"embeddable":true,"href":"https:\/\/contractworkplaces.com\/landing\/wp-json\/wp\/v2\/comments?post=1235"}],"version-history":[{"count":5,"href":"https:\/\/contractworkplaces.com\/landing\/wp-json\/wp\/v2\/pages\/1235\/revisions"}],"predecessor-version":[{"id":9497,"href":"https:\/\/contractworkplaces.com\/landing\/wp-json\/wp\/v2\/pages\/1235\/revisions\/9497"}],"wp:attachment":[{"href":"https:\/\/contractworkplaces.com\/landing\/wp-json\/wp\/v2\/media?parent=1235"}],"curies":[{"name":"wp","href":"https:\/\/api.w.org\/{rel}","templated":true}]}}