{"id":6394,"date":"2017-01-26T15:16:16","date_gmt":"2017-01-26T18:16:16","guid":{"rendered":"http:\/\/contractworkplaces.com\/en\/?page_id=6394"},"modified":"2026-03-19T11:37:44","modified_gmt":"2026-03-19T14:37:44","slug":"who-we-are","status":"publish","type":"page","link":"https:\/\/contractworkplaces.com\/en\/who-we-are\/","title":{"rendered":"Who we are"},"content":{"rendered":"<div id=\"pl-6394\" class=\"panel-layout\"><div id=\"pg-6394-0\" class=\"panel-grid panel-no-style\"><div id=\"pgc-6394-0-0\" class=\"panel-grid-cell\"><div id=\"panel-6394-0-0-0\" class=\"widget_text \" data-index=\"0\"><div class=\"textwidget custom-html-widget\"><section class=\"hero\">\n\t<div class=\"wrapper wrapper--col\">\n\t\t<div class=\"hero__title\">\n\t\t\t<h1>\n\t\t\t\t<span>We are<\/span>\n\t\t\t\t<span>Contract<\/span>\n\t\t\t\t<span>Workplaces.<\/span>\n\t\t\t<\/h1>\n\t\t<\/div>\n\t<\/div>\n\n\t<div class=\"hero__image\">\n\t\t<div class=\"swiper oficinas__swiper\">\n\t\t\t<div class=\"swiper-wrapper\">\n\t\t\t\t<div class=\"swiper-slide\">\n\t\t\t\t\t<small>Offices <span>Per\u00fa<\/span><\/small>\n\t\t\t\t\t<img decoding=\"async\" src=\"https:\/\/contractworkplaces.com\/web\/wp-content\/uploads\/nosotros\/oficina-peru-new.jpg\">\n\t\t\t\t<\/div>\n\t\t\t\t<div class=\"swiper-slide\">\n\t\t\t\t\t<small>Offices <span>Chile<\/span><\/small>\n\t\t\t\t\t<img decoding=\"async\" src=\"https:\/\/contractworkplaces.com\/web\/wp-content\/uploads\/nosotros\/oficina-chile.jpg\">\n\t\t\t\t<\/div>\t\t\t\t\n\t\t\t\t<div class=\"swiper-slide\">\n\t\t\t\t\t<small>Offices <span>Ecuador<\/span><\/small>\n\t\t\t\t\t<img decoding=\"async\" src=\"https:\/\/contractworkplaces.com\/web\/wp-content\/uploads\/nosotros\/oficina-ecuador-new.jpg\">\n\t\t\t\t<\/div>\n\t\t\t\t<div class=\"swiper-slide\">\n\t\t\t\t\t<small>Offices <span>Argentina<\/span><\/small>\n\t\t\t\t\t<img decoding=\"async\" src=\"https:\/\/contractworkplaces.com\/web\/wp-content\/uploads\/2025\/08\/Contract-Workplaces-Argentina-Arquitectura-Corporativa-y-Comercial.webp\">\n\t\t\t\t<\/div>\n\t\t\t\t<div class=\"swiper-slide\">\n\t\t\t\t\t<small>Offices <span>Colombia<\/span><\/small>\n\t\t\t\t\t<img decoding=\"async\" src=\"https:\/\/contractworkplaces.com\/web\/wp-content\/uploads\/nosotros\/oficina-colombia.jpg\">\n\t\t\t\t<\/div>\n\t\t\t\t<div class=\"swiper-slide\">\n\t\t\t\t\t<small>Offices <span>Uruguay<\/span><\/small>\n\t\t\t\t\t<img decoding=\"async\" src=\"https:\/\/contractworkplaces.com\/web\/wp-content\/uploads\/nosotros\/oficina-uruguay.jpg\">\n\t\t\t\t<\/div>\n\t\t\t\t<div class=\"swiper-slide\">\n\t\t\t\t\t<small>Offices <span>Paraguay<\/span><\/small>\n\t\t\t\t\t<img decoding=\"async\" src=\"https:\/\/contractworkplaces.com\/web\/wp-content\/uploads\/nosotros\/oficina-paraguay.jpg\">\n\t\t\t\t<\/div>\n\t\t\t<\/div>\n\t\t\t<div class=\"swiper-pagination\"><\/div>\n\t\t<\/div>\n\t\t<script src=\"https:\/\/unpkg.com\/swiper\/swiper-bundle.min.js\"><\/script>\n\t\t<script>\n\t\t\tvar carouselOficinas = new Swiper(\".oficinas__swiper\", {\n\t\t\t\tspaceBetween: 0,\n\t\t\t\teffect: \"fade\",\n\t\t\t\tautoplay: {\n\t\t\t\t\tdelay: 3000,\n\t\t\t\t\tdisableOnInteraction: false,\n\t\t\t\t},\n\t\t\t\tpagination: {\n\t\t\t\t\tel: \".swiper-pagination\",\n\t\t\t\t\tclickable: true,\n\t\t\t\t},\n\t\t\t});\n\t\t<\/script>\n\t<\/div>\n<\/section><\/div><\/div><\/div><\/div><div id=\"pg-6394-1\" class=\"panel-grid panel-has-style\"><div class=\"container panel-row-style panel-row-style-for-6394-1\"><div id=\"pgc-6394-1-0\" class=\"panel-grid-cell\"><div id=\"panel-6394-1-0-0\" class=\"widget_text \" data-index=\"1\"><div class=\"textwidget custom-html-widget\"><section class=\"statistics\">\n\t<div class=\"wrapper\">\n\t\t<div class=\"wrapper--25 statistic\">\n\t\t\t<div class=\"statistic__number\">30<\/div>\n\t\t\t<h3>years of <br>\n\t\t\t\texperience.<\/h3>\n\t\t<\/div>\n\t\t<div class=\"wrapper--25 statistic\">\n\t\t\t<div class=\"statistic__number\">15<\/div>\n\t\t\t<h3>countries.<\/h3>\n\t\t\t<p class=\"text\">Argentina, Brazil, Chile, Colombia, Costa Rica, Dominican Republic, Ecuador, Guatemala, M\u00e9xico, Panam\u00e1, Paraguay, Per\u00fa, USA,\n\t\t\t Uruguay, Venezuela<\/p>\n\t\t\t<a href=\"https:\/\/contractworkplaces.com\/en\/contact-contract-workplaces\/#where\" class=\"link--simple\">view more<\/a>\n\t\t<\/div>\n\t\t<div class=\"wrapper--25 statistic\">\n\t\t\t<div class=\"statistic__number\"><span>+<\/span>400<\/div>\n\t\t\t<h3>Specialized<br>\nprofessionals.<\/h3>\n\t\t\t<a href=\"https:\/\/contractworkplaces.com\/en\/our-team-contract-wokplaces\/\" class=\"link--simple\">view more<\/a>\n\t\t<\/div>\n\t\t<div class=\"wrapper--25 statistic\">\n\t\t\t<div class=\"statistic__number\"><span>+<\/span>2350<\/div>\n\t\t\t<h3>Projects<br>\n\t\t\t\tbuilt.<\/h3>\n\t\t\t<a href=\"https:\/\/contractworkplaces.com\/en\/outstanding-cases-2\/\" class=\"link--simple\">view more<\/a>\n\t\t<\/div>\n\t<\/div>\n<\/section><\/div><\/div><div id=\"panel-6394-1-0-1\" class=\"widget_text \" data-index=\"2\"><div class=\"textwidget custom-html-widget\"><section class=\"workmorehuman\">\n\t<div class=\"wrapper\">\n\t\t<div class=\"wrapper__col workmorehuman__intro\">\n\t\t\t<p>Our purpose is to humanize workspaces by designing experiences that enhance talent, well-being and productivity.<\/p>\n\t\t\t<h2><span>#<\/span>workmorehuman<\/h2>\n\t\t<\/div>\n\t\t<div class=\"wrapper__col workmorehuman__text\">\n\t\t\t<p class=\"text\">Prioritizing people is ensuring their well-being and safety, listening to their needs and transforming the space to give them the support they need. In this way we will build a team that is efficient and productive but, above all, happy and committed, which is more important. Only in this way will the motivation emerge so that everyone can display their talent and give their best.<\/p>\n\t\t<\/div>\n\t<\/div>\n<\/section><\/div><\/div><\/div><\/div><\/div><div id=\"pg-6394-2\" class=\"panel-grid panel-has-style\"><div class=\"container panel-row-style panel-row-style-for-6394-2\"><div id=\"pgc-6394-2-0\" class=\"panel-grid-cell\"><div id=\"panel-6394-2-0-0\" class=\"\" data-index=\"3\"><div class=\"so-widget-gfxbucket-video so-widget-gfxbucket-video-video-style-d75171398898-6394\"><div class=\"video-wrapper\"><iframe src=\"https:\/\/www.youtube.com\/embed\/ZwkjZnIrFVk?loop=1&amp;playlist=ZwkjZnIrFVk\" frameborder=\"0\" allowfullscreen=\"allowfullscreen\"><\/iframe><\/div><\/div><\/div><\/div><\/div><\/div><div id=\"pg-6394-3\" class=\"panel-grid panel-no-style\"><div id=\"pgc-6394-3-0\" class=\"panel-grid-cell\"><div id=\"panel-6394-3-0-0\" class=\"widget_text \" data-index=\"4\"><div class=\"textwidget custom-html-widget\"><section class=\"partnerships\">\n\t<div class=\"section__title\">\n\t\t<h3>Memberships &amp; partnerships<\/h3>\n\t<\/div>\n\t<div class=\"text\">At Contract Workplaces, we work together with leading international organizations in the world of workspaces, which allows us to have a global reach and keeps us updated with the latest global trends for offices.<\/div>\n\n\t<div class=\"wrapper\">\n\t\t<div class=\"partnerships__grid\">\n\t\t\t\n\t\t\t<div class=\"partner\">\n\t\t\t\t<a href=\"https:\/\/contractworkplaces.com\/worktech\/\" target=\"_blank\">\n\t\t\t\t\t<img decoding=\"async\" src=\"https:\/\/contractworkplaces.com\/web\/wp-content\/uploads\/nosotros\/logo-worktech.png\" alt=\"Worktech\">\n\t\t\t\t\t<h3>Worktech<\/h3>\n\t\t\t\t\t<p class=\"text\">We are exclusive licensees in Latin America of the international benchmark conference dedicated to the future of work and workspaces.<\/p>\n\t\t\t\t<\/a>\n\t\t\t<\/div>\n\t\t\t\n\t\t\t<div class=\"partner\">\n\t\t\t\t<a href=\"https:\/\/www.worktechacademy.com\/category\/contenido-espanoles\/\" target=\"_blank\">\n\t\t\t\t\t<img decoding=\"async\" src=\"https:\/\/contractworkplaces.com\/web\/wp-content\/uploads\/nosotros\/logo-worktech-academy.png\" alt=\"Worktech Academy\">\n\t\t\t\t\t<h3>Worktech Academy<\/h3>\n\t\t\t\t\t<p class=\"text\">Members of the global online knowledge network that explores the future of work, the workplace and innovation.\n<\/p>\n\t\t\t\t<\/a>\n\t\t\t<\/div>\n\t\t\t\n\t\t\t<div class=\"partner\">\n\t\t\t\t<a href=\"https:\/\/www.theunitedworkplace.com\/global-reach\/contract-workplaces\" target=\"_blank\">\n\t\t\t\t\t<img decoding=\"async\" src=\"https:\/\/contractworkplaces.com\/web\/wp-content\/uploads\/nosotros\/logo-tuw.png\" alt=\"The United Workplace\">\n\t\t\t\t\t<h3>The United Workplace<\/h3>\n\t\t\t\t\t<p class=\"text\">Partners of the international network of companies that share a passion for the workplace: inspiring design, innovation and a culture of collaboration.<\/p>\n\t\t\t\t<\/a>\n\t\t\t<\/div>\n\t\t\t\n\t\t\t<div class=\"partner\">\n\t\t\t\t<img decoding=\"async\" src=\"https:\/\/contractworkplaces.com\/web\/wp-content\/uploads\/nosotros\/logo-qbiq.png\" alt=\"qbiq\">\n\t\t\t\t<h3>qbiq<\/h3>\n\t\t\t\t<p class=\"text\">We are exclusive licensees in Latin America of the cutting-edge AI-powered platform developed to create layout plans automatically in 24 hours.<\/p>\n\t\t\t<\/div> \n\t\t\t\n\t\t\t<div class=\"partner\">\n\t\t\t\t<img decoding=\"async\" src=\"https:\/\/contractworkplaces.com\/web\/wp-content\/uploads\/nosotros\/logo-kauel.png\" alt=\"Kauel\">\n\t\t\t\t<h3>Kauel<\/h3>\n\t\t\t\t<p class=\"text\">Working alongside with the computer and electronic engineering company, we are creating the metaverse of offices.<\/p>\n\t\t\t<\/div>\n\t\t\t\n\t\t\t<div class=\"partner\">\n\t\t\t\t<img decoding=\"async\" src=\"https:\/\/contractworkplaces.com\/web\/wp-content\/uploads\/nosotros\/logo-delos.png\" alt=\"Delos\">\n\t\t\t\t<h3>Delos<\/h3>\n\t\t\t\t<p class=\"text\">Partners of the leading international organization on the issues of improving health and well-being in the spaces where we live, work and learn.<\/p>\n\t\t\t<\/div>\n\t\t\t\n\t\t\t<div class=\"partner\">\n\t\t\t\t<img decoding=\"async\" src=\"https:\/\/contractworkplaces.com\/web\/wp-content\/uploads\/nosotros\/logo-well.png\" alt=\"International Well Building Institute\">\n\t\t\t\t<h3>International Well Building Institute<\/h3>\n\t\t\t\t<p class=\"text\">Members of the global movement to transform our buildings and communities in ways that help people thrive.<\/p>\n\t\t\t<\/div> \n\t\t\t\n\t\t<\/div>\n\t<\/div>\n<\/section><\/div><\/div><\/div><\/div><\/div>","protected":false},"excerpt":{"rendered":"<p>We are Contract Workplaces. Offices Per\u00fa Offices Chile Offices Ecuador Offices Argentina Offices Colombia Offices Uruguay Offices Paraguay 30 years of experience. 15 countries. Argentina, Brazil, Chile, Colombia, Costa Rica, Dominican Republic, Ecuador, Guatemala, M\u00e9xico, Panam\u00e1, Paraguay, Per\u00fa, USA, Uruguay, Venezuela view more +400 Specialized professionals. view more +2350 Projects built. view more Our purpose&#8230;<\/p>\n","protected":false},"author":6,"featured_media":0,"parent":0,"menu_order":0,"comment_status":"closed","ping_status":"closed","template":"","meta":{"_acf_changed":false,"content-type":"","footnotes":""},"class_list":["post-6394","page","type-page","status-publish","hentry"],"acf":[],"_links":{"self":[{"href":"https:\/\/contractworkplaces.com\/en\/wp-json\/wp\/v2\/pages\/6394","targetHints":{"allow":["GET"]}}],"collection":[{"href":"https:\/\/contractworkplaces.com\/en\/wp-json\/wp\/v2\/pages"}],"about":[{"href":"https:\/\/contractworkplaces.com\/en\/wp-json\/wp\/v2\/types\/page"}],"author":[{"embeddable":true,"href":"https:\/\/contractworkplaces.com\/en\/wp-json\/wp\/v2\/users\/6"}],"replies":[{"embeddable":true,"href":"https:\/\/contractworkplaces.com\/en\/wp-json\/wp\/v2\/comments?post=6394"}],"version-history":[{"count":3,"href":"https:\/\/contractworkplaces.com\/en\/wp-json\/wp\/v2\/pages\/6394\/revisions"}],"predecessor-version":[{"id":18827,"href":"https:\/\/contractworkplaces.com\/en\/wp-json\/wp\/v2\/pages\/6394\/revisions\/18827"}],"wp:attachment":[{"href":"https:\/\/contractworkplaces.com\/en\/wp-json\/wp\/v2\/media?parent=6394"}],"curies":[{"name":"wp","href":"https:\/\/api.w.org\/{rel}","templated":true}]}}