{"id":323,"date":"2015-12-14T20:34:37","date_gmt":"2015-12-14T23:34:37","guid":{"rendered":"http:\/\/contractworkplaces.com\/staging\/?page_id=323"},"modified":"2025-08-27T12:37:05","modified_gmt":"2025-08-27T15:37:05","slug":"outstanding-cases","status":"publish","type":"page","link":"https:\/\/contractworkplaces.com\/en\/outstanding-cases\/","title":{"rendered":"Outstanding Cases"},"content":{"rendered":"<div id=\"pl-323\" class=\"panel-layout\"><div id=\"pg-323-0\" class=\"panel-grid panel-has-style\"><div class=\"panel-row-style panel-row-style-for-323-0\"><div id=\"pgc-323-0-0\" class=\"panel-grid-cell\"><div id=\"panel-323-0-0-0\" class=\"\" data-index=\"0\"><div class=\"panel-widget-style panel-widget-style-for-323-0-0-0\">\t\t\t<div class=\"textwidget\"><div class=\"filter fixed-top\" id=\"FilterContainer\"><\/div>\n\n\n\n\n\n<\/div>\n\t\t<\/div><\/div><\/div><\/div><\/div><div id=\"pg-323-1\" class=\"panel-grid panel-has-style\"><div class=\"panel-row-style panel-row-style-for-323-1\"><div id=\"pgc-323-1-0\" class=\"panel-grid-cell panel-grid-cell-empty\"><\/div><\/div><\/div><div id=\"pg-323-2\" class=\"panel-grid panel-has-style\"><div class=\"text-padding panel-row-style panel-row-style-for-323-2\"><div id=\"pgc-323-2-0\" class=\"panel-grid-cell panel-grid-cell-empty\"><\/div><div id=\"pgc-323-2-1\" class=\"panel-grid-cell\"><div id=\"panel-323-2-1-0\" class=\"\" data-index=\"1\"><div class=\"so-widget-gfxbucket-title so-widget-gfxbucket-title-title-style-d75171398898-323\"><h2 class=\"section-title\" id=\"casosDestTitle\">Outstanding Cases<\/h2><\/div><\/div><div id=\"panel-323-2-1-1\" class=\"\" data-index=\"2\"><div class=\"so-widget-gfxbucket-visual-editor so-widget-gfxbucket-visual-editor-style-d75171398898-323\">Our methodology makes sure that customers obtain the corporate space that best suits their activities, brand identity and philosophy, creating an environment that maximizes the working team\u2019s performance.<\/div><\/div><\/div><div id=\"pgc-323-2-2\" class=\"panel-grid-cell\"><div id=\"panel-323-2-2-0\" class=\"widget_text \" data-index=\"3\"><div class=\"textwidget custom-html-widget\"><div class=\"resp-wrapper\"><div class=\"resp-container\"><iframe src=\"https:\/\/www.youtube.com\/embed\/_tCFmeL-DvE\" title=\"YouTube video player\" frameborder=\"0\" allow=\"accelerometer; autoplay; clipboard-write; encrypted-media; gyroscope; picture-in-picture\" allowfullscreen><\/iframe>\n<\/div><\/div>\n<style>\n\t.resp-wrapper {\n    width: 100%;\nmax-width:560px;\n    height: 100%;\n}\n\t.resp-container {\n    position: relative;\n    overflow: hidden;\n    padding-top: 56.25%;\n}\n.resp-container iframe {\n    position: absolute;\n    top: 0;\n    left: 0;\n    width: 100%;\n    height: 100%;\n    border: 0;\n}\n<\/style><\/div><\/div><\/div><\/div><\/div><div id=\"pg-323-3\" class=\"panel-grid panel-has-style\"><div class=\"panel-row-style panel-row-style-for-323-3\"><div id=\"pgc-323-3-0\" class=\"panel-grid-cell\"><div id=\"panel-323-3-0-0\" class=\"\" data-index=\"4\">\t\t\t<div class=\"textwidget\"><div id=\"listadoCom\" class=\"ancla\"><\/div>\n\n\n\n\n\n\n<\/div>\n\t\t<\/div><div id=\"panel-323-3-0-1\" class=\"\" data-index=\"5\"><div class=\"panel-widget-style panel-widget-style-for-323-3-0-1\">\t\t\t<div class=\"textwidget\"><div id=\"GridContainer\"><\/div>\n\n\n\n\n<\/div>\n\t\t<\/div><\/div><\/div><\/div><\/div><div id=\"pg-323-4\" class=\"panel-grid panel-has-style\"><div class=\"panel-row-style panel-row-style-for-323-4\"><div id=\"pgc-323-4-0\" class=\"panel-grid-cell\"><div id=\"panel-323-4-0-0\" class=\"\" data-index=\"6\">\t\t\t<div class=\"textwidget\"><script>\nfunction topFilter(){\n\t\tnum = jQuery('.filter').offset().top;\n\n\t\tjQuery(window).bind('scroll', function() {\n         if (jQuery(window).scrollTop() > num) {\n             jQuery('.fixed-top').addClass('fixed-top-affix');\n         }\n         else {\n             num = jQuery('.filter').offset().top;\n             jQuery('.fixed-top').removeClass('fixed-top-affix');\n         }\n    });\n}\njQuery( document ).ready(function() {\n                       topFilter();\n\t\t\tjQuery( window ).resize(function() {\n\t\t\t\ttopFilter();\n\t\t\t});\n});\n<\/script><\/div>\n\t\t<\/div><div id=\"panel-323-4-0-1\" class=\"\" data-index=\"7\"><div class=\"container panel-widget-style panel-widget-style-for-323-4-0-1\"><h3 class=\"widget-title\">Complete case list<\/h3>\t\t\t<div class=\"textwidget\"><div id=\"ListContainer\"><\/div>\n<\/div>\n\t\t<\/div><\/div><\/div><\/div><\/div><div id=\"pg-323-5\" class=\"panel-grid panel-no-style\"><div id=\"pgc-323-5-0\" class=\"panel-grid-cell\"><div id=\"panel-323-5-0-0\" class=\"widget_text \" data-index=\"8\"><div class=\"textwidget custom-html-widget\"><!-- CTA -->\n<div class=\"cta\"><h2 class=\"o-h2\"><span class=\"u-block\">Let's Talk<\/span> about your project!<\/h2><div class=\"cta__image\"><img decoding=\"async\" src=\"https:\/\/contractworkplaces.com\/web\/wp-content\/uploads\/2023\/08\/hablemos.jpg\" alt=\"Hablemos\"><a href=\"#\" class=\"o-btn\">Send your enquiry<\/a><\/div><\/div><div class=\"modal modal--hablemos\"><div class=\"modal__close close--hablemos\"><svg xmlns=\"https:\/\/www.w3.org\/2000\/svg\" width=\"28.243\" height=\"28.243\"><g id=\"icon_close\" data-name=\"close\" transform=\"translate(488.621 -23.379)\"><line id=\"line_1\" data-name=\"line 1\" x2=\"24\" y2=\"24\" transform=\"translate(-486.5 25.5)\" fill=\"none\" stroke=\"#fff\" stroke-linecap=\"round\" stroke-width=\"2\"><\/line><line id=\"line_2\" data-name=\"line 2\" x1=\"24\" y2=\"24\" transform=\"translate(-486.5 25.5)\" fill=\"none\" stroke=\"#fff\" stroke-linecap=\"round\" stroke-width=\"2\"><\/line><\/g><\/svg><\/div><div class=\"modal__container\">\n<div class=\"wpcf7 no-js\" id=\"wpcf7-f5527-o1\" lang=\"en-US\" dir=\"ltr\" data-wpcf7-id=\"5527\">\n<div class=\"screen-reader-response\"><p role=\"status\" aria-live=\"polite\" aria-atomic=\"true\"><\/p> <ul><\/ul><\/div>\n<form action=\"\/en\/wp-json\/wp\/v2\/pages\/323#wpcf7-f5527-o1\" method=\"post\" class=\"wpcf7-form init\" aria-label=\"Contact form\" novalidate=\"novalidate\" data-status=\"init\">\n<div style=\"display: none;\">\n<input type=\"hidden\" name=\"_wpcf7\" value=\"5527\" \/>\n<input type=\"hidden\" name=\"_wpcf7_version\" value=\"6.0.4\" \/>\n<input type=\"hidden\" name=\"_wpcf7_locale\" value=\"en_US\" \/>\n<input type=\"hidden\" name=\"_wpcf7_unit_tag\" value=\"wpcf7-f5527-o1\" \/>\n<input type=\"hidden\" name=\"_wpcf7_container_post\" value=\"0\" \/>\n<input type=\"hidden\" name=\"_wpcf7_posted_data_hash\" value=\"\" \/>\n<input type=\"hidden\" name=\"_wpcf7_recaptcha_response\" value=\"\" \/>\n<\/div>\n<p>Choose a country <span class=\"wpcf7-form-control-wrap\" data-name=\"your-contacto\"><select class=\"wpcf7-form-control wpcf7-select wpcf7-validates-as-required\" aria-required=\"true\" aria-invalid=\"false\" name=\"your-contacto\"><option value=\"\">&#8212;Please choose an option&#8212;<\/option><option value=\"Argentina\">Argentina<\/option><option value=\"Bolivia\">Bolivia<\/option><option value=\"Brasil\">Brasil<\/option><option value=\"Chile\">Chile<\/option><option value=\"Colombia\">Colombia<\/option><option value=\"Costa Rica\">Costa Rica<\/option><option value=\"Ecuador\">Ecuador<\/option><option value=\"M\u00e9xico\">M\u00e9xico<\/option><option value=\"Panam\u00e1\">Panam\u00e1<\/option><option value=\"Paraguay\">Paraguay<\/option><option value=\"Per\u00fa\">Per\u00fa<\/option><option value=\"Uruguay\">Uruguay<\/option><\/select><\/span>\n<\/p>\n<p><span class=\"wpcf7-form-control-wrap\" data-name=\"your-name\"><input size=\"40\" maxlength=\"400\" class=\"wpcf7-form-control wpcf7-text wpcf7-validates-as-required\" aria-required=\"true\" aria-invalid=\"false\" placeholder=\"Name *\" value=\"\" type=\"text\" name=\"your-name\" \/><\/span>\n<\/p>\n<p><span class=\"wpcf7-form-control-wrap\" data-name=\"your-company\"><input size=\"40\" maxlength=\"400\" class=\"wpcf7-form-control wpcf7-text\" aria-invalid=\"false\" placeholder=\"Company\" value=\"\" type=\"text\" name=\"your-company\" \/><\/span>\n<\/p>\n<p><span class=\"wpcf7-form-control-wrap\" data-name=\"your-country\"><input size=\"40\" maxlength=\"400\" class=\"wpcf7-form-control wpcf7-text\" aria-invalid=\"false\" placeholder=\"Country\" value=\"\" type=\"text\" name=\"your-country\" \/><\/span>\n<\/p>\n<p><span class=\"wpcf7-form-control-wrap\" data-name=\"your-email\"><input size=\"40\" maxlength=\"400\" class=\"wpcf7-form-control wpcf7-email wpcf7-validates-as-required wpcf7-text wpcf7-validates-as-email\" aria-required=\"true\" aria-invalid=\"false\" placeholder=\"Email *\" value=\"\" type=\"email\" name=\"your-email\" \/><\/span>\n<\/p>\n<p><span class=\"wpcf7-form-control-wrap\" data-name=\"your-telephone\"><input size=\"40\" maxlength=\"400\" class=\"wpcf7-form-control wpcf7-text\" aria-invalid=\"false\" placeholder=\"Tel\" value=\"\" type=\"text\" name=\"your-telephone\" \/><\/span>\n<\/p>\n<p><span class=\"wpcf7-form-control-wrap\" data-name=\"your-message\"><textarea cols=\"40\" rows=\"10\" maxlength=\"2000\" class=\"wpcf7-form-control wpcf7-textarea wpcf7-validates-as-required\" aria-required=\"true\" aria-invalid=\"false\" placeholder=\"Message *\" name=\"your-message\"><\/textarea><\/span>\n<\/p>\n<p><input class=\"wpcf7-form-control wpcf7-submit has-spinner\" type=\"submit\" value=\"Send\" \/>\n<\/p><div class=\"wpcf7-response-output\" aria-hidden=\"true\"><\/div>\n<\/form>\n<\/div>\n<\/div><\/div>\n<script>\n  \/\/ Hablemos\n  const triggerHablemos = document.querySelector('.cta a');\n  const closeHablemos = document.querySelector('.close--hablemos');\n\n  triggerHablemos.addEventListener('click', function () {\n    event.preventDefault();\n    document.querySelector('body').classList.toggle('is--hablemos');\n  });\n\n  closeHablemos.addEventListener('click', function () {\n    document.querySelector('body').classList.toggle('is--hablemos');\n  });\n<\/script>\n\n<style>\n.cta {\n    padding: 80px 0;\n}\n<\/style><\/div><\/div><\/div><\/div><\/div>","protected":false},"excerpt":{"rendered":"<p>Outstanding CasesOur methodology makes sure that customers obtain the corporate space that best suits their activities, brand identity and philosophy, creating an environment that maximizes the working team\u2019s performance. Complete case list Let&#8217;s Talk about your project!Send your enquiry Choose a country &#8212;Please choose an option&#8212;ArgentinaBoliviaBrasilChileColombiaCosta RicaEcuadorM\u00e9xicoPanam\u00e1ParaguayPer\u00faUruguay<\/p>\n","protected":false},"author":6,"featured_media":0,"parent":0,"menu_order":0,"comment_status":"closed","ping_status":"closed","template":"","meta":{"_acf_changed":false,"content-type":"","footnotes":""},"class_list":["post-323","page","type-page","status-publish","hentry"],"acf":[],"_links":{"self":[{"href":"https:\/\/contractworkplaces.com\/en\/wp-json\/wp\/v2\/pages\/323","targetHints":{"allow":["GET"]}}],"collection":[{"href":"https:\/\/contractworkplaces.com\/en\/wp-json\/wp\/v2\/pages"}],"about":[{"href":"https:\/\/contractworkplaces.com\/en\/wp-json\/wp\/v2\/types\/page"}],"author":[{"embeddable":true,"href":"https:\/\/contractworkplaces.com\/en\/wp-json\/wp\/v2\/users\/6"}],"replies":[{"embeddable":true,"href":"https:\/\/contractworkplaces.com\/en\/wp-json\/wp\/v2\/comments?post=323"}],"version-history":[{"count":3,"href":"https:\/\/contractworkplaces.com\/en\/wp-json\/wp\/v2\/pages\/323\/revisions"}],"predecessor-version":[{"id":18297,"href":"https:\/\/contractworkplaces.com\/en\/wp-json\/wp\/v2\/pages\/323\/revisions\/18297"}],"wp:attachment":[{"href":"https:\/\/contractworkplaces.com\/en\/wp-json\/wp\/v2\/media?parent=323"}],"curies":[{"name":"wp","href":"https:\/\/api.w.org\/{rel}","templated":true}]}}