{"id":2363,"date":"2016-03-14T18:10:19","date_gmt":"2016-03-14T21:10:19","guid":{"rendered":"http:\/\/contractworkplaces.com\/staging\/?page_id=2363"},"modified":"2021-12-16T02:17:09","modified_gmt":"2021-12-16T05:17:09","slug":"be-a-supplier","status":"publish","type":"page","link":"https:\/\/contractworkplaces.com\/en\/be-a-supplier\/","title":{"rendered":"Be a Supplier"},"content":{"rendered":"<div id=\"pl-2363\"  class=\"panel-layout\" ><div id=\"pg-2363-0\"  class=\"panel-grid panel-has-style\" ><div class=\"panel-row-style panel-row-style-for-2363-0\" ><div id=\"pgc-2363-0-0\"  class=\"panel-grid-cell\" ><div id=\"panel-2363-0-0-0\" class=\"\" data-index=\"0\" ><\/div><\/div><\/div><\/div><div id=\"pg-2363-1\"  class=\"panel-grid panel-has-style\" ><div class=\"panel-row-style panel-row-style-for-2363-1\" ><div id=\"pgc-2363-1-0\"  class=\"panel-grid-cell panel-grid-cell-empty\" ><\/div><div id=\"pgc-2363-1-1\"  class=\"panel-grid-cell panel-grid-cell-mobile-last\" ><div id=\"panel-2363-1-1-0\" class=\"\" data-index=\"1\" ><div class=\"panel-widget-style panel-widget-style-for-2363-1-1-0\" ><div\n\t\t\t\n\t\t\tclass=\"so-widget-gfxbucket-visual-editor so-widget-gfxbucket-visual-editor-style-d75171398898-2363\"\n\t\t\t\n\t\t><h1 style=\"text-align: center;\">I want to be a supplier<\/h1>\n<blockquote class=\"style-2\" style=\"text-align: center;\">If you are interested in being part of our staff of suppliers, enter your company information and we will get in touch soon.<\/blockquote><\/div><\/div><\/div><\/div><div id=\"pgc-2363-1-2\"  class=\"panel-grid-cell panel-grid-cell-empty\" ><\/div><\/div><\/div><div id=\"pg-2363-2\"  class=\"panel-grid panel-no-style\" ><div id=\"pgc-2363-2-0\"  class=\"panel-grid-cell panel-grid-cell-empty\" ><\/div><div id=\"pgc-2363-2-1\"  class=\"panel-grid-cell panel-grid-cell-mobile-last\" ><div id=\"panel-2363-2-1-0\" class=\"\" data-index=\"2\" ><div class=\"panel-widget-style panel-widget-style-for-2363-2-1-0\" ><div\n\t\t\t\n\t\t\tclass=\"so-widget-gfxbucket-contact-form-7 so-widget-gfxbucket-contact-form-7-style-d75171398898-2363\"\n\t\t\t\n\t\t>\n<div class=\"wpcf7 no-js\" id=\"wpcf7-f5530-o1\" lang=\"es-ES\" dir=\"ltr\" data-wpcf7-id=\"5530\">\n<div class=\"screen-reader-response\"><p role=\"status\" aria-live=\"polite\" aria-atomic=\"true\"><\/p> <ul><\/ul><\/div>\n<form action=\"\/en\/wp-json\/wp\/v2\/pages\/2363#wpcf7-f5530-o1\" method=\"post\" class=\"wpcf7-form init\" aria-label=\"Contact form\" enctype=\"multipart\/form-data\" novalidate=\"novalidate\" data-status=\"init\">\n<div style=\"display: none;\">\n<input type=\"hidden\" name=\"_wpcf7\" value=\"5530\" \/>\n<input type=\"hidden\" name=\"_wpcf7_version\" value=\"6.0.4\" \/>\n<input type=\"hidden\" name=\"_wpcf7_locale\" value=\"es_ES\" \/>\n<input type=\"hidden\" name=\"_wpcf7_unit_tag\" value=\"wpcf7-f5530-o1\" \/>\n<input type=\"hidden\" name=\"_wpcf7_container_post\" value=\"0\" \/>\n<input type=\"hidden\" name=\"_wpcf7_posted_data_hash\" value=\"\" \/>\n<input type=\"hidden\" name=\"_wpcf7_recaptcha_response\" value=\"\" \/>\n<\/div>\n<p>\n<div class=\"wpcf7-response-output\" aria-hidden=\"true\"><\/div>\n<\/p>\n<h2>Company information\n<\/h2>\n<p><span class=\"wpcf7-form-control-wrap\" data-name=\"nombreEmpresa\"><input size=\"40\" maxlength=\"400\" class=\"wpcf7-form-control wpcf7-text wpcf7-validates-as-required\" aria-required=\"true\" aria-invalid=\"false\" placeholder=\"Company name\" value=\"\" type=\"text\" name=\"nombreEmpresa\" \/><\/span>\n<\/p>\n<p><span class=\"wpcf7-form-control-wrap\" data-name=\"domicilioempres\"><input size=\"40\" maxlength=\"400\" class=\"wpcf7-form-control wpcf7-text\" aria-invalid=\"false\" placeholder=\"Company adress:\" value=\"\" type=\"text\" name=\"domicilioempres\" \/><\/span>\n<\/p>\n<p><span class=\"wpcf7-form-control-wrap\" data-name=\"codigopostal\"><input size=\"40\" maxlength=\"400\" class=\"wpcf7-form-control wpcf7-text\" aria-invalid=\"false\" placeholder=\"Zip code:\" value=\"\" type=\"text\" name=\"codigopostal\" \/><\/span>\n<\/p>\n<p><span class=\"wpcf7-form-control-wrap\" data-name=\"provincia\"><input size=\"40\" maxlength=\"400\" class=\"wpcf7-form-control wpcf7-text wpcf7-validates-as-required\" aria-required=\"true\" aria-invalid=\"false\" placeholder=\"Province\/State\/Locality:\" value=\"\" type=\"text\" name=\"provincia\" \/><\/span><span class=\"wpcf7-form-control-wrap\" data-name=\"Pais\"><select class=\"wpcf7-form-control wpcf7-select wpcf7-validates-as-required\" aria-required=\"true\" aria-invalid=\"false\" name=\"Pais\"><option value=\"Country:\">Country:<\/option><option value=\"Argentina\">Argentina<\/option><option value=\"Bolivia\">Bolivia<\/option><option value=\"Colombia\">Colombia<\/option><option value=\"Chile\">Chile<\/option><option value=\"Ecuador\">Ecuador<\/option><option value=\"M\u00e9xico\">M\u00e9xico<\/option><option value=\"Panam\u00e1\">Panam\u00e1<\/option><option value=\"Paraguay\">Paraguay<\/option><option value=\"Per\u00fa\">Per\u00fa<\/option><option value=\"Uruguay\">Uruguay<\/option><\/select><\/span>\n<\/p>\n<p><span class=\"wpcf7-form-control-wrap\" data-name=\"Telefono\"><input class=\"wpcf7-form-control wpcf7-number wpcf7-validates-as-required wpcf7-validates-as-number\" aria-required=\"true\" aria-invalid=\"false\" placeholder=\"Phone number:\" value=\"\" type=\"number\" name=\"Telefono\" \/><\/span>\n<\/p>\n<p><span class=\"wpcf7-form-control-wrap\" data-name=\"Fax\"><input class=\"wpcf7-form-control wpcf7-number wpcf7-validates-as-number\" aria-invalid=\"false\" placeholder=\"Fax:\" value=\"\" type=\"number\" name=\"Fax\" \/><\/span>\n<\/p>\n<p><span class=\"wpcf7-form-control-wrap\" data-name=\"sitioWeb\"><input size=\"40\" maxlength=\"400\" class=\"wpcf7-form-control wpcf7-text\" aria-invalid=\"false\" placeholder=\"Website:\" value=\"\" type=\"text\" name=\"sitioWeb\" \/><\/span>\n<\/p>\n<p><span class=\"wpcf7-form-control-wrap\" data-name=\"obrasRelevantes\"><input size=\"40\" maxlength=\"400\" class=\"wpcf7-form-control wpcf7-text\" aria-invalid=\"false\" placeholder=\"Relevant reference works:\" value=\"\" type=\"text\" name=\"obrasRelevantes\" \/><\/span>\n<\/p>\n<p><span class=\"wpcf7-form-control-wrap\" data-name=\"empleadosRel\"><input class=\"wpcf7-form-control wpcf7-number wpcf7-validates-as-number\" aria-invalid=\"false\" placeholder=\"Employees:\" value=\"\" type=\"number\" name=\"empleadosRel\" \/><\/span>\n<\/p>\n<p>[text clientes placeholder \"Clients: (Separate with \",\")\"]\n<\/p>\n<p><span style=\"float:left; font-weight:bold; margin: 0 1em 0 0\">Attach additional information:<\/span><span class=\"wpcf7-form-control-wrap\" data-name=\"archivoCV\"><input size=\"40\" class=\"wpcf7-form-control wpcf7-file\" id=\"archivoCV\" accept=\".pdf,.doc,.txt,.docx\" aria-invalid=\"false\" type=\"file\" name=\"archivoCV\" \/><\/span>\n<\/p>\n<p>Files .doc, .docx, .txt y .pdf hasta 10mb.\n<\/p>\n<h2>Contact details\n<\/h2>\n<p><span class=\"wpcf7-form-control-wrap\" data-name=\"nombreContaco\"><input size=\"40\" maxlength=\"400\" class=\"wpcf7-form-control wpcf7-text wpcf7-validates-as-required\" aria-required=\"true\" aria-invalid=\"false\" placeholder=\"Name and Surname:\" value=\"\" type=\"text\" name=\"nombreContaco\" \/><\/span>\n<\/p>\n<p><span class=\"wpcf7-form-control-wrap\" data-name=\"cargoContacto\"><input size=\"40\" maxlength=\"400\" class=\"wpcf7-form-control wpcf7-text\" aria-invalid=\"false\" placeholder=\"Position:\" value=\"\" type=\"text\" name=\"cargoContacto\" \/><\/span>\n<\/p>\n<p><span class=\"wpcf7-form-control-wrap\" data-name=\"email-191\"><input size=\"40\" maxlength=\"400\" class=\"wpcf7-form-control wpcf7-email wpcf7-validates-as-required wpcf7-text wpcf7-validates-as-email\" aria-required=\"true\" aria-invalid=\"false\" placeholder=\"Email:\" value=\"\" type=\"email\" name=\"email-191\" \/><\/span>\n<\/p>\n<p><span class=\"wpcf7-form-control-wrap\" data-name=\"TelefonoCelular\"><input class=\"wpcf7-form-control wpcf7-number wpcf7-validates-as-number\" aria-invalid=\"false\" placeholder=\"Cell phone:\" value=\"\" type=\"number\" name=\"TelefonoCelular\" \/><\/span>\n<\/p>\n<h2>Areas covered by your company\n<\/h2>\n<p><span class=\"wpcf7-form-control-wrap\" data-name=\"rubro\"><span class=\"wpcf7-form-control wpcf7-checkbox wpcf7-validates-as-required\"><span class=\"wpcf7-list-item first\"><input type=\"checkbox\" name=\"rubro[]\" value=\"Accessories\" \/><span class=\"wpcf7-list-item-label\">Accessories<\/span><\/span><span class=\"wpcf7-list-item\"><input type=\"checkbox\" name=\"rubro[]\" value=\"Insulations\" \/><span class=\"wpcf7-list-item-label\">Insulations<\/span><\/span><span class=\"wpcf7-list-item\"><input type=\"checkbox\" name=\"rubro[]\" value=\"Brickwork\" \/><span class=\"wpcf7-list-item-label\">Brickwork<\/span><\/span><span class=\"wpcf7-list-item\"><input type=\"checkbox\" name=\"rubro[]\" value=\"Mobile filing cabinets\" \/><span class=\"wpcf7-list-item-label\">Mobile filing cabinets<\/span><\/span><span class=\"wpcf7-list-item\"><input type=\"checkbox\" name=\"rubro[]\" value=\"Light devices\" \/><span class=\"wpcf7-list-item-label\">Light devices<\/span><\/span><span class=\"wpcf7-list-item\"><input type=\"checkbox\" name=\"rubro[]\" value=\"Bathroom fixtures and taps\" \/><span class=\"wpcf7-list-item-label\">Bathroom fixtures and taps<\/span><\/span><span class=\"wpcf7-list-item\"><input type=\"checkbox\" name=\"rubro[]\" value=\"Seats\" \/><span class=\"wpcf7-list-item-label\">Seats<\/span><\/span><span class=\"wpcf7-list-item\"><input type=\"checkbox\" name=\"rubro[]\" value=\"Aluminum carpentry\" \/><span class=\"wpcf7-list-item-label\">Aluminum carpentry<\/span><\/span><span class=\"wpcf7-list-item\"><input type=\"checkbox\" name=\"rubro[]\" value=\"Wood carpentry and fittings\" \/><span class=\"wpcf7-list-item-label\">Wood carpentry and fittings<\/span><\/span><span class=\"wpcf7-list-item\"><input type=\"checkbox\" name=\"rubro[]\" value=\"Gypsum board ceiling\" \/><span class=\"wpcf7-list-item-label\">Gypsum board ceiling<\/span><\/span><span class=\"wpcf7-list-item\"><input type=\"checkbox\" name=\"rubro[]\" value=\"Modular ceiling\" \/><span class=\"wpcf7-list-item-label\">Modular ceiling<\/span><\/span><span class=\"wpcf7-list-item\"><input type=\"checkbox\" name=\"rubro[]\" value=\"Special ceilings\" \/><span class=\"wpcf7-list-item-label\">Special ceilings<\/span><\/span><span class=\"wpcf7-list-item\"><input type=\"checkbox\" name=\"rubro[]\" value=\"Closed-circuit television\" \/><span class=\"wpcf7-list-item-label\">Closed-circuit television<\/span><\/span><span class=\"wpcf7-list-item\"><input type=\"checkbox\" name=\"rubro[]\" value=\"Curtains and blinds\" \/><span class=\"wpcf7-list-item-label\">Curtains and blinds<\/span><\/span><span class=\"wpcf7-list-item\"><input type=\"checkbox\" name=\"rubro[]\" value=\"Window panes\" \/><span class=\"wpcf7-list-item-label\">Window panes<\/span><\/span><span class=\"wpcf7-list-item\"><input type=\"checkbox\" name=\"rubro[]\" value=\"Demolition\" \/><span class=\"wpcf7-list-item-label\">Demolition<\/span><\/span><span class=\"wpcf7-list-item\"><input type=\"checkbox\" name=\"rubro[]\" value=\"Mobile dividers\" \/><span class=\"wpcf7-list-item-label\">Mobile dividers<\/span><\/span><span class=\"wpcf7-list-item\"><input type=\"checkbox\" name=\"rubro[]\" value=\"Reinforced concrete structure\" \/><span class=\"wpcf7-list-item-label\">Reinforced concrete structure<\/span><\/span><span class=\"wpcf7-list-item\"><input type=\"checkbox\" name=\"rubro[]\" value=\"Metal structure\" \/><span class=\"wpcf7-list-item-label\">Metal structure<\/span><\/span><span class=\"wpcf7-list-item\"><input type=\"checkbox\" name=\"rubro[]\" value=\"Graphics and signage\" \/><span class=\"wpcf7-list-item-label\">Graphics and signage<\/span><\/span><span class=\"wpcf7-list-item\"><input type=\"checkbox\" name=\"rubro[]\" value=\"Power generator\" \/><span class=\"wpcf7-list-item-label\">Power generator<\/span><\/span><span class=\"wpcf7-list-item\"><input type=\"checkbox\" name=\"rubro[]\" value=\"Blacksmithing\" \/><span class=\"wpcf7-list-item-label\">Blacksmithing<\/span><\/span><span class=\"wpcf7-list-item\"><input type=\"checkbox\" name=\"rubro[]\" value=\"Intrusion alarm installation\" \/><span class=\"wpcf7-list-item-label\">Intrusion alarm installation<\/span><\/span><span class=\"wpcf7-list-item\"><input type=\"checkbox\" name=\"rubro[]\" value=\"Air conditioning and heating installation\" \/><span class=\"wpcf7-list-item-label\">Air conditioning and heating installation<\/span><\/span><span class=\"wpcf7-list-item\"><input type=\"checkbox\" name=\"rubro[]\" value=\"Structured wiring installation\" \/><span class=\"wpcf7-list-item-label\">Structured wiring installation<\/span><\/span><span class=\"wpcf7-list-item\"><input type=\"checkbox\" name=\"rubro[]\" value=\"Access control installation\" \/><span class=\"wpcf7-list-item-label\">Access control installation<\/span><\/span><span class=\"wpcf7-list-item\"><input type=\"checkbox\" name=\"rubro[]\" value=\"Gas installation\" \/><span class=\"wpcf7-list-item-label\">Gas installation<\/span><\/span><span class=\"wpcf7-list-item\"><input type=\"checkbox\" name=\"rubro[]\" value=\"Fire detection installation\" \/><span class=\"wpcf7-list-item-label\">Fire detection installation<\/span><\/span><span class=\"wpcf7-list-item\"><input type=\"checkbox\" name=\"rubro[]\" value=\"Electrical installation\" \/><span class=\"wpcf7-list-item-label\">Electrical installation<\/span><\/span><span class=\"wpcf7-list-item\"><input type=\"checkbox\" name=\"rubro[]\" value=\"Domotics and automation installation\" \/><span class=\"wpcf7-list-item-label\">Domotics and automation installation<\/span><\/span><span class=\"wpcf7-list-item\"><input type=\"checkbox\" name=\"rubro[]\" value=\"Fire extinguishing system installation\" \/><span class=\"wpcf7-list-item-label\">Fire extinguishing system installation<\/span><\/span><span class=\"wpcf7-list-item\"><input type=\"checkbox\" name=\"rubro[]\" value=\"Sanitary installation\" \/><span class=\"wpcf7-list-item-label\">Sanitary installation<\/span><\/span><span class=\"wpcf7-list-item\"><input type=\"checkbox\" name=\"rubro[]\" value=\"Air extraction and ventilation installation\" \/><span class=\"wpcf7-list-item-label\">Air extraction and ventilation installation<\/span><\/span><span class=\"wpcf7-list-item\"><input type=\"checkbox\" name=\"rubro[]\" value=\"Construction cleaning\" \/><span class=\"wpcf7-list-item-label\">Construction cleaning<\/span><\/span><span class=\"wpcf7-list-item\"><input type=\"checkbox\" name=\"rubro[]\" value=\"Door canopies\" \/><span class=\"wpcf7-list-item-label\">Door canopies<\/span><\/span><span class=\"wpcf7-list-item\"><input type=\"checkbox\" name=\"rubro[]\" value=\"Countertops\" \/><span class=\"wpcf7-list-item-label\">Countertops<\/span><\/span><span class=\"wpcf7-list-item\"><input type=\"checkbox\" name=\"rubro[]\" value=\"Furniture\" \/><span class=\"wpcf7-list-item-label\">Furniture<\/span><\/span><span class=\"wpcf7-list-item\"><input type=\"checkbox\" name=\"rubro[]\" value=\"Moving services\" \/><span class=\"wpcf7-list-item-label\">Moving services<\/span><\/span><span class=\"wpcf7-list-item\"><input type=\"checkbox\" name=\"rubro[]\" value=\"Special furniture\" \/><span class=\"wpcf7-list-item-label\">Special furniture<\/span><\/span><span class=\"wpcf7-list-item\"><input type=\"checkbox\" name=\"rubro[]\" value=\"Landscaping\" \/><span class=\"wpcf7-list-item-label\">Landscaping<\/span><\/span><span class=\"wpcf7-list-item\"><input type=\"checkbox\" name=\"rubro[]\" value=\"Painting\" \/><span class=\"wpcf7-list-item-label\">Painting<\/span><\/span><span class=\"wpcf7-list-item\"><input type=\"checkbox\" name=\"rubro[]\" value=\"Carpeted floors\" \/><span class=\"wpcf7-list-item-label\">Carpeted floors<\/span><\/span><span class=\"wpcf7-list-item\"><input type=\"checkbox\" name=\"rubro[]\" value=\"Tile floors \/ porcellanato tiles\" \/><span class=\"wpcf7-list-item-label\">Tile floors \/ porcellanato tiles<\/span><\/span><span class=\"wpcf7-list-item\"><input type=\"checkbox\" name=\"rubro[]\" value=\"Wooden \/ floating floors\" \/><span class=\"wpcf7-list-item-label\">Wooden \/ floating floors<\/span><\/span><span class=\"wpcf7-list-item\"><input type=\"checkbox\" name=\"rubro[]\" value=\"Special floors\" \/><span class=\"wpcf7-list-item-label\">Special floors<\/span><\/span><span class=\"wpcf7-list-item\"><input type=\"checkbox\" name=\"rubro[]\" value=\"Access floors\" \/><span class=\"wpcf7-list-item-label\">Access floors<\/span><\/span><span class=\"wpcf7-list-item\"><input type=\"checkbox\" name=\"rubro[]\" value=\"Vinyl \/ linoleum \/ PVC \/ rubber floors\" \/><span class=\"wpcf7-list-item-label\">Vinyl \/ linoleum \/ PVC \/ rubber floors<\/span><\/span><span class=\"wpcf7-list-item\"><input type=\"checkbox\" name=\"rubro[]\" value=\"Fine stone floors and coverings\" \/><span class=\"wpcf7-list-item-label\">Fine stone floors and coverings<\/span><\/span><span class=\"wpcf7-list-item\"><input type=\"checkbox\" name=\"rubro[]\" value=\"Wall tiling \/ porcellanato\" \/><span class=\"wpcf7-list-item-label\">Wall tiling \/ porcellanato<\/span><\/span><span class=\"wpcf7-list-item\"><input type=\"checkbox\" name=\"rubro[]\" value=\"Wood coverings\" \/><span class=\"wpcf7-list-item-label\">Wood coverings<\/span><\/span><span class=\"wpcf7-list-item\"><input type=\"checkbox\" name=\"rubro[]\" value=\"Special coverings\" \/><span class=\"wpcf7-list-item-label\">Special coverings<\/span><\/span><span class=\"wpcf7-list-item\"><input type=\"checkbox\" name=\"rubro[]\" value=\"Multimedia systems\" \/><span class=\"wpcf7-list-item-label\">Multimedia systems<\/span><\/span><span class=\"wpcf7-list-item\"><input type=\"checkbox\" name=\"rubro[]\" value=\"Air conditioning systems and equipment\" \/><span class=\"wpcf7-list-item-label\">Air conditioning systems and equipment<\/span><\/span><span class=\"wpcf7-list-item\"><input type=\"checkbox\" name=\"rubro[]\" value=\"Software\" \/><span class=\"wpcf7-list-item-label\">Software<\/span><\/span><span class=\"wpcf7-list-item\"><input type=\"checkbox\" name=\"rubro[]\" value=\"Gypsum board partitions\" \/><span class=\"wpcf7-list-item-label\">Gypsum board partitions<\/span><\/span><span class=\"wpcf7-list-item\"><input type=\"checkbox\" name=\"rubro[]\" value=\"Partitions according to system\" \/><span class=\"wpcf7-list-item-label\">Partitions according to system<\/span><\/span><span class=\"wpcf7-list-item\"><input type=\"checkbox\" name=\"rubro[]\" value=\"Telephony\" \/><span class=\"wpcf7-list-item-label\">Telephony<\/span><\/span><span class=\"wpcf7-list-item\"><input type=\"checkbox\" name=\"rubro[]\" value=\"Upss\" \/><span class=\"wpcf7-list-item-label\">Upss<\/span><\/span><span class=\"wpcf7-list-item last\"><input type=\"checkbox\" name=\"rubro[]\" value=\"Baseboards and chair rails\" \/><span class=\"wpcf7-list-item-label\">Baseboards and chair rails<\/span><\/span><\/span><\/span>\n<\/p>\n<p><span class=\"wpcf7-form-control-wrap\" data-name=\"otrosRubros\"><input size=\"40\" maxlength=\"400\" class=\"wpcf7-form-control wpcf7-text\" aria-invalid=\"false\" placeholder=\"Other areas:\" value=\"\" type=\"text\" name=\"otrosRubros\" \/><\/span>\n<\/p>\n<p>\n<div class=\"wpcf7-response-output\" aria-hidden=\"true\"><\/div>\n<\/p>\n<p>\n<input class=\"wpcf7-form-control wpcf7-submit has-spinner\" type=\"submit\" value=\"Send\" \/>\n<\/p>\n<\/form>\n<\/div>\n<\/div><\/div><\/div><\/div><div id=\"pgc-2363-2-2\"  class=\"panel-grid-cell panel-grid-cell-empty\" ><\/div><\/div><div id=\"pg-2363-3\"  class=\"panel-grid panel-no-style\" ><div id=\"pgc-2363-3-0\"  class=\"panel-grid-cell panel-grid-cell-empty\" ><\/div><div id=\"pgc-2363-3-1\"  class=\"panel-grid-cell panel-grid-cell-empty panel-grid-cell-mobile-last\" ><\/div><div id=\"pgc-2363-3-2\"  class=\"panel-grid-cell panel-grid-cell-empty\" ><\/div><\/div><\/div>","protected":false},"excerpt":{"rendered":"<p>I want to be a supplier If you are interested in being part of our staff of suppliers, enter your company information and we will get in touch soon. Company information Country:ArgentinaBoliviaColombiaChileEcuadorM\u00e9xicoPanam\u00e1ParaguayPer\u00faUruguay [text clientes placeholder &#8220;Clients: (Separate with &#8220;,&#8221;)&#8221;] Attach additional information: Files .doc, .docx, .txt y .pdf hasta 10mb. Contact details Areas covered by&#8230;<\/p>\n","protected":false},"author":6,"featured_media":0,"parent":0,"menu_order":0,"comment_status":"closed","ping_status":"closed","template":"","meta":{"_acf_changed":false,"content-type":"","footnotes":""},"class_list":["post-2363","page","type-page","status-publish","hentry"],"acf":[],"_links":{"self":[{"href":"https:\/\/contractworkplaces.com\/en\/wp-json\/wp\/v2\/pages\/2363","targetHints":{"allow":["GET"]}}],"collection":[{"href":"https:\/\/contractworkplaces.com\/en\/wp-json\/wp\/v2\/pages"}],"about":[{"href":"https:\/\/contractworkplaces.com\/en\/wp-json\/wp\/v2\/types\/page"}],"author":[{"embeddable":true,"href":"https:\/\/contractworkplaces.com\/en\/wp-json\/wp\/v2\/users\/6"}],"replies":[{"embeddable":true,"href":"https:\/\/contractworkplaces.com\/en\/wp-json\/wp\/v2\/comments?post=2363"}],"version-history":[{"count":1,"href":"https:\/\/contractworkplaces.com\/en\/wp-json\/wp\/v2\/pages\/2363\/revisions"}],"predecessor-version":[{"id":14897,"href":"https:\/\/contractworkplaces.com\/en\/wp-json\/wp\/v2\/pages\/2363\/revisions\/14897"}],"wp:attachment":[{"href":"https:\/\/contractworkplaces.com\/en\/wp-json\/wp\/v2\/media?parent=2363"}],"curies":[{"name":"wp","href":"https:\/\/api.w.org\/{rel}","templated":true}]}}